{"id":34958,"date":"2020-10-28T13:39:22","date_gmt":"2020-10-28T10:39:22","guid":{"rendered":"https:\/\/hqstore.ro\/index.php\/product\/tastaturi-kit-tastatura-mouse-microsoft-ergonomic-for-business-rjy-00021\/"},"modified":"2023-05-27T23:08:47","modified_gmt":"2023-05-27T20:08:47","slug":"tastaturi-kit-tastatura-mouse-microsoft-ergonomic-for-business-rjy-00021","status":"publish","type":"product","link":"https:\/\/hqstore.ro\/index.php\/product\/tastaturi-kit-tastatura-mouse-microsoft-ergonomic-for-business-rjy-00021\/","title":{"rendered":"Kit tastatura + mouse Microsoft Ergonomic for Business"},"content":{"rendered":"<p><span style=\"font-family: Arial;font-size: 12px\"><\/span><\/p>\n<div id=\"coreui-banner-lbx7n58\" style=\"color: #000000;font-size: 15px;min-height: 1px\" data-module-id=\"WDG.Accessories|primaryR2|coreui-region|coreui-banner-lbx7n58|coreui-banner\" data-m=\"{&quot;cN&quot;:&quot;R2Banner 3&quot;,&quot;cT&quot;:&quot;Module_coreui-banner&quot;,&quot;id&quot;:&quot;m2r2a2&quot;,&quot;sN&quot;:2,&quot;aN&quot;:&quot;r2a2&quot;}\">\n<div class=\"m-banner\" style=\"clear: both;float: none;margin-left: auto;margin-right: auto;max-width: 100%;min-height: 1px;padding-top: 48px;text-align: center;width: 100%\" data-grid=\"col-12\">\n<h2 class=\"c-heading-3\" style=\"font-size: 34px;font-weight: 600;line-height: 40px;margin-bottom: 0px;margin-top: 0px;padding-bottom: 2px\">Confort &icirc;ntreaga zi<\/h2>\n<p class=\"c-caption-2\" style=\"font-size: 11px;line-height: 16px;margin-bottom: 0px;margin-top: 0px;padding-bottom: 4px;padding-top: 4px\">\n<p style=\"margin-bottom: 0px;margin-top: 0px\">Design rafinat, care ofer\u0103 confort &icirc;ntreaga zi \u0219i control precis.<\/p>\n<p style=\"margin-bottom: 0px;margin-top: 0px\">&nbsp;<\/p>\n<p style=\"margin-bottom: 0px;margin-top: 0px\">Cod produs: RJY-00021 (negru mat)<\/p>\n<p style=\"margin-bottom: 0px;margin-top: 0px\">\n<\/div>\n<\/div>\n<p><span style=\"background-color: #ffffff;color: #000000;font-family: 'Segoe UI', SegoeUI, 'Helvetica Neue', Helvetica, Arial, sans-serif;font-size: 15px\"> <\/span><\/p>\n<div id=\"coreui-structuredlistv2-zmkh0a3\" style=\"color: #000000;font-size: 15px;min-height: 1px\" data-module-id=\"WDG.Accessories|primaryR2|coreui-region|coreui-structuredlistv2-zmkh0a3|coreui-structuredlistv2\" data-m=\"{&quot;cN&quot;:&quot;R2StructuredListV2 1&quot;,&quot;cT&quot;:&quot;Module_coreui-structuredlistv2&quot;,&quot;id&quot;:&quot;m3r2a2&quot;,&quot;sN&quot;:3,&quot;aN&quot;:&quot;r2a2&quot;}\">\n<div class=\"m-structured-list\" style=\"float: left;min-height: 1px;padding-top: 48px;width: 100%\" data-grid=\"col-12\">\n<div class=\"c-structured-list\" style=\"float: left;margin-bottom: 24px;margin-top: 24px;min-height: 1px;width: 100%\" data-grid=\"col-12 stack-4\">\n<ul class=\"f-column\" style=\"float: left;list-style-type: none;margin-bottom: 0px;min-height: 1px;padding-right: 10px;width: 50%\" data-grid=\"col-6\">\n<li class=\"f-row\" style=\"float: left;width: 100%\">\n<div class=\"x-truncate\" style=\"float: left;min-height: 1px;overflow: hidden;padding-bottom: 8px;padding-left: 24px;padding-top: 8px;width: 16.66%\" data-grid=\"col-2 stack-2\"><img decoding=\"async\" title=\"O pictogram\u0103 cu o tastatur\u0103\" class=\"c-image lazyloaded\" alt=\"O pictogram\u0103 cu o tastatur\u0103\" src=\"https:\/\/img-prod-cms-rt-microsoft-com.akamaized.net\/cms\/api\/am\/imageFileData\/RE3WMVR?ver=812f&amp;q=90&amp;m=6&amp;h=35&amp;w=80&amp;b=%23FFFFFFFF&amp;l=f&amp;o=t&amp;aim=true\" style=\"border-color: currentcolor;border-style: none;height: auto;max-width: 100%;vertical-align: middle\" data-src=\"https:\/\/img-prod-cms-rt-microsoft-com.akamaized.net\/cms\/api\/am\/imageFileData\/RE3WMVR?ver=812f&amp;q=90&amp;m=6&amp;h=35&amp;w=80&amp;b=%23FFFFFFFF&amp;l=f&amp;o=t&amp;aim=true\" \/><\/div>\n<div style=\"float: left;min-height: 1px;padding: 8px 12px 8px 24px;width: 83.33%\" data-grid=\"col-10\">\n<div class=\"c-paragraph-3\" style=\"line-height: 20px\">\n<h3 style=\"margin-bottom: 0px;margin-top: 0px\"><span style=\"font-weight: 600\">Suport excelent<\/span><\/h3>\n<p style=\"margin-bottom: 0px;margin-top: 0px\">Zona moale &icirc;mbun\u0103t\u0103\u021bit\u0103 \u0219i suportul de palm\u0103 ergonomic, acoperit cu material premium, asigur\u0103 confort pe tot parcursul zilei \u0219i promoveaz\u0103 o postur\u0103 neutr\u0103 la nivelul &icirc;ncheieturii.<\/p>\n<\/div>\n<\/div>\n<\/li>\n<li class=\"f-row\" style=\"float: left;width: 100%\">\n<div class=\"x-truncate\" style=\"float: left;min-height: 1px;overflow: hidden;padding-bottom: 8px;padding-left: 24px;padding-top: 8px;width: 16.66%\" data-grid=\"col-2 stack-2\"><img decoding=\"async\" title=\"O pictogram\u0103 cu patru butoane de tastatur\u0103 cu s\u0103ge\u021bi de direc\u021bie\" class=\"c-image lazyloaded\" alt=\"O pictogram\u0103 cu patru butoane de tastatur\u0103 cu s\u0103ge\u021bi de direc\u021bie\" src=\"https:\/\/img-prod-cms-rt-microsoft-com.akamaized.net\/cms\/api\/am\/imageFileData\/RE4xqHZ?ver=83c1&amp;q=90&amp;m=6&amp;h=35&amp;w=80&amp;b=%23FFFFFFFF&amp;l=f&amp;o=t&amp;aim=true\" style=\"border-color: currentcolor;border-style: none;height: auto;max-width: 100%;vertical-align: middle\" data-src=\"https:\/\/img-prod-cms-rt-microsoft-com.akamaized.net\/cms\/api\/am\/imageFileData\/RE4xqHZ?ver=83c1&amp;q=90&amp;m=6&amp;h=35&amp;w=80&amp;b=%23FFFFFFFF&amp;l=f&amp;o=t&amp;aim=true\" \/><\/div>\n<div style=\"float: left;min-height: 1px;padding: 8px 12px 8px 24px;width: 83.33%\" data-grid=\"col-10\">\n<div class=\"c-paragraph-3\" style=\"line-height: 20px\">\n<h3 style=\"margin-bottom: 0px;margin-top: 0px\"><span style=\"font-weight: 600\">Comenzi rapide &icirc;ncorporate<\/span><\/h3>\n<p style=\"margin-bottom: 0px;margin-top: 0px\">Cre\u0219te\u021bi productivitatea cu tastele func\u021bionale dedicate pentru Office 365, emoji, c\u0103utare, acces u\u0219or la comenzile pentru con\u021binutul media \u0219i multe altele.<span style=\"font-size: 0.8em;line-height: 0;vertical-align: baseline\">1<\/span> Pute\u021bi personaliza tastele pentru Office 365 \u0219i pentru introducerea expresiilor (emoji) prin intermediul Centrului pentru mouse \u0219i tastatur\u0103.<span style=\"font-size: 0.8em;line-height: 0;vertical-align: baseline\">2<\/span><\/p>\n<\/div>\n<\/div>\n<\/li>\n<li class=\"f-row\" style=\"float: left;width: 100%\">\n<div class=\"x-truncate\" style=\"float: left;min-height: 1px;overflow: hidden;padding-bottom: 8px;padding-left: 24px;padding-top: 8px;width: 16.66%\" data-grid=\"col-2 stack-2\"><img decoding=\"async\" title=\"O pictogram\u0103 cu dou\u0103 ecrane de computer\" class=\"c-image lazyloaded\" alt=\"O pictogram\u0103 cu dou\u0103 ecrane de computer\" src=\"https:\/\/img-prod-cms-rt-microsoft-com.akamaized.net\/cms\/api\/am\/imageFileData\/RE4xqI2?ver=3539&amp;q=90&amp;m=6&amp;h=35&amp;w=80&amp;b=%23FFFFFFFF&amp;l=f&amp;o=t&amp;aim=true\" style=\"border-color: currentcolor;border-style: none;height: auto;max-width: 100%;vertical-align: middle\" data-src=\"https:\/\/img-prod-cms-rt-microsoft-com.akamaized.net\/cms\/api\/am\/imageFileData\/RE4xqI2?ver=3539&amp;q=90&amp;m=6&amp;h=35&amp;w=80&amp;b=%23FFFFFFFF&amp;l=f&amp;o=t&amp;aim=true\" \/><\/div>\n<div style=\"float: left;min-height: 1px;padding: 8px 12px 8px 24px;width: 83.33%\" data-grid=\"col-10\">\n<div class=\"c-paragraph-3\" style=\"line-height: 20px\">\n<h3 style=\"margin-bottom: 0px;margin-top: 0px\"><span style=\"font-weight: 600\">Un nou mod de a captura ecranul<\/span><\/h3>\n<p style=\"margin-bottom: 0px;margin-top: 0px\">Gata cu combina\u021biile de taste. Utiliza\u021bi tasta de decupare &icirc;ncorporat\u0103 pentru a captura ceea ce ave\u021bi nevoie, rapid \u0219i eficient.<\/p>\n<\/div>\n<\/div>\n<\/li>\n<\/ul>\n<ul class=\"f-column\" style=\"float: left;list-style-type: none;margin-bottom: 0px;min-height: 1px;padding-left: 10px;width: 50%\" data-grid=\"col-6\">\n<li class=\"f-row\" style=\"float: left;width: 100%\">\n<div class=\"x-truncate\" style=\"float: left;min-height: 1px;overflow: hidden;padding-bottom: 8px;padding-left: 24px;padding-top: 8px;width: 16.66%\" data-grid=\"col-2 stack-2\"><img decoding=\"async\" title=\"O pictogram\u0103 de conectare la cap\u0103tul firului\" class=\"c-image lazyloaded\" alt=\"O pictogram\u0103 de conectare la cap\u0103tul firului\" src=\"https:\/\/img-prod-cms-rt-microsoft-com.akamaized.net\/cms\/api\/am\/imageFileData\/RE3WSgb?ver=c8fb&amp;q=90&amp;m=6&amp;h=35&amp;w=80&amp;b=%23FFFFFFFF&amp;l=f&amp;o=t&amp;aim=true\" style=\"border-color: currentcolor;border-style: none;height: auto;max-width: 100%;vertical-align: middle\" data-src=\"https:\/\/img-prod-cms-rt-microsoft-com.akamaized.net\/cms\/api\/am\/imageFileData\/RE3WSgb?ver=c8fb&amp;q=90&amp;m=6&amp;h=35&amp;w=80&amp;b=%23FFFFFFFF&amp;l=f&amp;o=t&amp;aim=true\" \/><\/div>\n<div style=\"float: left;min-height: 1px;padding: 8px 12px 8px 24px;width: 83.33%\" data-grid=\"col-10\">\n<div class=\"c-paragraph-3\" style=\"line-height: 20px\">\n<h3 style=\"margin-bottom: 0px;margin-top: 0px\"><span style=\"font-weight: 600\">Conceput pentru a rezista<\/span><\/h3>\n<p style=\"margin-bottom: 0px;margin-top: 0px\">Design u\u0219or, durabil \u0219i cu fir, pentru vitez\u0103, precizie \u0219i fiabilitate.<\/p>\n<\/div>\n<\/div>\n<\/li>\n<li class=\"f-row\" style=\"float: left;width: 100%\">\n<div class=\"x-truncate\" style=\"float: left;min-height: 1px;overflow: hidden;padding-bottom: 8px;padding-left: 24px;padding-top: 8px;width: 16.66%\" data-grid=\"col-2 stack-2\"><img decoding=\"async\" title=\"O pictogram\u0103 cu un mouse cu s\u0103ge\u021bi &icirc;n sus, &icirc;n jos \u0219i &icirc;n lateral\n\" class=\"c-image lazyloaded\" alt=\"O pictogram\u0103 cu un mouse cu s\u0103ge\u021bi &icirc;n sus, &icirc;n jos \u0219i &icirc;n lateral\n\" src=\"https:\/\/img-prod-cms-rt-microsoft-com.akamaized.net\/cms\/api\/am\/imageFileData\/RE3WS70?ver=a227&amp;q=90&amp;m=6&amp;h=35&amp;w=80&amp;b=%23FFFFFFFF&amp;l=f&amp;o=t&amp;aim=true\" style=\"border-color: currentcolor;border-style: none;height: auto;max-width: 100%;vertical-align: middle\" data-src=\"https:\/\/img-prod-cms-rt-microsoft-com.akamaized.net\/cms\/api\/am\/imageFileData\/RE3WS70?ver=a227&amp;q=90&amp;m=6&amp;h=35&amp;w=80&amp;b=%23FFFFFFFF&amp;l=f&amp;o=t&amp;aim=true\" \/><\/div>\n<div style=\"float: left;min-height: 1px;padding: 8px 12px 8px 24px;width: 83.33%\" data-grid=\"col-10\">\n<div class=\"c-paragraph-3\" style=\"line-height: 20px\">\n<h3 style=\"margin-bottom: 0px;margin-top: 0px\"><span style=\"font-weight: 600\">Senzor de urm\u0103rire precis<\/span><\/h3>\n<p style=\"margin-bottom: 0px;margin-top: 0px\">Func\u021bioneaz\u0103 pe o varietate de suprafe\u021be de la birou, gra\u021bie tehnologiei Microsoft BlueTrack&trade;.<\/p>\n<\/div>\n<\/div>\n<\/li>\n<li class=\"f-row\" style=\"float: left;width: 100%\">\n<div class=\"x-truncate\" style=\"float: left;min-height: 1px;overflow: hidden;padding-bottom: 8px;padding-left: 24px;padding-top: 8px;width: 16.66%\" data-grid=\"col-2 stack-2\"><img decoding=\"async\" title=\"O pictogram\u0103 cu panoul numeric de pe o tastatur\u0103\" class=\"c-image lazyloaded\" alt=\"O pictogram\u0103 cu panoul numeric de pe o tastatur\u0103\" src=\"https:\/\/img-prod-cms-rt-microsoft-com.akamaized.net\/cms\/api\/am\/imageFileData\/RE3WXlD?ver=2448&amp;q=90&amp;m=6&amp;h=35&amp;w=80&amp;b=%23FFFFFFFF&amp;l=f&amp;o=t&amp;aim=true\" style=\"border-color: currentcolor;border-style: none;height: auto;max-width: 100%;vertical-align: middle\" data-src=\"https:\/\/img-prod-cms-rt-microsoft-com.akamaized.net\/cms\/api\/am\/imageFileData\/RE3WXlD?ver=2448&amp;q=90&amp;m=6&amp;h=35&amp;w=80&amp;b=%23FFFFFFFF&amp;l=f&amp;o=t&amp;aim=true\" \/><\/div>\n<div style=\"float: left;min-height: 1px;padding: 8px 12px 8px 24px;width: 83.33%\" data-grid=\"col-10\">\n<div class=\"c-paragraph-3\" style=\"line-height: 20px\">\n<h3 style=\"margin-bottom: 0px;margin-top: 0px\"><span style=\"font-weight: 600\">Multitasking adaptat cerin\u021belor dvs.<\/span><\/h3>\n<p style=\"margin-bottom: 0px;margin-top: 0px\">Dou\u0103 butoane programabile<span style=\"font-size: 0.8em;line-height: 0;vertical-align: baseline\">1<\/span> v\u0103 permit s\u0103 personaliza\u021bi produsul pentru ac\u021biunile cele mai frecvente.<\/p>\n<\/div>\n<\/div>\n<\/li>\n<\/ul>\n<\/div>\n<\/div>\n<\/div>\n","protected":false},"excerpt":{"rendered":"<p>Confort &icirc;ntreaga zi Design rafinat, care ofer\u0103 confort &icirc;ntreaga zi \u0219i control precis. &nbsp; Cod produs: RJY-00021 (negru mat) Suport excelent Zona moale &icirc;mbun\u0103t\u0103\u021bit\u0103 \u0219i suportul de palm\u0103 ergonomic, acoperit cu material premium, asigur\u0103 confort pe tot parcursul zilei \u0219i promoveaz\u0103 o postur\u0103 neutr\u0103 la nivelul &icirc;ncheieturii. Comenzi rapide &icirc;ncorporate Cre\u0219te\u021bi productivitatea cu tastele func\u021bionale<span class=\"read-more-faq\"><a href=\"https:\/\/hqstore.ro\/index.php\/product\/tastaturi-kit-tastatura-mouse-microsoft-ergonomic-for-business-rjy-00021\/\">Read More<\/a><\/span><\/p>\n","protected":false},"featured_media":34959,"comment_status":"open","ping_status":"closed","template":"","meta":[],"product_cat":[319],"product_tag":[],"_links":{"self":[{"href":"https:\/\/hqstore.ro\/index.php\/wp-json\/wp\/v2\/product\/34958"}],"collection":[{"href":"https:\/\/hqstore.ro\/index.php\/wp-json\/wp\/v2\/product"}],"about":[{"href":"https:\/\/hqstore.ro\/index.php\/wp-json\/wp\/v2\/types\/product"}],"replies":[{"embeddable":true,"href":"https:\/\/hqstore.ro\/index.php\/wp-json\/wp\/v2\/comments?post=34958"}],"wp:featuredmedia":[{"embeddable":true,"href":"https:\/\/hqstore.ro\/index.php\/wp-json\/wp\/v2\/media\/34959"}],"wp:attachment":[{"href":"https:\/\/hqstore.ro\/index.php\/wp-json\/wp\/v2\/media?parent=34958"}],"wp:term":[{"taxonomy":"product_cat","embeddable":true,"href":"https:\/\/hqstore.ro\/index.php\/wp-json\/wp\/v2\/product_cat?post=34958"},{"taxonomy":"product_tag","embeddable":true,"href":"https:\/\/hqstore.ro\/index.php\/wp-json\/wp\/v2\/product_tag?post=34958"}],"curies":[{"name":"wp","href":"https:\/\/api.w.org\/{rel}","templated":true}]}}