{"id":34956,"date":"2020-10-28T13:39:19","date_gmt":"2020-10-28T10:39:19","guid":{"rendered":"https:\/\/hqstore.ro\/index.php\/product\/tastaturi-kit-tastatura-mouse-microsoft-desktop-bluetooth-qhg-00021\/"},"modified":"2023-05-27T23:08:46","modified_gmt":"2023-05-27T20:08:46","slug":"tastaturi-kit-tastatura-mouse-microsoft-desktop-bluetooth-qhg-00021","status":"publish","type":"product","link":"https:\/\/hqstore.ro\/index.php\/product\/tastaturi-kit-tastatura-mouse-microsoft-desktop-bluetooth-qhg-00021\/","title":{"rendered":"Kit tastatura + mouse Microsoft Desktop Bluetooth"},"content":{"rendered":"<p><span style=\"font-family: Arial;font-size: 12px\"><\/span><\/p>\n<div id=\"coreui-banner-lbx7n58\" data-m=\"{&quot;cN&quot;:&quot;R2Banner 3&quot;,&quot;cT&quot;:&quot;Module_coreui-banner&quot;,&quot;id&quot;:&quot;m2r2a2&quot;,&quot;sN&quot;:2,&quot;aN&quot;:&quot;r2a2&quot;}\" data-module-id=\"WDG.Accessories|primaryR2|coreui-region|coreui-banner-lbx7n58|coreui-banner\" style=\"min-height: 1px;color: #000000;font-family: 'Segoe UI', SegoeUI, 'Helvetica Neue', Helvetica, Arial, sans-serif;font-size: 15px;background-color: #ffffff\">\n<div data-grid=\"col-12\" class=\"m-banner\" style=\"float: none;min-height: 1px;width: 1600.02px;padding-top: 48px;clear: both;text-align: center;max-width: 100%;margin-right: auto;margin-left: auto\">\n<h2 class=\"c-heading-3\" style=\"margin-top: 0px;margin-bottom: 0px;font-size: 34px;line-height: 40px;padding-bottom: 2px;font-weight: 600\">Modern, compact \u0219i confortabil<\/h2>\n<p class=\"c-caption-2\" style=\"margin-top: 0px;margin-bottom: 0px;font-size: 11px;line-height: 16px;padding-top: 4px;padding-bottom: 4px\">\n<p style=\"margin-top: 0px;margin-bottom: 0px\">Func\u021biile wireless permit asocierea optim\u0103 cu laptopul dvs. prin Bluetooth&reg; \u0219i ofer\u0103 o autonomie mai mare a bateriei.<span style=\"font-size: 0.8em;line-height: 0;vertical-align: baseline\">2<\/span><\/p>\n<p style=\"margin-top: 0px;margin-bottom: 0px\">&nbsp;<\/p>\n<p style=\"margin-top: 0px;margin-bottom: 0px\">Cod produs: QHG-00021 (negru mat) |&nbsp;QHG-00051 (Ghe\u021bar)<\/p>\n<p style=\"margin-top: 0px;margin-bottom: 0px\">\n<\/div>\n<\/div>\n<div id=\"coreui-structuredlistv2-zmkh0a3\" data-m=\"{&quot;cN&quot;:&quot;R2StructuredListV2 1&quot;,&quot;cT&quot;:&quot;Module_coreui-structuredlistv2&quot;,&quot;id&quot;:&quot;m3r2a2&quot;,&quot;sN&quot;:3,&quot;aN&quot;:&quot;r2a2&quot;}\" data-module-id=\"WDG.Accessories|primaryR2|coreui-region|coreui-structuredlistv2-zmkh0a3|coreui-structuredlistv2\" style=\"min-height: 1px;color: #000000;font-family: 'Segoe UI', SegoeUI, 'Helvetica Neue', Helvetica, Arial, sans-serif;font-size: 15px;background-color: #ffffff\">\n<div data-grid=\"col-12\" class=\"m-structured-list\" style=\"float: left;min-height: 1px;width: 1600.02px;padding-top: 48px\">\n<div data-grid=\"col-12 stack-4\" class=\"c-structured-list\" style=\"float: left;min-height: 1px;width: 1600.02px;margin-top: 24px;margin-bottom: 24px\">\n<ul data-grid=\"col-6\" class=\"f-column\" style=\"margin-bottom: 0px;padding-right: 10px;list-style-type: none;float: left;min-height: 1px;width: 800px\">\n<li class=\"f-row\" style=\"width: 790px;float: left\">\n<div data-grid=\"col-2 stack-2\" class=\"x-truncate\" style=\"float: left;min-height: 1px;width: 131.656px;overflow: hidden;padding-top: 8px;padding-bottom: 8px;padding-left: 24px\"><img decoding=\"async\" class=\"c-image lazyloaded\" alt=\"O pictogram\u0103 cu dou\u0103 s\u0103ge\u021bi \u0219i o suprafa\u021b\u0103 sub\u021bire &icirc;ntre ele\n\" title=\"O pictogram\u0103 cu dou\u0103 s\u0103ge\u021bi \u0219i o suprafa\u021b\u0103 sub\u021bire &icirc;ntre ele\n\" src=\"https:\/\/img-prod-cms-rt-microsoft-com.akamaized.net\/cms\/api\/am\/imageFileData\/RE3YICT?ver=bcfb&amp;q=90&amp;m=6&amp;h=35&amp;w=80&amp;b=%23FFFFFFFF&amp;l=f&amp;o=t&amp;aim=true\" data-src=\"https:\/\/img-prod-cms-rt-microsoft-com.akamaized.net\/cms\/api\/am\/imageFileData\/RE3YICT?ver=bcfb&amp;q=90&amp;m=6&amp;h=35&amp;w=80&amp;b=%23FFFFFFFF&amp;l=f&amp;o=t&amp;aim=true\" style=\"vertical-align: middle;max-width: 100%;height: auto\" \/><\/div>\n<div data-grid=\"col-10\" style=\"float: left;min-height: 1px;width: 658.328px;padding: 8px 12px 8px 24px\">\n<div class=\"c-paragraph-3\" style=\"line-height: 20px\">\n<h3 style=\"margin-top: 0px;margin-bottom: 0px\"><span style=\"font-weight: 600\">Design sub\u021bire, modern, cu o valoare excep\u021bional\u0103<\/span><\/h3>\n<p style=\"margin-top: 0px;margin-bottom: 0px\">Bucura\u021bi-v\u0103 de senza\u021bia solid\u0103 \u0219i durabil\u0103 oferit\u0103 de tastatura noastr\u0103 rafinat\u0103 c&acirc;nd lucra\u021bi &icirc;n Windows \u0219i Microsoft 365.*<\/p>\n<\/div>\n<\/div>\n<\/li>\n<li class=\"f-row\" style=\"width: 790px;float: left\">\n<div data-grid=\"col-2 stack-2\" class=\"x-truncate\" style=\"float: left;min-height: 1px;width: 131.656px;overflow: hidden;padding-top: 8px;padding-bottom: 8px;padding-left: 24px\"><img decoding=\"async\" class=\"c-image lazyloaded\" alt=\"O pictogram\u0103 cu patru butoane de tastatur\u0103 cu s\u0103ge\u021bi de direc\u021bie\n\" title=\"O pictogram\u0103 cu patru butoane de tastatur\u0103 cu s\u0103ge\u021bi de direc\u021bie\" src=\"https:\/\/img-prod-cms-rt-microsoft-com.akamaized.net\/cms\/api\/am\/imageFileData\/RE4vHBm?ver=f2c3&amp;q=90&amp;m=6&amp;h=35&amp;w=80&amp;b=%23FFFFFFFF&amp;l=f&amp;o=t&amp;aim=true\" data-src=\"https:\/\/img-prod-cms-rt-microsoft-com.akamaized.net\/cms\/api\/am\/imageFileData\/RE4vHBm?ver=f2c3&amp;q=90&amp;m=6&amp;h=35&amp;w=80&amp;b=%23FFFFFFFF&amp;l=f&amp;o=t&amp;aim=true\" style=\"vertical-align: middle;max-width: 100%;height: auto\" \/><\/div>\n<div data-grid=\"col-10\" style=\"float: left;min-height: 1px;width: 658.328px;padding: 8px 12px 8px 24px\">\n<div class=\"c-paragraph-3\" style=\"line-height: 20px\">\n<h3 style=\"margin-top: 0px;margin-bottom: 0px\"><span style=\"font-weight: 600\">Economisi\u021bi timp \u0219i cre\u0219te\u021bi productivitatea<\/span><\/h3>\n<p style=\"margin-top: 0px;margin-bottom: 0px\">Tastatura Bluetooth&reg; Microsoft &icirc;ncorporeaz\u0103 taste de comenzi rapide, inclusiv taste dedicate pentru Office*, taste de c\u0103utare \u0219i emoji, taste pentru acces rapid la comenzi pentru con\u021binut media, aplica\u021bii, decuparea ecranului, calculator, volum \u0219i multe altele. Pute\u021bi personaliza tastele pentru Microsoft 365 \u0219i pentru introducerea expresiilor (emoji) prin intermediul Centrului pentru mouse \u0219i tastatur\u0103.<span style=\"font-size: 0.8em;line-height: 0;vertical-align: baseline\">3<\/span><\/p>\n<\/div>\n<\/div>\n<\/li>\n<li class=\"f-row\" style=\"width: 790px;float: left\">\n<div data-grid=\"col-2 stack-2\" class=\"x-truncate\" style=\"float: left;min-height: 1px;width: 131.656px;overflow: hidden;padding-top: 8px;padding-bottom: 8px;padding-left: 24px\"><img decoding=\"async\" class=\"c-image lazyloaded\" alt=\"O pictogram\u0103 cu dou\u0103 ecrane de computer\" title=\"O pictogram\u0103 cu dou\u0103 ecrane de computer\" src=\"https:\/\/img-prod-cms-rt-microsoft-com.akamaized.net\/cms\/api\/am\/imageFileData\/RE4vUtm?ver=a03b&amp;q=90&amp;m=6&amp;h=35&amp;w=80&amp;b=%23FFFFFFFF&amp;l=f&amp;o=t&amp;aim=true\" data-src=\"https:\/\/img-prod-cms-rt-microsoft-com.akamaized.net\/cms\/api\/am\/imageFileData\/RE4vUtm?ver=a03b&amp;q=90&amp;m=6&amp;h=35&amp;w=80&amp;b=%23FFFFFFFF&amp;l=f&amp;o=t&amp;aim=true\" style=\"vertical-align: middle;max-width: 100%;height: auto\" \/><\/div>\n<div data-grid=\"col-10\" style=\"float: left;min-height: 1px;width: 658.328px;padding: 8px 12px 8px 24px\">\n<div class=\"c-paragraph-3\" style=\"line-height: 20px\">\n<h3 style=\"margin-top: 0px;margin-bottom: 0px\"><span style=\"font-weight: 600\">Un nou mod de a captura ecranul<\/span><\/h3>\n<p style=\"margin-top: 0px;margin-bottom: 0px\">Gata cu combina\u021biile de taste. Utiliza\u021bi tasta de decupare &icirc;ncorporat\u0103 pentru a captura ceea ce ave\u021bi nevoie, rapid \u0219i eficient.<\/p>\n<\/div>\n<\/div>\n<\/li>\n<\/ul>\n<ul data-grid=\"col-6\" class=\"f-column\" style=\"margin-bottom: 0px;padding-left: 10px;list-style-type: none;float: left;min-height: 1px;width: 800px\">\n<li class=\"f-row\" style=\"width: 790px;float: left\">\n<div data-grid=\"col-2 stack-2\" class=\"x-truncate\" style=\"float: left;min-height: 1px;width: 131.656px;overflow: hidden;padding-top: 8px;padding-bottom: 8px;padding-left: 24px\"><img decoding=\"async\" class=\"c-image lazyloaded\" alt=\"O pictogram\u0103 cu un mouse cu s\u0103ge\u021bi &icirc;n sus, &icirc;n jos \u0219i &icirc;n lateral\n\" title=\"O pictogram\u0103 cu un mouse cu s\u0103ge\u021bi &icirc;n sus, &icirc;n jos \u0219i &icirc;n lateral\n\" src=\"https:\/\/img-prod-cms-rt-microsoft-com.akamaized.net\/cms\/api\/am\/imageFileData\/RE3WS70?ver=a227&amp;q=90&amp;m=6&amp;h=35&amp;w=80&amp;b=%23FFFFFFFF&amp;l=f&amp;o=t&amp;aim=true\" data-src=\"https:\/\/img-prod-cms-rt-microsoft-com.akamaized.net\/cms\/api\/am\/imageFileData\/RE3WS70?ver=a227&amp;q=90&amp;m=6&amp;h=35&amp;w=80&amp;b=%23FFFFFFFF&amp;l=f&amp;o=t&amp;aim=true\" style=\"vertical-align: middle;max-width: 100%;height: auto\" \/><\/div>\n<div data-grid=\"col-10\" style=\"float: left;min-height: 1px;width: 658.328px;padding: 8px 12px 8px 24px\">\n<div class=\"c-paragraph-3\" style=\"line-height: 20px\">\n<h3 style=\"margin-top: 0px;margin-bottom: 0px\"><span style=\"font-weight: 600\">Navigare precis\u0103<\/span><\/h3>\n<p style=\"margin-top: 0px;margin-bottom: 0px\">Mouse-ul Bluetooth&reg; Microsoft v\u0103 permite s\u0103 lucra\u021bi la documente \u0219i site-uri web cu o roti\u021b\u0103 de derulare dedicat\u0103.* Mouse-ul are trei butoane: st&acirc;ng, mijlociu \u0219i drept.<\/p>\n<\/div>\n<\/div>\n<\/li>\n<li class=\"f-row\" style=\"width: 790px;float: left\">\n<div data-grid=\"col-2 stack-2\" class=\"x-truncate\" style=\"float: left;min-height: 1px;width: 131.656px;overflow: hidden;padding-top: 8px;padding-bottom: 8px;padding-left: 24px\"><img decoding=\"async\" class=\"c-image lazyloaded\" alt=\"O pictogram\u0103 cu o cutie care transmite un semnal\" title=\"O pictogram\u0103 cu o cutie care transmite un semnal\" src=\"https:\/\/img-prod-cms-rt-microsoft-com.akamaized.net\/cms\/api\/am\/imageFileData\/RE4vEY1?ver=4a95&amp;q=90&amp;m=6&amp;h=35&amp;w=80&amp;b=%23FFFFFFFF&amp;l=f&amp;o=t&amp;aim=true\" data-src=\"https:\/\/img-prod-cms-rt-microsoft-com.akamaized.net\/cms\/api\/am\/imageFileData\/RE4vEY1?ver=4a95&amp;q=90&amp;m=6&amp;h=35&amp;w=80&amp;b=%23FFFFFFFF&amp;l=f&amp;o=t&amp;aim=true\" style=\"vertical-align: middle;max-width: 100%;height: auto\" \/><\/div>\n<div data-grid=\"col-10\" style=\"float: left;min-height: 1px;width: 658.328px;padding: 8px 12px 8px 24px\">\n<div class=\"c-paragraph-3\" style=\"line-height: 20px\">\n<h3 style=\"margin-top: 0px;margin-bottom: 0px\"><span style=\"font-weight: 600\">Senzor de urm\u0103rire rapid<\/span><\/h3>\n<p style=\"margin-top: 0px;margin-bottom: 0px\">R\u0103m&acirc;ne\u021bi productiv chiar \u0219i c&acirc;nd sunte\u021bi &icirc;n mi\u0219care cu urm\u0103rirea fluid\u0103 pe majoritatea suprafe\u021belor.<\/p>\n<\/div>\n<\/div>\n<\/li>\n<li class=\"f-row\" style=\"width: 790px;float: left\">\n<div data-grid=\"col-2 stack-2\" class=\"x-truncate\" style=\"float: left;min-height: 1px;width: 131.656px;overflow: hidden;padding-top: 8px;padding-bottom: 8px;padding-left: 24px\"><img decoding=\"async\" class=\"c-image lazyloaded\" alt=\"O pictogram\u0103 cu un simbol Bluetooth\" title=\"O pictogram\u0103 cu un simbol Bluetooth\" src=\"https:\/\/img-prod-cms-rt-microsoft-com.akamaized.net\/cms\/api\/am\/imageFileData\/RE3WXjx?ver=29c5&amp;q=90&amp;m=6&amp;h=35&amp;w=80&amp;b=%23FFFFFFFF&amp;l=f&amp;o=t&amp;aim=true\" data-src=\"https:\/\/img-prod-cms-rt-microsoft-com.akamaized.net\/cms\/api\/am\/imageFileData\/RE3WXjx?ver=29c5&amp;q=90&amp;m=6&amp;h=35&amp;w=80&amp;b=%23FFFFFFFF&amp;l=f&amp;o=t&amp;aim=true\" style=\"vertical-align: middle;max-width: 100%;height: auto\" \/><\/div>\n<div data-grid=\"col-10\" style=\"float: left;min-height: 1px;width: 658.328px;padding: 8px 12px 8px 24px\">\n<div class=\"c-paragraph-3\" style=\"line-height: 20px\">\n<h3 style=\"margin-top: 0px;margin-bottom: 0px\"><span style=\"font-weight: 600\">Se conecteaz\u0103 &icirc;n sistem wireless<\/span><\/h3>\n<p style=\"margin-top: 0px;margin-bottom: 0px\">Conecta\u021bi-l la laptopul cu Windows prin Bluetooth&reg;. Asocia\u021bi mouse-ul la PC-ul cu Windows 10 imediat ce &icirc;l scoate\u021bi din cutie, activ&acirc;nd func\u021bia &Icirc;nperechere rapid\u0103..<span style=\"font-size: 0.8em;line-height: 0;vertical-align: baseline\">4<\/span><\/p>\n<\/div>\n<\/div>\n<\/li>\n<\/ul>\n<\/div>\n<\/div>\n<\/div>\n","protected":false},"excerpt":{"rendered":"<p>Modern, compact \u0219i confortabil Func\u021biile wireless permit asocierea optim\u0103 cu laptopul dvs. prin Bluetooth&reg; \u0219i ofer\u0103 o autonomie mai mare a bateriei.2 &nbsp; Cod produs: QHG-00021 (negru mat) |&nbsp;QHG-00051 (Ghe\u021bar) Design sub\u021bire, modern, cu o valoare excep\u021bional\u0103 Bucura\u021bi-v\u0103 de senza\u021bia solid\u0103 \u0219i durabil\u0103 oferit\u0103 de tastatura noastr\u0103 rafinat\u0103 c&acirc;nd lucra\u021bi &icirc;n Windows \u0219i Microsoft 365.*<span class=\"read-more-faq\"><a href=\"https:\/\/hqstore.ro\/index.php\/product\/tastaturi-kit-tastatura-mouse-microsoft-desktop-bluetooth-qhg-00021\/\">Read More<\/a><\/span><\/p>\n","protected":false},"featured_media":34957,"comment_status":"open","ping_status":"closed","template":"","meta":[],"product_cat":[319],"product_tag":[],"_links":{"self":[{"href":"https:\/\/hqstore.ro\/index.php\/wp-json\/wp\/v2\/product\/34956"}],"collection":[{"href":"https:\/\/hqstore.ro\/index.php\/wp-json\/wp\/v2\/product"}],"about":[{"href":"https:\/\/hqstore.ro\/index.php\/wp-json\/wp\/v2\/types\/product"}],"replies":[{"embeddable":true,"href":"https:\/\/hqstore.ro\/index.php\/wp-json\/wp\/v2\/comments?post=34956"}],"wp:featuredmedia":[{"embeddable":true,"href":"https:\/\/hqstore.ro\/index.php\/wp-json\/wp\/v2\/media\/34957"}],"wp:attachment":[{"href":"https:\/\/hqstore.ro\/index.php\/wp-json\/wp\/v2\/media?parent=34956"}],"wp:term":[{"taxonomy":"product_cat","embeddable":true,"href":"https:\/\/hqstore.ro\/index.php\/wp-json\/wp\/v2\/product_cat?post=34956"},{"taxonomy":"product_tag","embeddable":true,"href":"https:\/\/hqstore.ro\/index.php\/wp-json\/wp\/v2\/product_tag?post=34956"}],"curies":[{"name":"wp","href":"https:\/\/api.w.org\/{rel}","templated":true}]}}