{"id":33411,"date":"2020-10-28T11:00:31","date_gmt":"2020-10-28T08:00:31","guid":{"rendered":"https:\/\/hqstore.ro\/index.php\/product\/placi-de-sunet-placa-de-sunet-asus-strix-raid-dlx-usb-procesor-audio-strix-raid-dlx\/"},"modified":"2023-05-28T23:59:43","modified_gmt":"2023-05-28T20:59:43","slug":"placi-de-sunet-placa-de-sunet-asus-strix-raid-dlx-usb-procesor-audio-strix-raid-dlx","status":"publish","type":"product","link":"https:\/\/hqstore.ro\/index.php\/product\/placi-de-sunet-placa-de-sunet-asus-strix-raid-dlx-usb-procesor-audio-strix-raid-dlx\/","title":{"rendered":"Placa de sunet Asus, STRIX RAID DLX, USB, Procesor audio:"},"content":{"rendered":"<p>Placa de sunet Asus, STRIX RAID DLX, USB, Procesor audio: C-Media USB2.06632AX High-Definition Sound Processor (Max. 384KHz \/ 24bit), SNR ie\u0219ire(A-Weighted) (Frontal): 124 dB, Ie\u0219ire THD+N la 1kHz (Frontal): &gt;0.0009%(-107 dB), R\u0103spuns \u00een frecven\u021b\u0103 (intrare -3dB, 24bit\/96KHz): 10 Hz la48 KHz, Ie\u0219ire analogic\u0103: 5* jack 3.5 mm (1\/8&#8243;) (ie\u015fire C\u0103\u015fti\/ie\u015fireFa\u0163\u0103\/ie\u015fire Lateral\/ie\u015fire Centru-Subwoofer\/ie\u015fire Spate), Intrareanalogic\u0103: 1* 3.5 mm jack (1\/8&#8243;) (intrare mixt\u0103 Audio \/ Microfon) ,Digital: 1* ie\u015fire S\/PDIF (1 x Coaxial), 1 x Box Link<\/p>\n","protected":false},"excerpt":{"rendered":"<p>Placa de sunet Asus, STRIX RAID DLX, USB, Procesor audio: C-Media USB2.06632AX High-Definition Sound Processor (Max. 384KHz \/ 24bit), SNR ie\u0219ire(A-Weighted) (Frontal): 124 dB, Ie\u0219ire THD+N la 1kHz (Frontal): &gt;0.0009%(-107 dB), R\u0103spuns \u00een frecven\u021b\u0103 (intrare -3dB, 24bit\/96KHz): 10 Hz la48 KHz, Ie\u0219ire analogic\u0103: 5* jack 3.5 mm (1\/8&#8243;) (ie\u015fire C\u0103\u015fti\/ie\u015fireFa\u0163\u0103\/ie\u015fire Lateral\/ie\u015fire Centru-Subwoofer\/ie\u015fire Spate), Intrareanalogic\u0103: 1*<span class=\"read-more-faq\"><a href=\"https:\/\/hqstore.ro\/index.php\/product\/placi-de-sunet-placa-de-sunet-asus-strix-raid-dlx-usb-procesor-audio-strix-raid-dlx\/\">Read More<\/a><\/span><\/p>\n","protected":false},"featured_media":33412,"comment_status":"open","ping_status":"closed","template":"","meta":[],"product_cat":[291],"product_tag":[],"_links":{"self":[{"href":"https:\/\/hqstore.ro\/index.php\/wp-json\/wp\/v2\/product\/33411"}],"collection":[{"href":"https:\/\/hqstore.ro\/index.php\/wp-json\/wp\/v2\/product"}],"about":[{"href":"https:\/\/hqstore.ro\/index.php\/wp-json\/wp\/v2\/types\/product"}],"replies":[{"embeddable":true,"href":"https:\/\/hqstore.ro\/index.php\/wp-json\/wp\/v2\/comments?post=33411"}],"wp:featuredmedia":[{"embeddable":true,"href":"https:\/\/hqstore.ro\/index.php\/wp-json\/wp\/v2\/media\/33412"}],"wp:attachment":[{"href":"https:\/\/hqstore.ro\/index.php\/wp-json\/wp\/v2\/media?parent=33411"}],"wp:term":[{"taxonomy":"product_cat","embeddable":true,"href":"https:\/\/hqstore.ro\/index.php\/wp-json\/wp\/v2\/product_cat?post=33411"},{"taxonomy":"product_tag","embeddable":true,"href":"https:\/\/hqstore.ro\/index.php\/wp-json\/wp\/v2\/product_tag?post=33411"}],"curies":[{"name":"wp","href":"https:\/\/api.w.org\/{rel}","templated":true}]}}