{"id":33407,"date":"2020-10-28T11:00:28","date_gmt":"2020-10-28T08:00:28","guid":{"rendered":"https:\/\/hqstore.ro\/index.php\/product\/placi-de-sunet-placa-de-sunet-asus-xonar_u7_mkii-usb-procesor-audio-c-media-usb2-06632ax-xonar-u7-mkii\/"},"modified":"2023-05-28T23:59:48","modified_gmt":"2023-05-28T20:59:48","slug":"placi-de-sunet-placa-de-sunet-asus-xonar_u7_mkii-usb-procesor-audio-c-media-usb2-06632ax-xonar-u7-mkii","status":"publish","type":"product","link":"https:\/\/hqstore.ro\/index.php\/product\/placi-de-sunet-placa-de-sunet-asus-xonar_u7_mkii-usb-procesor-audio-c-media-usb2-06632ax-xonar-u7-mkii\/","title":{"rendered":"Placa de sunet Asus, Xonar_U7_MKII, USB, Procesor audio: C-Media USB2.06632AX"},"content":{"rendered":"<p>Placa de sunet Asus, Xonar_U7_MKII, USB, Procesor audio: C-Media USB2.06632AX High-Definition Sound Processor (Max. 192KHz\/24bit), SNR ie\u0219ire(A-Weighted) (Frontal): 114 dB, Ie\u0219ire THD+N la 1kHz (Frontal): &gt;0.0006%(104 dB), R\u0103spuns \u00een frecven\u021b\u0103 (intrare -3dB, 24bit\/96KHz): 10 Hz la 46KHz, Ie\u0219ire analogic\u0103: 4* jack 3.5 mm (1\/8&#8243;) (ie\u015fire C\u0103\u015fti\/ie\u015fireFa\u0163\u0103\/ie\u015fire Centru-Subwoofer\/ie\u015fire Spate), Intrare analogic\u0103: 1* 3.5 mmjack (1\/8&#8243;) (mixt Line-in\/ Microfon), Digital: 1* ie\u015fire S\/PDIF (1 xCoaxial)<\/p>\n","protected":false},"excerpt":{"rendered":"<p>Placa de sunet Asus, Xonar_U7_MKII, USB, Procesor audio: C-Media USB2.06632AX High-Definition Sound Processor (Max. 192KHz\/24bit), SNR ie\u0219ire(A-Weighted) (Frontal): 114 dB, Ie\u0219ire THD+N la 1kHz (Frontal): &gt;0.0006%(104 dB), R\u0103spuns \u00een frecven\u021b\u0103 (intrare -3dB, 24bit\/96KHz): 10 Hz la 46KHz, Ie\u0219ire analogic\u0103: 4* jack 3.5 mm (1\/8&#8243;) (ie\u015fire C\u0103\u015fti\/ie\u015fireFa\u0163\u0103\/ie\u015fire Centru-Subwoofer\/ie\u015fire Spate), Intrare analogic\u0103: 1* 3.5 mmjack (1\/8&#8243;) (mixt<span class=\"read-more-faq\"><a href=\"https:\/\/hqstore.ro\/index.php\/product\/placi-de-sunet-placa-de-sunet-asus-xonar_u7_mkii-usb-procesor-audio-c-media-usb2-06632ax-xonar-u7-mkii\/\">Read More<\/a><\/span><\/p>\n","protected":false},"featured_media":33408,"comment_status":"open","ping_status":"closed","template":"","meta":[],"product_cat":[291],"product_tag":[],"_links":{"self":[{"href":"https:\/\/hqstore.ro\/index.php\/wp-json\/wp\/v2\/product\/33407"}],"collection":[{"href":"https:\/\/hqstore.ro\/index.php\/wp-json\/wp\/v2\/product"}],"about":[{"href":"https:\/\/hqstore.ro\/index.php\/wp-json\/wp\/v2\/types\/product"}],"replies":[{"embeddable":true,"href":"https:\/\/hqstore.ro\/index.php\/wp-json\/wp\/v2\/comments?post=33407"}],"wp:featuredmedia":[{"embeddable":true,"href":"https:\/\/hqstore.ro\/index.php\/wp-json\/wp\/v2\/media\/33408"}],"wp:attachment":[{"href":"https:\/\/hqstore.ro\/index.php\/wp-json\/wp\/v2\/media?parent=33407"}],"wp:term":[{"taxonomy":"product_cat","embeddable":true,"href":"https:\/\/hqstore.ro\/index.php\/wp-json\/wp\/v2\/product_cat?post=33407"},{"taxonomy":"product_tag","embeddable":true,"href":"https:\/\/hqstore.ro\/index.php\/wp-json\/wp\/v2\/product_tag?post=33407"}],"curies":[{"name":"wp","href":"https:\/\/api.w.org\/{rel}","templated":true}]}}