{"id":30796,"date":"2020-10-28T07:10:26","date_gmt":"2020-10-28T04:10:26","guid":{"rendered":"https:\/\/hqstore.ro\/index.php\/product\/office-aplicatii-desktop-licenta-retail-microsoft-visio-standard-2019-english-d86-05829\/"},"modified":"2023-01-30T22:43:35","modified_gmt":"2023-01-30T19:43:35","slug":"office-aplicatii-desktop-licenta-retail-microsoft-visio-standard-2019-english-d86-05829","status":"publish","type":"product","link":"https:\/\/hqstore.ro\/index.php\/product\/office-aplicatii-desktop-licenta-retail-microsoft-visio-standard-2019-english-d86-05829\/","title":{"rendered":"Licenta retail Microsoft Visio Standard 2019  English"},"content":{"rendered":"<p><span style=\"font-family: Arial;font-size: 12px\"><\/span><\/p>\n<h1 style=\"margin: 0px;font-family: 'Segoe UI', SegoeUI, 'Helvetica Neue', Helvetica, Arial, sans-serif\">Visio Standard 2019<\/h1>\n<div class=\"f-dialog-scroll\" style=\"max-height: 600px;min-width: 245px;font-family: 'Segoe UI', SegoeUI, 'Helvetica Neue', Helvetica, Arial, sans-serif;font-size: 15px\">\n<p class=\"c-paragraph pi-product-description-text\" style=\"margin-top: 0px;margin-bottom: 0px;padding-top: 8px\">&bull; Crea\u021bi cu u\u0219urin\u021b\u0103 diagrame profesionale cu \u0219abloane \u0219i forme gata de utilizare <br \/>&bull; &Icirc;ncepe\u021bi lucrul rapid, cu o experien\u021b\u0103 familiar\u0103, asem\u0103n\u0103toare cu cea din Office<br \/> &bull; Utiliza\u021bi degetul sau creionul pentru a desena \u0219i a lua noti\u021be mai natural pe dispozitive cu tehnologie tactil\u0103<br \/> &bull; Crea\u021bi vizualiz\u0103ri de baze de date utiliz&acirc;nd diagramele model de baz\u0103 de date &icirc;ncorporate<br \/> &bull; Colabora\u021bi cu alte persoane, ad\u0103ug&acirc;nd \u0219i r\u0103spunz&acirc;nd la comentarii direct din Visio&nbsp;&nbsp;<\/p>\n<\/div>\n","protected":false},"excerpt":{"rendered":"<p>Visio Standard 2019 &bull; Crea\u021bi cu u\u0219urin\u021b\u0103 diagrame profesionale cu \u0219abloane \u0219i forme gata de utilizare &bull; &Icirc;ncepe\u021bi lucrul rapid, cu o experien\u021b\u0103 familiar\u0103, asem\u0103n\u0103toare cu cea din Office &bull; Utiliza\u021bi degetul sau creionul pentru a desena \u0219i a lua noti\u021be mai natural pe dispozitive cu tehnologie tactil\u0103 &bull; Crea\u021bi vizualiz\u0103ri de baze de date<span class=\"read-more-faq\"><a href=\"https:\/\/hqstore.ro\/index.php\/product\/office-aplicatii-desktop-licenta-retail-microsoft-visio-standard-2019-english-d86-05829\/\">Read More<\/a><\/span><\/p>\n","protected":false},"featured_media":0,"comment_status":"open","ping_status":"closed","template":"","meta":[],"product_cat":[354],"product_tag":[],"_links":{"self":[{"href":"https:\/\/hqstore.ro\/index.php\/wp-json\/wp\/v2\/product\/30796"}],"collection":[{"href":"https:\/\/hqstore.ro\/index.php\/wp-json\/wp\/v2\/product"}],"about":[{"href":"https:\/\/hqstore.ro\/index.php\/wp-json\/wp\/v2\/types\/product"}],"replies":[{"embeddable":true,"href":"https:\/\/hqstore.ro\/index.php\/wp-json\/wp\/v2\/comments?post=30796"}],"wp:attachment":[{"href":"https:\/\/hqstore.ro\/index.php\/wp-json\/wp\/v2\/media?parent=30796"}],"wp:term":[{"taxonomy":"product_cat","embeddable":true,"href":"https:\/\/hqstore.ro\/index.php\/wp-json\/wp\/v2\/product_cat?post=30796"},{"taxonomy":"product_tag","embeddable":true,"href":"https:\/\/hqstore.ro\/index.php\/wp-json\/wp\/v2\/product_tag?post=30796"}],"curies":[{"name":"wp","href":"https:\/\/api.w.org\/{rel}","templated":true}]}}