{"id":30793,"date":"2020-10-28T07:10:21","date_gmt":"2020-10-28T04:10:21","guid":{"rendered":"https:\/\/hqstore.ro\/index.php\/product\/office-aplicatii-desktop-licenta-retail-microsoft-project-standard-2019-english-076-05795\/"},"modified":"2023-01-30T22:43:32","modified_gmt":"2023-01-30T19:43:32","slug":"office-aplicatii-desktop-licenta-retail-microsoft-project-standard-2019-english-076-05795","status":"publish","type":"product","link":"https:\/\/hqstore.ro\/index.php\/product\/office-aplicatii-desktop-licenta-retail-microsoft-project-standard-2019-english-076-05795\/","title":{"rendered":"Licenta retail Microsoft Project Standard 2019  English"},"content":{"rendered":"<h1 style=\"font-size: 2em;margin-top: 0px;margin-bottom: 0px;color: #000000;font-family: 'Segoe UI', SegoeUI, 'Helvetica Neue', Helvetica, Arial, sans-serif;background-color: #ffffff\">Project Standard 2019<\/h1>\n<div class=\"f-dialog-scroll\" style=\"max-height: 600px;min-width: 245px;color: #000000;font-family: 'Segoe UI', SegoeUI, 'Helvetica Neue', Helvetica, Arial, sans-serif;font-size: 15px;background-color: #ffffff\">\n<p class=\"c-paragraph pi-product-description-text\" style=\"margin-top: 0px;margin-bottom: 0px;padding-top: 8px\">&bull; \u0218abloanele predefinite v\u0103 ajut\u0103 s\u0103 lansa\u021bi proiectul pe calea cea bun\u0103<br \/> &bull; Instrumentele familiare de planificare automat\u0103 v\u0103 ajut\u0103 s\u0103 reduce\u021bi ineficien\u021ba \u0219i timpul de instruire<br \/> &bull; Rula\u021bi scenarii de tip &bdquo;ce ar fi dac\u0103&rdquo; pentru a valorifica la maximum atribuirile de activit\u0103\u021bi<br \/> &bull; Popula\u021bi automat datele de &icirc;nceput \u0219i de sf&acirc;r\u0219it pe baza dependen\u021belor<br \/> &bull; Reprezinta\u021bi vizual planific\u0103ri complexe cu cronologii multiple &icirc;ncorporate&nbsp;&nbsp;<\/p>\n<p><\/p>\n<ul data-grid=\"col-6\" class=\"f-column\" style=\"margin-bottom: 0px;padding-right: 10px;list-style-type: none;float: left;min-height: 1px;width: 800px;color: #000000;background-color: #ffffff\">\n<li class=\"f-row\" style=\"width: 790px;float: left\">\n<div data-grid=\"col-2 stack-2\" class=\"x-truncate\" style=\"float: left;min-height: 1px;width: 131.656px;overflow: hidden;padding-top: 8px;padding-bottom: 8px;padding-left: 24px\"><img decoding=\"async\" class=\"c-image lazyloaded\" alt=\"Rocket launching icon\" title=\"gldn-Soft-Strctrd-List-Icon-Project-FastStartUp.png\" src=\"https:\/\/img-prod-cms-rt-microsoft-com.akamaized.net\/cms\/api\/am\/imageFileData\/RE3ovzZ?ver=00a4&amp;q=90&amp;m=6&amp;h=35&amp;w=80&amp;b=%23FFFFFFFF&amp;l=f&amp;f=jpg&amp;o=t&amp;aim=true\" data-src=\"https:\/\/img-prod-cms-rt-microsoft-com.akamaized.net\/cms\/api\/am\/imageFileData\/RE3ovzZ?ver=00a4&amp;q=90&amp;m=6&amp;h=35&amp;w=80&amp;b=%23FFFFFFFF&amp;l=f&amp;f=jpg&amp;o=t&amp;aim=true\" style=\"vertical-align: middle;max-width: 100%;height: auto\" \/><\/div>\n<div data-grid=\"col-10\" style=\"float: left;min-height: 1px;width: 658.328px;padding: 8px 12px 8px 24px\">\n<div class=\"c-paragraph\">\n<p style=\"margin-top: 0px;margin-bottom: 0px\"><span style=\"font-weight: 600\">Pornire rapid\u0103<\/span><\/p>\n<p style=\"margin-top: 0px;margin-bottom: 0px\">Ecranul Introducere v\u0103 prezint\u0103 capacit\u0103\u021bile de baz\u0103, precum asocierea activit\u0103\u021bilor \u0219i crearea unei cronologii, pentru a v\u0103 ajuta s\u0103 intra\u021bi rapid &icirc;n ritm.<\/p>\n<\/div>\n<\/div>\n<\/li>\n<li class=\"f-row\" style=\"width: 790px;float: left\">\n<div data-grid=\"col-2 stack-2\" class=\"x-truncate\" style=\"float: left;min-height: 1px;width: 131.656px;overflow: hidden;padding-top: 8px;padding-bottom: 8px;padding-left: 24px\"><img decoding=\"async\" class=\"c-image lazyloaded\" alt=\"templates glyph icon project\" title=\"gldn-Strctrd-List-Icon-Templates.png\" src=\"https:\/\/img-prod-cms-rt-microsoft-com.akamaized.net\/cms\/api\/am\/imageFileData\/RE2yzd2?ver=985f&amp;q=90&amp;m=6&amp;h=35&amp;w=80&amp;b=%23FFFFFFFF&amp;l=f&amp;f=jpg&amp;o=t&amp;aim=true\" data-src=\"https:\/\/img-prod-cms-rt-microsoft-com.akamaized.net\/cms\/api\/am\/imageFileData\/RE2yzd2?ver=985f&amp;q=90&amp;m=6&amp;h=35&amp;w=80&amp;b=%23FFFFFFFF&amp;l=f&amp;f=jpg&amp;o=t&amp;aim=true\" style=\"vertical-align: middle;max-width: 100%;height: auto\" \/><\/div>\n<div data-grid=\"col-10\" style=\"float: left;min-height: 1px;width: 658.328px;padding: 8px 12px 8px 24px\">\n<div class=\"c-paragraph\">\n<p style=\"margin-top: 0px;margin-bottom: 0px\"><span style=\"font-weight: 600\">Cele mai bune \u0219abloane din domeniu<\/span><\/p>\n<p style=\"margin-top: 0px;margin-bottom: 0px\">&Icirc;ncepe\u021bi s\u0103 utiliza\u021bi cu u\u0219urin\u021b\u0103 unul dintre numeroasele \u0219abloane create &icirc;n prealabil, disponibile &icirc;n Project Standard \u0219i pe Office.com.<\/p>\n<\/div>\n<\/div>\n<\/li>\n<\/ul>\n<ul data-grid=\"col-6\" class=\"f-column\" style=\"margin-bottom: 0px;padding-left: 10px;list-style-type: none;float: left;min-height: 1px;width: 800px;color: #000000;background-color: #ffffff\">\n<li class=\"f-row\" style=\"width: 790px;float: left\">\n<div data-grid=\"col-2 stack-2\" class=\"x-truncate\" style=\"float: left;min-height: 1px;width: 131.656px;overflow: hidden;padding-top: 8px;padding-bottom: 8px;padding-left: 24px\"><img decoding=\"async\" class=\"c-image lazyloaded\" alt=\"Bar graph icons with clock icon\" title=\"gldn-Soft-Strctrd-List-Icon-Visio-FamiliaCharts.png\" src=\"https:\/\/img-prod-cms-rt-microsoft-com.akamaized.net\/cms\/api\/am\/imageFileData\/RE3oDoU?ver=1a8b&amp;q=90&amp;m=6&amp;h=35&amp;w=80&amp;b=%23FFFFFFFF&amp;l=f&amp;f=jpg&amp;o=t&amp;aim=true\" data-src=\"https:\/\/img-prod-cms-rt-microsoft-com.akamaized.net\/cms\/api\/am\/imageFileData\/RE3oDoU?ver=1a8b&amp;q=90&amp;m=6&amp;h=35&amp;w=80&amp;b=%23FFFFFFFF&amp;l=f&amp;f=jpg&amp;o=t&amp;aim=true\" style=\"vertical-align: middle;max-width: 100%;height: auto\" \/><\/div>\n<div data-grid=\"col-10\" style=\"float: left;min-height: 1px;width: 658.328px;padding: 8px 12px 8px 24px\">\n<div class=\"c-paragraph\">\n<p style=\"margin-top: 0px;margin-bottom: 0px\"><span style=\"font-weight: 600\">Diagrame familiare<\/span><\/p>\n<p style=\"margin-top: 0px;margin-bottom: 0px\">Instrumentele pe care le \u0219ti\u021bi deja, cum ar fi graficele Gantt, v\u0103 ajut\u0103 s\u0103 crea\u021bi planific\u0103ri cu u\u0219urin\u021b\u0103 \u0219i s\u0103 reduce\u021bi timpul de instruire.<\/p>\n<\/div>\n<\/div>\n<\/li>\n<li class=\"f-row\" style=\"width: 790px;float: left\">\n<div data-grid=\"col-2 stack-2\" class=\"x-truncate\" style=\"float: left;min-height: 1px;width: 131.656px;overflow: hidden;padding-top: 8px;padding-bottom: 8px;padding-left: 24px\"><img decoding=\"async\" class=\"c-image lazyloaded\" alt=\"graph arrows timeline icon glyph project\" title=\"gldn-Strctrd-List-Icon-Multi-Timeline.png\" src=\"https:\/\/img-prod-cms-rt-microsoft-com.akamaized.net\/cms\/api\/am\/imageFileData\/RE2yu4e?ver=7537&amp;q=90&amp;m=6&amp;h=35&amp;w=80&amp;b=%23FFFFFFFF&amp;l=f&amp;f=jpg&amp;o=t&amp;aim=true\" data-src=\"https:\/\/img-prod-cms-rt-microsoft-com.akamaized.net\/cms\/api\/am\/imageFileData\/RE2yu4e?ver=7537&amp;q=90&amp;m=6&amp;h=35&amp;w=80&amp;b=%23FFFFFFFF&amp;l=f&amp;f=jpg&amp;o=t&amp;aim=true\" style=\"vertical-align: middle;max-width: 100%;height: auto\" \/><\/div>\n<div data-grid=\"col-10\" style=\"float: left;min-height: 1px;width: 658.328px;padding: 8px 12px 8px 24px\">\n<div class=\"c-paragraph\">\n<p style=\"margin-top: 0px;margin-bottom: 0px\"><span style=\"font-weight: 600\">Cronologii multiple<\/span><\/p>\n<p style=\"margin-top: 0px;margin-bottom: 0px\">Cronologiile multiple &icirc;ncorporate v\u0103 permit s\u0103 reprezenta\u021bi vizual planific\u0103rile complexe \u0219i s\u0103 &icirc;n\u021belege\u021bi toate aspectele unui proiect.<\/p>\n<\/div>\n<\/div>\n<\/li>\n<\/ul>\n<p class=\"c-paragraph pi-product-description-text\" style=\"margin-top: 0px;margin-bottom: 0px;padding-top: 8px\">\n<\/div>\n<div class=\"c-group single\" style=\"padding: 1px;margin: 1px;color: #000000;font-family: 'Segoe UI', SegoeUI, 'Helvetica Neue', Helvetica, Arial, sans-serif;font-size: 15px;background-color: #ffffff\">\n<div data-grid=\"col-2 stack-2\" class=\"x-truncate\" style=\"float: left;min-height: 1px;width: 131.656px;overflow: hidden;padding-top: 8px;padding-bottom: 8px;padding-left: 24px\">&nbsp;<\/div>\n<\/div>\n","protected":false},"excerpt":{"rendered":"<p>Project Standard 2019 &bull; \u0218abloanele predefinite v\u0103 ajut\u0103 s\u0103 lansa\u021bi proiectul pe calea cea bun\u0103 &bull; Instrumentele familiare de planificare automat\u0103 v\u0103 ajut\u0103 s\u0103 reduce\u021bi ineficien\u021ba \u0219i timpul de instruire &bull; Rula\u021bi scenarii de tip &bdquo;ce ar fi dac\u0103&rdquo; pentru a valorifica la maximum atribuirile de activit\u0103\u021bi &bull; Popula\u021bi automat datele de &icirc;nceput \u0219i de<span class=\"read-more-faq\"><a href=\"https:\/\/hqstore.ro\/index.php\/product\/office-aplicatii-desktop-licenta-retail-microsoft-project-standard-2019-english-076-05795\/\">Read More<\/a><\/span><\/p>\n","protected":false},"featured_media":0,"comment_status":"open","ping_status":"closed","template":"","meta":[],"product_cat":[354],"product_tag":[],"_links":{"self":[{"href":"https:\/\/hqstore.ro\/index.php\/wp-json\/wp\/v2\/product\/30793"}],"collection":[{"href":"https:\/\/hqstore.ro\/index.php\/wp-json\/wp\/v2\/product"}],"about":[{"href":"https:\/\/hqstore.ro\/index.php\/wp-json\/wp\/v2\/types\/product"}],"replies":[{"embeddable":true,"href":"https:\/\/hqstore.ro\/index.php\/wp-json\/wp\/v2\/comments?post=30793"}],"wp:attachment":[{"href":"https:\/\/hqstore.ro\/index.php\/wp-json\/wp\/v2\/media?parent=30793"}],"wp:term":[{"taxonomy":"product_cat","embeddable":true,"href":"https:\/\/hqstore.ro\/index.php\/wp-json\/wp\/v2\/product_cat?post=30793"},{"taxonomy":"product_tag","embeddable":true,"href":"https:\/\/hqstore.ro\/index.php\/wp-json\/wp\/v2\/product_tag?post=30793"}],"curies":[{"name":"wp","href":"https:\/\/api.w.org\/{rel}","templated":true}]}}