{"id":30780,"date":"2020-10-28T07:10:05","date_gmt":"2020-10-28T04:10:05","guid":{"rendered":"https:\/\/hqstore.ro\/index.php\/product\/office-aplicatii-desktop-licenta-retail-microsoft-office-2019-home-and-student-romanian-medialess-79g-05162\/"},"modified":"2023-01-30T22:43:28","modified_gmt":"2023-01-30T19:43:28","slug":"office-aplicatii-desktop-licenta-retail-microsoft-office-2019-home-and-student-romanian-medialess-79g-05162","status":"publish","type":"product","link":"https:\/\/hqstore.ro\/index.php\/product\/office-aplicatii-desktop-licenta-retail-microsoft-office-2019-home-and-student-romanian-medialess-79g-05162\/","title":{"rendered":"Licenta retail Microsoft Office 2019 Home and Student Romanian Medialess"},"content":{"rendered":"<h2 class=\"c-heading-3\" style=\"margin-top: 0px;margin-bottom: 0px;font-size: 34px;line-height: 40px;padding: 48px 0px 2px;font-family: 'Segoe UI', SegoeUI, 'Helvetica Neue', Helvetica, Arial, sans-serif;text-align: center\">Caracteristici cheie<\/h2>\n<p class=\"c-paragraph-1\" style=\"margin-top: 0px;margin-bottom: 0px;font-size: 20px;line-height: 24px;padding: 24px 0px 20px;font-family: 'Segoe UI', SegoeUI, 'Helvetica Neue', Helvetica, Arial, sans-serif;text-align: center\">Lucrurile esen\u021biale pentru a rezolva totul. Office pentru acas\u0103 2019 este destinat studen\u021bilor \u0219i familiilor care doresc aplica\u021bii Office clasice, inclusiv Word, Excel \u0219i PowerPoint pentru Windows&nbsp;10. O singur\u0103 achizi\u021bie, instalat\u0103 pe 1&nbsp;PC sau Mac pentru a fi utilizat\u0103 acas\u0103 sau la \u0219coal\u0103.<\/p>\n<ul style=\"margin-top: 0px;margin-bottom: 0px;padding: 0px;font-family: 'Segoe UI', SegoeUI, 'Helvetica Neue', Helvetica, Arial, sans-serif;font-size: 15px;text-align: center\">\n<li class=\"li-content\"><a data-m=\"{&quot;cN&quot;:&quot;Word&quot;,&quot;cT&quot;:&quot;0&quot;,&quot;id&quot;:&quot;n1m3r4a2&quot;,&quot;sN&quot;:1,&quot;aN&quot;:&quot;m3r4a2&quot;}\" class=\"c-hyperlink f-image\" style=\"background-color: transparent;border: 2px solid transparent;font-weight: 600;color: #d83b01;margin: 0px 22px 24px;vertical-align: top\"><img decoding=\"async\" class=\" lazyloaded\" alt=\"Microsoft Word logo.\" title=\"Word\" src=\"https:\/\/img-prod-cms-rt-microsoft-com.akamaized.net\/cms\/api\/am\/imageFileData\/RE282Ru?ver=af20&amp;q=90&amp;m=6&amp;h=120&amp;w=120&amp;b=%23FFFFFFFF&amp;l=f&amp;f=jpg&amp;o=t&amp;aim=true\" data-src=\"https:\/\/img-prod-cms-rt-microsoft-com.akamaized.net\/cms\/api\/am\/imageFileData\/RE282Ru?ver=af20&amp;q=90&amp;m=6&amp;h=120&amp;w=120&amp;b=%23FFFFFFFF&amp;l=f&amp;f=jpg&amp;o=t&amp;aim=true\" style=\"border: 0px;vertical-align: middle\" \/><\/a>\n<div style=\"overflow: hidden;max-height: 60px;padding: 0px 10px;margin: 0px auto\">Word<\/div>\n<\/li>\n<p>&nbsp;<\/p>\n<li class=\"li-content\"><a data-m=\"{&quot;cN&quot;:&quot;Excel&quot;,&quot;cT&quot;:&quot;0&quot;,&quot;id&quot;:&quot;n2m3r4a2&quot;,&quot;sN&quot;:2,&quot;aN&quot;:&quot;m3r4a2&quot;}\" class=\"c-hyperlink f-image\" style=\"background-color: transparent;border: 2px solid transparent;font-weight: 600;color: #d83b01;margin: 0px 22px 24px;vertical-align: top\"><img decoding=\"async\" class=\" lazyloaded\" alt=\"Microsoft Excel logo.\" title=\"Excel\" src=\"https:\/\/img-prod-cms-rt-microsoft-com.akamaized.net\/cms\/api\/am\/imageFileData\/RE280eS?ver=d983&amp;q=90&amp;m=6&amp;h=120&amp;w=120&amp;b=%23FFFFFFFF&amp;l=f&amp;f=jpg&amp;o=t&amp;aim=true\" data-src=\"https:\/\/img-prod-cms-rt-microsoft-com.akamaized.net\/cms\/api\/am\/imageFileData\/RE280eS?ver=d983&amp;q=90&amp;m=6&amp;h=120&amp;w=120&amp;b=%23FFFFFFFF&amp;l=f&amp;f=jpg&amp;o=t&amp;aim=true\" style=\"border: 0px;vertical-align: middle\" \/><\/a>\n<div style=\"overflow: hidden;max-height: 60px;padding: 0px 10px;margin: 0px auto\">Excel<\/div>\n<\/li>\n<p>&nbsp;<\/p>\n<li class=\"li-content\"><a data-m=\"{&quot;cN&quot;:&quot;PowerPoint&quot;,&quot;cT&quot;:&quot;0&quot;,&quot;id&quot;:&quot;n3m3r4a2&quot;,&quot;sN&quot;:3,&quot;aN&quot;:&quot;m3r4a2&quot;}\" class=\"c-hyperlink f-image\" style=\"background-color: transparent;border: 2px solid transparent;font-weight: 600;color: #d83b01;margin: 0px 22px 24px;vertical-align: top\"><img decoding=\"async\" class=\" lazyloaded\" alt=\"Microsoft PowerPoint logo.\" title=\"PowerPoint\" src=\"https:\/\/img-prod-cms-rt-microsoft-com.akamaized.net\/cms\/api\/am\/imageFileData\/RE2883D?ver=3026&amp;q=90&amp;m=6&amp;h=120&amp;w=120&amp;b=%23FFFFFFFF&amp;l=f&amp;f=jpg&amp;o=t&amp;aim=true\" data-src=\"https:\/\/img-prod-cms-rt-microsoft-com.akamaized.net\/cms\/api\/am\/imageFileData\/RE2883D?ver=3026&amp;q=90&amp;m=6&amp;h=120&amp;w=120&amp;b=%23FFFFFFFF&amp;l=f&amp;f=jpg&amp;o=t&amp;aim=true\" style=\"border: 0px;vertical-align: middle\" \/><\/a>\n<div style=\"overflow: hidden;max-height: 60px;padding: 0px 10px;margin: 0px auto\">PowerPoint<\/div>\n<\/li>\n<\/ul>\n","protected":false},"excerpt":{"rendered":"<p>Caracteristici cheie Lucrurile esen\u021biale pentru a rezolva totul. Office pentru acas\u0103 2019 este destinat studen\u021bilor \u0219i familiilor care doresc aplica\u021bii Office clasice, inclusiv Word, Excel \u0219i PowerPoint pentru Windows&nbsp;10. O singur\u0103 achizi\u021bie, instalat\u0103 pe 1&nbsp;PC sau Mac pentru a fi utilizat\u0103 acas\u0103 sau la \u0219coal\u0103. Word &nbsp; Excel &nbsp; PowerPoint<\/p>\n","protected":false},"featured_media":56966,"comment_status":"open","ping_status":"closed","template":"","meta":[],"product_cat":[354],"product_tag":[],"_links":{"self":[{"href":"https:\/\/hqstore.ro\/index.php\/wp-json\/wp\/v2\/product\/30780"}],"collection":[{"href":"https:\/\/hqstore.ro\/index.php\/wp-json\/wp\/v2\/product"}],"about":[{"href":"https:\/\/hqstore.ro\/index.php\/wp-json\/wp\/v2\/types\/product"}],"replies":[{"embeddable":true,"href":"https:\/\/hqstore.ro\/index.php\/wp-json\/wp\/v2\/comments?post=30780"}],"wp:featuredmedia":[{"embeddable":true,"href":"https:\/\/hqstore.ro\/index.php\/wp-json\/wp\/v2\/media\/56966"}],"wp:attachment":[{"href":"https:\/\/hqstore.ro\/index.php\/wp-json\/wp\/v2\/media?parent=30780"}],"wp:term":[{"taxonomy":"product_cat","embeddable":true,"href":"https:\/\/hqstore.ro\/index.php\/wp-json\/wp\/v2\/product_cat?post=30780"},{"taxonomy":"product_tag","embeddable":true,"href":"https:\/\/hqstore.ro\/index.php\/wp-json\/wp\/v2\/product_tag?post=30780"}],"curies":[{"name":"wp","href":"https:\/\/api.w.org\/{rel}","templated":true}]}}