{"id":26253,"date":"2020-10-27T23:56:32","date_gmt":"2020-10-27T20:56:32","guid":{"rendered":"https:\/\/hqstore.ro\/index.php\/product\/imprimante-de-format-mare-plotter-epson-surecolor-sc-t3400-24-format-a1-4-culori-rezolutie-c11cf85301a0\/"},"modified":"2023-01-31T01:14:31","modified_gmt":"2023-01-30T22:14:31","slug":"imprimante-de-format-mare-plotter-epson-surecolor-sc-t3400-24-format-a1-4-culori-rezolutie-c11cf85301a0","status":"publish","type":"product","link":"https:\/\/hqstore.ro\/index.php\/product\/imprimante-de-format-mare-plotter-epson-surecolor-sc-t3400-24-format-a1-4-culori-rezolutie-c11cf85301a0\/","title":{"rendered":"Plotter Epson Surecolor SC-T3400 24&#034;, format A1, 4 culori, rezolutie"},"content":{"rendered":"<p>Plotter Epson Surecolor SC-T3400 24&#8243;, format A1, 4 culori, rezolutie maxima printare 2.400 x 1.200 dpi, cerneala Epson Ultrachrome XD2, Memorie 1Gb, Limbaje de printare: ESC\/P-R, HP-GL2, RTL, Ecran tactil 10.9cm, interfata: USB 3.0, Interfa\u0163\u0103 Gigabit Ethernet, LAN wireless IEEE 802.11 b\/g\/n (WiFi 4), Wi-Fi Direct, Auto cutter, Consumabile: C13T41F240, C13T41F340, C13T41F440, C13T41F540, C13T41R240, C13T41R340, C13T41R440, C13T41R540, Dimensiuni: 1.080\u200e x 750 x 1.060 mm (L\u0103\u0163ime x Lungime x \u00cen\u0103l\u0163ime), Greutate: 64kg, Continut ambalaj: Cablu c.a., Drivere \u015fi programe utile (CD), Cartu\u015fe de cerneal\u0103 individuale, Aparat principal, Stivuitor h\u00e2rtie, Stand, Ghid introductiv, Instruc\u0163iuni de folosire (CD), Certificat de garan\u0163ie.<\/p>\n","protected":false},"excerpt":{"rendered":"<p>Plotter Epson Surecolor SC-T3400 24&#8243;, format A1, 4 culori, rezolutie maxima printare 2.400 x 1.200 dpi, cerneala Epson Ultrachrome XD2, Memorie 1Gb, Limbaje de printare: ESC\/P-R, HP-GL2, RTL, Ecran tactil 10.9cm, interfata: USB 3.0, Interfa\u0163\u0103 Gigabit Ethernet, LAN wireless IEEE 802.11 b\/g\/n (WiFi 4), Wi-Fi Direct, Auto cutter, Consumabile: C13T41F240, C13T41F340, C13T41F440, C13T41F540, C13T41R240, C13T41R340,<span class=\"read-more-faq\"><a href=\"https:\/\/hqstore.ro\/index.php\/product\/imprimante-de-format-mare-plotter-epson-surecolor-sc-t3400-24-format-a1-4-culori-rezolutie-c11cf85301a0\/\">Read More<\/a><\/span><\/p>\n","protected":false},"featured_media":26254,"comment_status":"open","ping_status":"closed","template":"","meta":[],"product_cat":[301],"product_tag":[],"_links":{"self":[{"href":"https:\/\/hqstore.ro\/index.php\/wp-json\/wp\/v2\/product\/26253"}],"collection":[{"href":"https:\/\/hqstore.ro\/index.php\/wp-json\/wp\/v2\/product"}],"about":[{"href":"https:\/\/hqstore.ro\/index.php\/wp-json\/wp\/v2\/types\/product"}],"replies":[{"embeddable":true,"href":"https:\/\/hqstore.ro\/index.php\/wp-json\/wp\/v2\/comments?post=26253"}],"wp:featuredmedia":[{"embeddable":true,"href":"https:\/\/hqstore.ro\/index.php\/wp-json\/wp\/v2\/media\/26254"}],"wp:attachment":[{"href":"https:\/\/hqstore.ro\/index.php\/wp-json\/wp\/v2\/media?parent=26253"}],"wp:term":[{"taxonomy":"product_cat","embeddable":true,"href":"https:\/\/hqstore.ro\/index.php\/wp-json\/wp\/v2\/product_cat?post=26253"},{"taxonomy":"product_tag","embeddable":true,"href":"https:\/\/hqstore.ro\/index.php\/wp-json\/wp\/v2\/product_tag?post=26253"}],"curies":[{"name":"wp","href":"https:\/\/api.w.org\/{rel}","templated":true}]}}