{"id":26242,"date":"2020-10-27T23:56:16","date_gmt":"2020-10-27T20:56:16","guid":{"rendered":"https:\/\/hqstore.ro\/index.php\/product\/imprimante-de-format-mare-plotter-epson-surecolor-sc-t3200-24-format-a1-5-culori-rezolutie-c11cd66301a1\/"},"modified":"2023-05-29T00:10:35","modified_gmt":"2023-05-28T21:10:35","slug":"imprimante-de-format-mare-plotter-epson-surecolor-sc-t3200-24-format-a1-5-culori-rezolutie-c11cd66301a1","status":"publish","type":"product","link":"https:\/\/hqstore.ro\/index.php\/product\/imprimante-de-format-mare-plotter-epson-surecolor-sc-t3200-24-format-a1-5-culori-rezolutie-c11cd66301a1\/","title":{"rendered":"Plotter Epson Surecolor SC-T3200 24&#034;, format A1, 5 culori, rezolutie"},"content":{"rendered":"<p>Plotter Epson Surecolor SC-T3200 24&#8243;, format A1, 5 culori, rezolutie maxima printare 2.880 x 1.440 dpi, cerneala Epson Ultrachrome XD, Memorie 1Gb, Limbaje de printare: ESC\/P-R, HP-GL2, RTL, Adobe\u00ae Postscript 3\u00ae (optional), Ecran tactil 6.8cm, interfata: USB 3.0, Ethernet, Auto cutter, imprimare fara margini, Consumabile: C13T692100, C13T692200, C13T692300, C13T692400, C13T692500, C13T693100, C13T693200, C13T693300, C13T693400, C13T693500, C13T694100, C13T694200, C13T694300, C13T694400, C13T694500, Dimensiuni: 1,050\u200e x 691 x 613 mm  (L\u0103\u0163ime x Adancime x \u00cen\u0103l\u0163ime), Greutate: 54kg, Continut ambalaj: Cablu c.a.,Drivere \u015fi programe utile (CD), Cartu\u015fe de cerneal\u0103 individuale, Aparatprincipal, Ghid introductiv, Instruc\u0163iuni defolosire (CD), Certificat de garan\u0163ie.<\/p>\n","protected":false},"excerpt":{"rendered":"<p>Plotter Epson Surecolor SC-T3200 24&#8243;, format A1, 5 culori, rezolutie maxima printare 2.880 x 1.440 dpi, cerneala Epson Ultrachrome XD, Memorie 1Gb, Limbaje de printare: ESC\/P-R, HP-GL2, RTL, Adobe\u00ae Postscript 3\u00ae (optional), Ecran tactil 6.8cm, interfata: USB 3.0, Ethernet, Auto cutter, imprimare fara margini, Consumabile: C13T692100, C13T692200, C13T692300, C13T692400, C13T692500, C13T693100, C13T693200, C13T693300, C13T693400, C13T693500,<span class=\"read-more-faq\"><a href=\"https:\/\/hqstore.ro\/index.php\/product\/imprimante-de-format-mare-plotter-epson-surecolor-sc-t3200-24-format-a1-5-culori-rezolutie-c11cd66301a1\/\">Read More<\/a><\/span><\/p>\n","protected":false},"featured_media":26243,"comment_status":"open","ping_status":"closed","template":"","meta":[],"product_cat":[301],"product_tag":[],"_links":{"self":[{"href":"https:\/\/hqstore.ro\/index.php\/wp-json\/wp\/v2\/product\/26242"}],"collection":[{"href":"https:\/\/hqstore.ro\/index.php\/wp-json\/wp\/v2\/product"}],"about":[{"href":"https:\/\/hqstore.ro\/index.php\/wp-json\/wp\/v2\/types\/product"}],"replies":[{"embeddable":true,"href":"https:\/\/hqstore.ro\/index.php\/wp-json\/wp\/v2\/comments?post=26242"}],"wp:featuredmedia":[{"embeddable":true,"href":"https:\/\/hqstore.ro\/index.php\/wp-json\/wp\/v2\/media\/26243"}],"wp:attachment":[{"href":"https:\/\/hqstore.ro\/index.php\/wp-json\/wp\/v2\/media?parent=26242"}],"wp:term":[{"taxonomy":"product_cat","embeddable":true,"href":"https:\/\/hqstore.ro\/index.php\/wp-json\/wp\/v2\/product_cat?post=26242"},{"taxonomy":"product_tag","embeddable":true,"href":"https:\/\/hqstore.ro\/index.php\/wp-json\/wp\/v2\/product_tag?post=26242"}],"curies":[{"name":"wp","href":"https:\/\/api.w.org\/{rel}","templated":true}]}}