{"id":2561,"date":"2020-05-16T03:25:20","date_gmt":"2020-05-16T00:25:20","guid":{"rendered":"https:\/\/hqstore.ro\/index.php\/product\/placi-video-placa-video-asus-nvidia-rog-strix-geforce-gtx-1050-in-strix-gtx1050-o2g\/"},"modified":"2023-01-31T01:06:51","modified_gmt":"2023-01-30T22:06:51","slug":"placi-video-placa-video-asus-nvidia-rog-strix-geforce-gtx-1050-in-strix-gtx1050-o2g","status":"publish","type":"product","link":"https:\/\/hqstore.ro\/index.php\/product\/placi-video-placa-video-asus-nvidia-rog-strix-geforce-gtx-1050-in-strix-gtx1050-o2g\/","title":{"rendered":"Placa video Asus nVidia ROG Strix GeForce GTX 1050 \u00een"},"content":{"rendered":"<p>Placa video Asus NVIDIA ROG Strix GeForce GTX 1050 &icirc;n Edi\u021bie OC cu 2GB GDDR5, STRIX-GTX1050-O2G-GAMING, PCI Express 3.0, Mod OC &#8211; Frecven\u0163\u0103 GPU Boost:1569 MHZ, Frecven\u0163\u0103 GPU Standard: 1455 MHz, Mod Gaming (Implicit) Frecven\u0163\u0103 GPU Boost: 1556 MHZ, Frecvent\u0103 GPU Standard: 1442 MHz, Memory: 7008 MHz, 128-bit, 2* DVI-D, 1* HDMI 2.0\/DP, Suport HDCP<\/p>\n","protected":false},"excerpt":{"rendered":"<p>Placa video Asus NVIDIA ROG Strix GeForce GTX 1050 &icirc;n Edi\u021bie OC cu 2GB GDDR5, STRIX-GTX1050-O2G-GAMING, PCI Express 3.0, Mod OC &#8211; Frecven\u0163\u0103 GPU Boost:1569 MHZ, Frecven\u0163\u0103 GPU Standard: 1455 MHz, Mod Gaming (Implicit) Frecven\u0163\u0103 GPU Boost: 1556 MHZ, Frecvent\u0103 GPU Standard: 1442 MHz, Memory: 7008 MHz, 128-bit, 2* DVI-D, 1* HDMI 2.0\/DP, Suport HDCP<\/p>\n","protected":false},"featured_media":2562,"comment_status":"open","ping_status":"closed","template":"","meta":[],"product_cat":[281],"product_tag":[],"_links":{"self":[{"href":"https:\/\/hqstore.ro\/index.php\/wp-json\/wp\/v2\/product\/2561"}],"collection":[{"href":"https:\/\/hqstore.ro\/index.php\/wp-json\/wp\/v2\/product"}],"about":[{"href":"https:\/\/hqstore.ro\/index.php\/wp-json\/wp\/v2\/types\/product"}],"replies":[{"embeddable":true,"href":"https:\/\/hqstore.ro\/index.php\/wp-json\/wp\/v2\/comments?post=2561"}],"wp:featuredmedia":[{"embeddable":true,"href":"https:\/\/hqstore.ro\/index.php\/wp-json\/wp\/v2\/media\/2562"}],"wp:attachment":[{"href":"https:\/\/hqstore.ro\/index.php\/wp-json\/wp\/v2\/media?parent=2561"}],"wp:term":[{"taxonomy":"product_cat","embeddable":true,"href":"https:\/\/hqstore.ro\/index.php\/wp-json\/wp\/v2\/product_cat?post=2561"},{"taxonomy":"product_tag","embeddable":true,"href":"https:\/\/hqstore.ro\/index.php\/wp-json\/wp\/v2\/product_tag?post=2561"}],"curies":[{"name":"wp","href":"https:\/\/api.w.org\/{rel}","templated":true}]}}