{"id":2502,"date":"2020-05-16T03:02:43","date_gmt":"2020-05-16T00:02:43","guid":{"rendered":"https:\/\/hqstore.ro\/index.php\/product\/placi-video-placa-video-asus-nvidia-dual-rtx2080-8g-graphics-engine-nvidia-geforcertx-2080-dual-rtx2080-8g\/"},"modified":"2023-01-31T01:05:24","modified_gmt":"2023-01-30T22:05:24","slug":"placi-video-placa-video-asus-nvidia-dual-rtx2080-8g-graphics-engine-nvidia-geforcertx-2080-dual-rtx2080-8g","status":"publish","type":"product","link":"https:\/\/hqstore.ro\/index.php\/product\/placi-video-placa-video-asus-nvidia-dual-rtx2080-8g-graphics-engine-nvidia-geforcertx-2080-dual-rtx2080-8g\/","title":{"rendered":"Placa video Asus nVidia DUAL-RTX2080-8G, Graphics engine: nVidia GeForceRTX 2080,"},"content":{"rendered":"<p>Placa video Asus nVidia DUAL-RTX2080-8G, Graphics engine: nVidia GeForceRTX 2080, PCI Express 3.0, GDDR6 8GB, 256-bit, CUDA Core: 2944, GPUfrequency: Mod OC &#8211; Frecven\u0163\u0103 GPU Boost: 1730 MHZ, Frecven\u0163\u0103 GPUStandard: 1515 MHz, Mod Gaming (Implicit) &#8211; Frecven\u0163\u0103 GPU Boost: 1710MHZ, Frecvent\u0103 GPU Standard: 1515 MHz, 1x HDMI, 3x Display Port, HDCP,USB Type-C Support: Yes x1<\/p>\n","protected":false},"excerpt":{"rendered":"<p>Placa video Asus nVidia DUAL-RTX2080-8G, Graphics engine: nVidia GeForceRTX 2080, PCI Express 3.0, GDDR6 8GB, 256-bit, CUDA Core: 2944, GPUfrequency: Mod OC &#8211; Frecven\u0163\u0103 GPU Boost: 1730 MHZ, Frecven\u0163\u0103 GPUStandard: 1515 MHz, Mod Gaming (Implicit) &#8211; Frecven\u0163\u0103 GPU Boost: 1710MHZ, Frecvent\u0103 GPU Standard: 1515 MHz, 1x HDMI, 3x Display Port, HDCP,USB Type-C Support: Yes x1<\/p>\n","protected":false},"featured_media":2503,"comment_status":"open","ping_status":"closed","template":"","meta":[],"product_cat":[281],"product_tag":[],"_links":{"self":[{"href":"https:\/\/hqstore.ro\/index.php\/wp-json\/wp\/v2\/product\/2502"}],"collection":[{"href":"https:\/\/hqstore.ro\/index.php\/wp-json\/wp\/v2\/product"}],"about":[{"href":"https:\/\/hqstore.ro\/index.php\/wp-json\/wp\/v2\/types\/product"}],"replies":[{"embeddable":true,"href":"https:\/\/hqstore.ro\/index.php\/wp-json\/wp\/v2\/comments?post=2502"}],"wp:featuredmedia":[{"embeddable":true,"href":"https:\/\/hqstore.ro\/index.php\/wp-json\/wp\/v2\/media\/2503"}],"wp:attachment":[{"href":"https:\/\/hqstore.ro\/index.php\/wp-json\/wp\/v2\/media?parent=2502"}],"wp:term":[{"taxonomy":"product_cat","embeddable":true,"href":"https:\/\/hqstore.ro\/index.php\/wp-json\/wp\/v2\/product_cat?post=2502"},{"taxonomy":"product_tag","embeddable":true,"href":"https:\/\/hqstore.ro\/index.php\/wp-json\/wp\/v2\/product_tag?post=2502"}],"curies":[{"name":"wp","href":"https:\/\/api.w.org\/{rel}","templated":true}]}}