{"id":23750,"date":"2020-10-27T20:08:17","date_gmt":"2020-10-27T17:08:17","guid":{"rendered":"https:\/\/hqstore.ro\/index.php\/product\/desktop-pc-vostro-desktop-3671-290w-psu-sliver-mesh-black-badge-with-n510vd3671emea_ubu\/"},"modified":"2020-12-11T11:13:17","modified_gmt":"2020-12-11T08:13:17","slug":"desktop-pc-vostro-desktop-3671-290w-psu-sliver-mesh-black-badge-with-n510vd3671emea_ubu","status":"publish","type":"product","link":"https:\/\/hqstore.ro\/index.php\/product\/desktop-pc-vostro-desktop-3671-290w-psu-sliver-mesh-black-badge-with-n510vd3671emea_ubu\/","title":{"rendered":"Vostro Desktop 3671 290W PSU (sliver mesh black badge) with"},"content":{"rendered":"<p><span style=\"font-family: Arial;font-size: 12px\"><\/span><\/p>\n<div class=\"tabFeature inlineContent\" style=\"margin-top: 15px;margin-bottom: 15px;vertical-align: baseline;background-position: initial;background-color: #eeeeee;font-size: 13px;color: #000000;font-family: roboto, Arial, Helvetica, sans-serif\">\n<div class=\"topImgContainer\" style=\"margin-bottom: 30px;vertical-align: baseline;background-position: initial\">\n<h2 style=\"margin-top: 20px;margin-bottom: 10px;padding-bottom: 10px;vertical-align: baseline;background-position: initial;font-size: 1.153em;color: #000000;font-weight: bold;line-height: 1.154em\">Sistem de operare<\/h2>\n<div class=\"bottomContent inlineContent\" style=\"margin-right: 10px;vertical-align: baseline;background-position: initial;color: #000000;line-height: 1.42em\">\n<p style=\"margin-top: 9px;margin-bottom: 0px;vertical-align: baseline;background-position: initial;font-size: 1em;color: #333333;line-height: 1.385em\"><strong style=\"vertical-align: baseline;background-position: initial\">Disponibil cu sistem de operare Windows 10<\/strong>&nbsp;<strong style=\"vertical-align: baseline;background-position: initial\">Pro<\/strong>&nbsp;&ndash; pentru o experien\u0163\u0103 optimizat\u0103 \u015fi flexibil\u0103 de lucru pe PC.<\/p>\n<\/div>\n<\/div>\n<\/div>\n<div class=\"tabFeature inlineContent\" style=\"margin-top: 15px;margin-bottom: 15px;vertical-align: baseline;background-position: initial;background-color: #eeeeee;font-size: 13px;color: #000000;font-family: roboto, Arial, Helvetica, sans-serif\">\n<div class=\"topImgContainer\" style=\"margin-bottom: 30px;vertical-align: baseline;background-position: initial\">\n<div class=\"topImg \" style=\"margin-top: 20px;margin-bottom: 20px;vertical-align: baseline;background-position: initial;text-align: center\"><img decoding=\"async\" alt=\"Performan\u021b\u0103 neobosit\u0103\" src=\"https:\/\/i.dell.com\/is\/image\/DellContent\/\/content\/dam\/global-site-design\/product_images\/dell_client_products\/desktops\/vostro_desktops\/vostro_3670\/pdp\/desktop-vostro-3670-mt-pdp-1.jpg?fmt=jpg\" title=\"Performan\u021b\u0103 neobosit\u0103\" style=\"vertical-align: baseline;background-position: initial\" \/><\/div>\n<h2 style=\"margin-top: 20px;margin-bottom: 10px;padding-bottom: 10px;vertical-align: baseline;background-position: initial;font-size: 1.153em;color: #000000;font-weight: bold;line-height: 1.154em\">Performan\u021b\u0103 neobosit\u0103<\/h2>\n<div class=\"bottomContent inlineContent\" style=\"margin-right: 10px;vertical-align: baseline;background-position: initial;color: #000000;line-height: 1.42em\"><strong style=\"vertical-align: baseline;background-position: initial\">Puternic din toate punctele de vedere:<\/strong>&nbsp;termina\u021bi rapid \u0219i eficient proiectele cu ajutorul procesoarelor de p&acirc;n\u0103 la modelul Intel<span style=\"vertical-align: baseline;background-position: initial;font-size: 0.846em\">&reg;<\/span>&nbsp;Core&trade; i7 din a noua genera\u021bie \u0219i al memoriei DDR4 de p&acirc;n\u0103 la 32 GB, la 2.666 MHz. Datorit\u0103 celor \u0219ase nuclee, performan\u021ba spore\u0219te extrem de mult \u0219i pute\u021bi face mai multe lucruri simultan, &icirc;n mai pu\u021bin timp.<br style=\"clear: both\" \/><br style=\"clear: both\" \/><strong style=\"vertical-align: baseline;background-position: initial\">Multitasking de performan\u021b\u0103:<\/strong>&nbsp;rula\u021bi mai rapid mai multe aplica\u021bii \u0219i bucura\u021bi-v\u0103 de imagini clare, de &icirc;nalt\u0103 calitate &icirc;n orice aplica\u021bie, de la prezent\u0103rile &icirc;n PowerPoint la edit\u0103rile video, datorit\u0103 pl\u0103cii grafice NVIDIA GeForce GTX 1050 Ti cu memorie GDDR5 de p&acirc;n\u0103 la 4 GB.<br style=\"clear: both\" \/><br style=\"clear: both\" \/><strong style=\"vertical-align: baseline;background-position: initial\">Extindere u\u0219oar\u0103:<\/strong>&nbsp;beneficia\u021bi de un spa\u021biu de stocare de p&acirc;n\u0103 la 2 TB pe unitatea SSD, pentru a avea acces u\u0219or la toate fi\u0219ierele, fotografiile \u0219i videoclipurile de care ave\u021bi nevoie. Pentru performan\u021b\u0103 sporit\u0103, ad\u0103uga\u021bi o unitate SSD PCIe M.2 de p&acirc;n\u0103 la 512 GB sau opta\u021bi pentru unit\u0103\u021bile duble, pentru a rula mai multe programe simultan f\u0103r\u0103 a sacrifica viteza. Compatibil cu pl\u0103ci grafice NVIDIA GeForce GTX 1050 Ti cu memorie GDDR5 de p&acirc;n\u0103 la 4 GB.<\/div>\n<\/div>\n<\/div>\n<div class=\"tabFeature inlineContent\" style=\"margin-top: 15px;margin-bottom: 15px;vertical-align: baseline;background-position: initial;background-color: #eeeeee;font-size: 13px;color: #000000;font-family: roboto, Arial, Helvetica, sans-serif\">\n<div class=\"rightImgContainer\" style=\"margin-bottom: 30px;vertical-align: baseline;background-position: initial;width: 925px\"><img decoding=\"async\" alt=\"Design perfect pentru birou\" src=\"https:\/\/i.dell.com\/is\/image\/DellContent\/\/content\/dam\/global-site-design\/product_images\/dell_client_products\/desktops\/vostro_desktops\/vostro_3670\/pdp\/desktop-vostro-3670-mt-pdp-2.jpg?fmt=jpg\" title=\"Design perfect pentru birou\" style=\"padding-top: 8px;padding-left: 30px;vertical-align: baseline;background-position: initial;float: right\" \/><\/p>\n<div class=\"leftContent inlineContent\" style=\"margin-right: 10px;vertical-align: baseline;background-position: initial;color: #000000;height: 166.364px;line-height: 1.42em;overflow: hidden\">\n<h2 style=\"margin-top: 20px;margin-bottom: 10px;padding-bottom: 10px;vertical-align: baseline;background-position: initial;font-size: 1.153em;color: #000000;font-weight: bold;line-height: 1.154em\">Design perfect pentru birou<\/h2>\n<p><span style=\"vertical-align: baseline;background-position: initial\"><strong style=\"vertical-align: baseline;background-position: initial\">R\u0103cire superioar\u0103:<\/strong>&nbsp;partea din fa\u021b\u0103 a sistemului, proiectat\u0103 cu design unic, cu plas\u0103, include orificii de aerisire suplimentare, pentru reducerea prafului, r\u0103cire mai rapid\u0103 \u0219i &icirc;mbun\u0103t\u0103\u021bire general\u0103 a performan\u021bei. Op\u021biunile de culoare difer\u0103 &icirc;n func\u021bie de regiune.<br style=\"clear: both\" \/><br style=\"clear: both\" \/><strong style=\"vertical-align: baseline;background-position: initial\">Economie de spa\u021biu:<\/strong>&nbsp;datorit\u0103 designului compact, sistemul tower Vostro asigur\u0103 suficient spa\u021biu pe birou, iar porturile pot fi accesate u\u0219or.<br style=\"clear: both\" \/><\/span><\/div>\n<div class=\"allPurposeClear\" style=\"vertical-align: baseline;background-position: initial;clear: both\"><\/div>\n<\/div>\n<\/div>\n<div class=\"tabFeature inlineContent\" style=\"margin-top: 15px;margin-bottom: 15px;vertical-align: baseline;background-position: initial;background-color: #eeeeee;font-size: 13px;color: #000000;font-family: roboto, Arial, Helvetica, sans-serif\">\n<div class=\"leftImgContainer\" style=\"vertical-align: baseline;background-position: initial\"><img decoding=\"async\" alt=\"Securitate absolut\u0103\" src=\"https:\/\/i.dell.com\/is\/image\/DellContent\/\/content\/dam\/global-site-design\/product_images\/dell_client_products\/desktops\/vostro_desktops\/vostro_3670\/pdp\/desktop-vostro-3670-mt-pdp-3.jpg?fmt=jpg\" title=\"Securitate absolut\u0103\" style=\"padding-top: 1px;padding-right: 30px;vertical-align: baseline;background-position: initial;float: left\" \/><\/p>\n<div class=\"rightContent inlineContent\" style=\"margin-right: 10px;vertical-align: baseline;background-position: initial;color: #000000;height: 202.727px;line-height: 1.42em;overflow: hidden\">\n<h2 style=\"margin-top: 20px;margin-bottom: 10px;padding-bottom: 10px;vertical-align: baseline;background-position: initial;font-size: 1.153em;color: #000000;font-weight: bold;line-height: 1.154em\">Securitate absolut\u0103<\/h2>\n<p><span style=\"vertical-align: baseline;background-position: initial\"><strong style=\"vertical-align: baseline;background-position: initial\">Criptare simplificat\u0103:<\/strong>&nbsp;beneficia\u021bi de securitate de nivel comercial, inclusiv de protec\u021bie hardware prin modulul TPM 2.0, \u0219i de spa\u021biu de stocare pentru cheile de criptare care ajut\u0103 la identificarea dispozitivului ca fiind unic \u0219i de &icirc;ncredere.<br style=\"clear: both\" \/><br style=\"clear: both\" \/><strong style=\"vertical-align: baseline;background-position: initial\">Acces restric\u021bionat:<\/strong>&nbsp;pute\u021bi fi sigur c\u0103 utilizatorii neautoriza\u021bi nu v\u0103 pot accesa sistemele, datorit\u0103 instrumentului Bitlocker, care v\u0103 ofer\u0103 op\u021biuni de autentificare multi-factor \u0219i func\u021bii de blocare a sistemului dac\u0103 nu se furnizeaz\u0103 codul de identificare personal\u0103 (PIN) corect.<\/span><\/div>\n<div class=\"allPurposeClear\" style=\"vertical-align: baseline;background-position: initial;clear: both\"><\/div>\n<\/div>\n<\/div>\n<div class=\"tabFeature inlineContent\" style=\"margin-top: 15px;margin-bottom: 15px;vertical-align: baseline;background-position: initial;background-color: #eeeeee;font-size: 13px;color: #000000;font-family: roboto, Arial, Helvetica, sans-serif\">\n<div class=\"topImgContainer\" style=\"margin-bottom: 30px;vertical-align: baseline;background-position: initial\">\n<div class=\"topImg \" style=\"margin-top: 20px;margin-bottom: 20px;vertical-align: baseline;background-position: initial;text-align: center\"><img decoding=\"async\" alt=\"Unifica\u021bi-v\u0103 dispozitivele cu Dell Mobile Connect\" src=\"https:\/\/i.dell.com\/is\/image\/DellContent\/\/content\/dam\/global-site-design\/product_images\/dell_client_products\/desktops\/vostro_desktops\/vostro_3671\/pdp\/desktop-vostro-3671-mt-odd-pdp-1.jpg?fmt=jpg\" title=\"Unifica\u021bi-v\u0103 dispozitivele cu Dell Mobile Connect\" style=\"vertical-align: baseline;background-position: initial\" \/><\/div>\n<h2 style=\"margin-top: 20px;margin-bottom: 10px;padding-bottom: 10px;vertical-align: baseline;background-position: initial;font-size: 1.153em;color: #000000;font-weight: bold;line-height: 1.154em\">Unifica\u021bi-v\u0103 dispozitivele cu Dell Mobile Connect<\/h2>\n<div class=\"bottomContent inlineContent\" style=\"margin-right: 10px;vertical-align: baseline;background-position: initial;color: #000000;line-height: 1.42em\"><strong style=\"vertical-align: baseline;background-position: initial\">Integrare perfect\u0103 &icirc;ntre PC \u0219i smartphone<\/strong>: accesa\u021bi mai multe dispozitive f\u0103r\u0103 a v\u0103 &icirc;mp\u0103r\u021bi aten\u021bia. Dell Mobile Connect v\u0103 asociaz\u0103 computerul desktop cu smartphone-ul cu iOS sau Android.<br style=\"clear: both\" \/><br style=\"clear: both\" \/><strong style=\"vertical-align: baseline;background-position: initial\">Limitarea &icirc;ntreruperilor:<\/strong>&nbsp;prin intermediul Dell Mobile Connect, pute\u021bi s\u0103 efectua\u021bi apeluri, s\u0103 trimite\u021bi mesaje SMS, s\u0103 primi\u021bi notific\u0103ri \u0219i chiar s\u0103 oglindi\u021bi telefonul Android pe PC pentru a interac\u021biona cu toate aplica\u021biile preferate.<br style=\"clear: both\" \/><br style=\"clear: both\" \/><strong style=\"vertical-align: baseline;background-position: initial\">Confiden\u021bialitate perfect protejat\u0103:<\/strong>&nbsp;telefonul se conecteaz\u0103 la PC prin conexiunea securizat\u0103, punct la punct, oferit\u0103 de Dell Mobile Connect, astfel &icirc;nc&acirc;t datele dvs. s\u0103 nu fie niciodat\u0103 expuse prin conexiuni la internet nesecurizate.<br style=\"clear: both\" \/><br style=\"clear: both\" \/><strong style=\"vertical-align: baseline;background-position: initial\">Transfer simplu:<\/strong>&nbsp;muta\u021bi rapid fotografiile, videoclipurile, muzica \u0219i documentele de pe PC-uri pe telefoane Android \u0219i viceversa, f\u0103r\u0103 servicii de stocare de tip cloud complicate sau cabluri st&acirc;njenitoare.<br style=\"clear: both\" \/><br style=\"clear: both\" \/>*Aplica\u021bia Dell Mobile Connect trebuie desc\u0103rcat\u0103 pe PC-ul \u0219i smartphone-ul dvs. Interac\u021biunea cu aplica\u021biile mobile prin func\u021bia de oglindire (mirroring) este disponibil\u0103 numai pe dispozitivele Android.<\/div>\n<\/div>\n<\/div>\n<div class=\"tabFeature inlineContent\" style=\"margin-top: 15px;margin-bottom: 15px;vertical-align: baseline;background-position: initial;background-color: #eeeeee;font-size: 13px;color: #000000;font-family: roboto, Arial, Helvetica, sans-serif\">\n<div class=\"topImgContainer\" style=\"margin-bottom: 30px;vertical-align: baseline;background-position: initial\">\n<div class=\"topImg \" style=\"margin-top: 20px;margin-bottom: 20px;vertical-align: baseline;background-position: initial;text-align: center\"><img decoding=\"async\" alt=\"Porturi \u0219i sloturi\" src=\"https:\/\/i.dell.com\/is\/image\/DellContent\/\/content\/dam\/global-site-design\/product_images\/dell_client_products\/desktops\/vostro_desktops\/vostro_3671\/pdp\/desktop-vostro-3671-mt-pdp-4.jpg?fmt=jpg\" title=\"Porturi \u0219i sloturi\" style=\"vertical-align: baseline;background-position: initial\" \/><\/div>\n<h2 style=\"margin-top: 20px;margin-bottom: 10px;padding-bottom: 10px;vertical-align: baseline;background-position: initial;font-size: 1.153em;color: #000000;font-weight: bold;line-height: 1.154em\">Porturi \u0219i sloturi<\/h2>\n<div class=\"bottomContent inlineContent\" style=\"margin-right: 10px;vertical-align: baseline;background-position: initial;color: #000000;line-height: 1.42em\">1. Lentil\u0103 cu LED pentru unitatea de disc optic | 2. Unitate optic\u0103 | 3. Buton de pornire | 4. Lentil\u0103 cu LED pentru hard disk | 5. Cititor de carduri SD | 6. Muf\u0103 audio universal\u0103| 7. 2 porturi USB 3.0 | 8. Intrare\/ie\u0219ire linie | 9. Port HDMI | 10. Conector VGA | 11. 4 porturi USB 2.0 | 12. Port de re\u021bea Gigabit Ethernet | 13. 4 sloturi de extindere | 14. Slot pentru cablu de securitate | 15. Surs\u0103 de alimentare<\/div>\n<\/div>\n<\/div>\n<div class=\"tabFeature inlineContent\" style=\"margin-top: 15px;margin-bottom: 15px;vertical-align: baseline;background-position: initial;background-color: #eeeeee;font-size: 13px;color: #000000;font-family: roboto, Arial, Helvetica, sans-serif\">\n<div class=\"topImgContainer\" style=\"margin-bottom: 30px;vertical-align: baseline;background-position: initial\">\n<div class=\"topImg \" style=\"margin-top: 20px;margin-bottom: 20px;vertical-align: baseline;background-position: initial;text-align: center\"><img decoding=\"async\" alt=\"Dimensiuni \u0219i greutate\" src=\"https:\/\/i.dell.com\/is\/image\/DellContent\/\/content\/dam\/global-site-design\/product_images\/dell_client_products\/desktops\/vostro_desktops\/vostro_3670\/pdp\/desktop-vostro-3670-mt-pdp-5.jpg?fmt=jpg\" title=\"Dimensiuni \u0219i greutate\" style=\"vertical-align: baseline;background-position: initial\" \/><\/div>\n<h2 style=\"margin-top: 20px;margin-bottom: 10px;padding-bottom: 10px;vertical-align: baseline;background-position: initial;font-size: 1.153em;color: #000000;font-weight: bold;line-height: 1.154em\">Dimensiuni \u0219i greutate<\/h2>\n<div class=\"bottomContent inlineContent\" style=\"margin-right: 10px;vertical-align: baseline;background-position: initial;color: #000000;line-height: 1.42em\">1. L\u0103\u021bime: 160 mm (6,3&#8243;) | 2. Ad&acirc;ncime: 289,4 mm (11,39&#8243;) | 3. &Icirc;n\u0103l\u021bime: 373,7 mm (14,71&#8243;) | Greutate minim\u0103: 5,27 kg (11,6 lb)<a class=\"technote microcontent\" rel=\"technotes:weight-vary\" href=\"https:\/\/www.dell.com\/mc.ashx?id=technotes:weight-vary&amp;c=ro&amp;l=ro&amp;s=bsd&amp;modalwidth=400&amp;modalHeight=150&amp;ovropac=0&amp;modalscroll=yes&amp;modaltarget=div&amp;modaltype=tooltip&amp;position=bottom&amp;title=Detalii%20importante&amp;flip=false&amp;eventType=rollover\" name=\"modalPopup\" style=\"vertical-align: 0px;background-position: initial;font-size: 1.1em;color: #006699\"><span style=\"vertical-align: baseline;background-position: initial;font-weight: bold;color: #999999;font-size: 0.769em\">1<\/span><\/a><\/div>\n<\/div>\n<\/div>\n","protected":false},"excerpt":{"rendered":"<p>Sistem de operare Disponibil cu sistem de operare Windows 10&nbsp;Pro&nbsp;&ndash; pentru o experien\u0163\u0103 optimizat\u0103 \u015fi flexibil\u0103 de lucru pe PC. Performan\u021b\u0103 neobosit\u0103 Puternic din toate punctele de vedere:&nbsp;termina\u021bi rapid \u0219i eficient proiectele cu ajutorul procesoarelor de p&acirc;n\u0103 la modelul Intel&reg;&nbsp;Core&trade; i7 din a noua genera\u021bie \u0219i al memoriei DDR4 de p&acirc;n\u0103 la 32 GB, la<span class=\"read-more-faq\"><a href=\"https:\/\/hqstore.ro\/index.php\/product\/desktop-pc-vostro-desktop-3671-290w-psu-sliver-mesh-black-badge-with-n510vd3671emea_ubu\/\">Read More<\/a><\/span><\/p>\n","protected":false},"featured_media":23751,"comment_status":"open","ping_status":"closed","template":"","meta":[],"product_cat":[295],"product_tag":[],"_links":{"self":[{"href":"https:\/\/hqstore.ro\/index.php\/wp-json\/wp\/v2\/product\/23750"}],"collection":[{"href":"https:\/\/hqstore.ro\/index.php\/wp-json\/wp\/v2\/product"}],"about":[{"href":"https:\/\/hqstore.ro\/index.php\/wp-json\/wp\/v2\/types\/product"}],"replies":[{"embeddable":true,"href":"https:\/\/hqstore.ro\/index.php\/wp-json\/wp\/v2\/comments?post=23750"}],"wp:featuredmedia":[{"embeddable":true,"href":"https:\/\/hqstore.ro\/index.php\/wp-json\/wp\/v2\/media\/23751"}],"wp:attachment":[{"href":"https:\/\/hqstore.ro\/index.php\/wp-json\/wp\/v2\/media?parent=23750"}],"wp:term":[{"taxonomy":"product_cat","embeddable":true,"href":"https:\/\/hqstore.ro\/index.php\/wp-json\/wp\/v2\/product_cat?post=23750"},{"taxonomy":"product_tag","embeddable":true,"href":"https:\/\/hqstore.ro\/index.php\/wp-json\/wp\/v2\/product_tag?post=23750"}],"curies":[{"name":"wp","href":"https:\/\/api.w.org\/{rel}","templated":true}]}}