{"id":23674,"date":"2020-10-27T20:06:31","date_gmt":"2020-10-27T17:06:31","guid":{"rendered":"https:\/\/hqstore.ro\/index.php\/product\/desktop-pc-desktop-dell-optiplex-3070-mt-intel-core-i3-9100-8gb-256gb-dop3070i38256wp\/"},"modified":"2020-12-12T08:47:01","modified_gmt":"2020-12-12T05:47:01","slug":"desktop-pc-desktop-dell-optiplex-3070-mt-intel-core-i3-9100-8gb-256gb-dop3070i38256wp","status":"publish","type":"product","link":"https:\/\/hqstore.ro\/index.php\/product\/desktop-pc-desktop-dell-optiplex-3070-mt-intel-core-i3-9100-8gb-256gb-dop3070i38256wp\/","title":{"rendered":"Desktop Dell OptiPlex 3070 MT Intel\u00ae Core i3-9100 8GB 256GB"},"content":{"rendered":"<p><span style=\"font-family: Arial;font-size: 12px\"><\/span><\/p>\n<div class=\"tabFeature inlineContent\" style=\"margin-top: 15px;margin-bottom: 15px;vertical-align: baseline;background-position: initial;background-color: #eeeeee;font-size: 13px;color: #000000;font-family: roboto, Arial, Helvetica, sans-serif\">\n<div class=\"topImgContainer\" style=\"margin-bottom: 30px;vertical-align: baseline;background-position: initial\">\n<h2 style=\"margin-top: 20px;margin-bottom: 10px;padding-bottom: 10px;vertical-align: baseline;background-position: initial;font-size: 1.153em;color: #000000;font-weight: bold;line-height: 1.154em\">Extinde\u021bi productivitatea.<\/h2>\n<div class=\"bottomContent inlineContent\" style=\"margin-right: 10px;vertical-align: baseline;background-position: initial;color: #000000;line-height: 1.42em\">OptiPlex are peste 25 de ani de experien\u021b\u0103 &icirc;n furnizarea de inova\u021bii orientate spre client pentru desktopuri, cre&acirc;nd &icirc;n permanen\u021b\u0103 solu\u021bii mai rapide \u0219i mai inteligente. Cu factori de form\u0103 flexibili, care asigur\u0103 economie de spa\u021biu, cu op\u021biuni de implementare particularizate \u0219i procesoare Intel&reg; Core&trade; din a noua genera\u021bie.<\/div>\n<\/div>\n<\/div>\n<div class=\"tabFeature inlineContent\" style=\"margin-top: 15px;margin-bottom: 15px;vertical-align: baseline;background-position: initial;background-color: #eeeeee;font-size: 13px;color: #000000;font-family: roboto, Arial, Helvetica, sans-serif\">\n<div class=\"topImgContainer\" style=\"margin-bottom: 30px;vertical-align: baseline;background-position: initial\">\n<div class=\"topImg \" style=\"margin-top: 20px;margin-bottom: 20px;vertical-align: baseline;background-position: initial;text-align: center\"><img decoding=\"async\" alt=\"Lucra\u021bi inteligent\" src=\"https:\/\/i.dell.com\/is\/image\/DellContent\/\/content\/dam\/global-site-design\/product_images\/dell_client_products\/desktops\/optiplex_desktops\/3070\/pdp\/desktop-optiplex-3070-t-sff-mlk-pdp-mod2.jpg?fmt=jpg\" title=\"Lucra\u021bi inteligent\" style=\"vertical-align: baseline;background-position: initial\" \/><\/div>\n<h2 style=\"margin-top: 20px;margin-bottom: 10px;padding-bottom: 10px;vertical-align: baseline;background-position: initial;font-size: 1.153em;color: #000000;font-weight: bold;line-height: 1.154em\">Lucra\u021bi inteligent<\/h2>\n<div class=\"bottomContent inlineContent\" style=\"margin-right: 10px;vertical-align: baseline;background-position: initial;color: #000000;line-height: 1.42em\"><strong style=\"vertical-align: baseline;background-position: initial\">Eficien\u021b\u0103 f\u0103r\u0103 limite:<\/strong>&nbsp;ideale pentru mediile de &icirc;nv\u0103\u0163\u0103m&acirc;nt \u0219i centrele de asisten\u021b\u0103 telefonic\u0103, aceste desktopuri dispun de fiabilitatea \u0219i de avantajele de economisire a spa\u021biului la care v\u0103 a\u0219tepta\u021bi. U\u0219or de &icirc;ntre\u021binut \u0219i de montat, aceste desktopuri esen\u021biale elimin\u0103 toate obstacolele din calea succesului.<br style=\"clear: both\" \/><br style=\"clear: both\" \/><strong style=\"vertical-align: baseline;background-position: initial\">Adaptat cerin\u021belor:<\/strong>&nbsp;suportul pentru sisteme All-in-One OptiPlex cu factor de form\u0103 redus asigur\u0103 cablare integrat\u0103 pentru o solu\u021bie cu un cablu de alimentare \u0219i ofer\u0103 aspectul unui sistem all-in-one \u0219i flexibilitatea optim\u0103 de care ave\u021bi nevoie pentru a lucra.<br style=\"clear: both\" \/><br style=\"clear: both\" \/><strong style=\"vertical-align: baseline;background-position: initial\">Creat &icirc;n mod inteligent:<\/strong>&nbsp;cu un con\u021binut de materiale plastice reciclate dup\u0103 comercializare de cel pu\u021bin 39&nbsp;%<a class=\"technote microcontent\" rel=\"technotes:optiplex-3070-desktop-percentage\" href=\"https:\/\/www.dell.com\/mc.ashx?id=technotes:optiplex-3070-desktop-percentage&amp;c=ro&amp;l=ro&amp;s=bsd&amp;modalwidth=400&amp;modalHeight=150&amp;ovropac=0&amp;modalscroll=yes&amp;modaltarget=div&amp;modaltype=tooltip&amp;position=bottom&amp;title=Detalii%20importante&amp;flip=false&amp;eventType=rollover\" name=\"modalPopup\" style=\"vertical-align: 0px;background-position: initial;font-size: 1.1em;color: #006699\"><span style=\"vertical-align: baseline;background-position: initial;font-weight: bold;color: #999999;font-size: 0.769em\">1<\/span><\/a>, pute\u021bi fi sigur c\u0103 lucra\u021bi inteligent \u0219i sustenabil.<\/div>\n<\/div>\n<\/div>\n<div class=\"tabFeature inlineContent\" style=\"margin-top: 15px;margin-bottom: 15px;vertical-align: baseline;background-position: initial;background-color: #eeeeee;font-size: 13px;color: #000000;font-family: roboto, Arial, Helvetica, sans-serif\">\n<div class=\"rightImgContainer\" style=\"margin-bottom: 30px;vertical-align: baseline;background-position: initial;width: 925px\"><img decoding=\"async\" alt=\"Productivitate f\u0103r\u0103 compromisuri\" src=\"https:\/\/i.dell.com\/is\/image\/DellContent\/\/content\/dam\/global-site-design\/product_images\/dell_client_products\/desktops\/optiplex_desktops\/3070\/pdp\/desktop-optiplex-3070-t-sff-mlk-pdp-mod3.jpg?fmt=jpg\" title=\"Productivitate f\u0103r\u0103 compromisuri\" style=\"padding-top: 8px;padding-left: 30px;vertical-align: baseline;background-position: initial;float: right\" \/><\/p>\n<div class=\"leftContent inlineContent\" style=\"margin-right: 10px;vertical-align: baseline;background-position: initial;color: #000000;height: 312.727px;line-height: 1.42em;overflow: hidden\">\n<h2 style=\"margin-top: 20px;margin-bottom: 10px;padding-bottom: 10px;vertical-align: baseline;background-position: initial;font-size: 1.153em;color: #000000;font-weight: bold;line-height: 1.154em\">Productivitate f\u0103r\u0103 compromisuri<\/h2>\n<p><span style=\"vertical-align: baseline;background-position: initial\"><strong style=\"vertical-align: baseline;background-position: initial\">Putere pentru &icirc;ntreaga zi de munc\u0103:<\/strong>&nbsp;procesoarele Intel&reg; Core&trade; din a opta genera\u021bie v\u0103 u\u0219ureaz\u0103 activitatea mai mult ca oric&acirc;nd.<br style=\"clear: both\" \/><br style=\"clear: both\" \/><strong style=\"vertical-align: baseline;background-position: initial\">Porni\u021bi sistemul mai repede ca oric&acirc;nd:<\/strong>&nbsp;lansa\u021bi cele mai utilizate fi\u0219iere \u0219i aplica\u021bii &icirc;ntr-o clip\u0103 cu memoria op\u021bional\u0103 Intel&reg; Optane&trade;. Adaptat\u0103 la cerin\u021bele utilizatorului, aceasta pre&icirc;ncarc\u0103 \u0219i accelereaz\u0103 aplica\u021biile \u0219i fi\u0219ierele frecvent utilizate, oferind o capacitate mai bun\u0103 de r\u0103spuns, f\u0103r\u0103 a compromite capacitatea de stocare. Activit\u0103\u021bile de zi cu zi au o vitez\u0103 de r\u0103spuns de p&acirc;n\u0103 la dou\u0103 ori mai mare datorit\u0103 memoriei Intel&reg; Optane&trade;<a class=\"technote microcontent\" rel=\"technotes:optiplex-3070-desktop-memory\" href=\"https:\/\/www.dell.com\/mc.ashx?id=technotes:optiplex-3070-desktop-memory&amp;c=ro&amp;l=ro&amp;s=bsd&amp;modalwidth=400&amp;modalHeight=150&amp;ovropac=0&amp;modalscroll=yes&amp;modaltarget=div&amp;modaltype=tooltip&amp;position=bottom&amp;title=Detalii%20importante&amp;flip=false&amp;eventType=rollover\" name=\"modalPopup\" style=\"vertical-align: 0px;background-position: initial;font-size: 1.1em;color: #006699\"><span style=\"vertical-align: baseline;background-position: initial;font-weight: bold;color: #999999;font-size: 0.769em\">2<\/span><\/a>.<br style=\"clear: both\" \/><br style=\"clear: both\" \/><strong style=\"vertical-align: baseline;background-position: initial\">Conectivitate la distan\u021b\u0103:<\/strong>&nbsp;sistemul OptiPlex 3070 este dotat cu cea mai recent\u0103 plac\u0103 de re\u021bea Wi-Fi 802.11ac Wave 2 pentru performan\u021be wireless &icirc;mbun\u0103t\u0103\u021bite. Cu Wave 2, desktopul se conecteaz\u0103 la distan\u021be mai mari fa\u021b\u0103 de ruterul Wi-Fi \u0219i ofer\u0103 viteze Wi-Fi superioare pentru streaming mai rapid.<\/span><\/div>\n<div class=\"allPurposeClear\" style=\"vertical-align: baseline;background-position: initial;clear: both\"><\/div>\n<\/div>\n<\/div>\n<div class=\"tabFeature inlineContent\" style=\"margin-top: 15px;margin-bottom: 15px;vertical-align: baseline;background-position: initial;background-color: #eeeeee;font-size: 13px;color: #000000;font-family: roboto, Arial, Helvetica, sans-serif\">\n<div class=\"leftImgContainer\" style=\"vertical-align: baseline;background-position: initial\"><img decoding=\"async\" alt=\"U\u0219urin\u021b\u0103 &icirc;n gestionare \u0219i securizare\" src=\"https:\/\/i.dell.com\/is\/image\/DellContent\/\/content\/dam\/global-site-design\/product_images\/dell_client_products\/desktops\/optiplex_desktops\/3070\/pdp\/desktop-optiplex-3070-t-sff-mlk-pdp-mod4.jpg?fmt=jpg\" title=\"U\u0219urin\u021b\u0103 &icirc;n gestionare \u0219i securizare\" style=\"padding-top: 1px;padding-right: 30px;vertical-align: baseline;background-position: initial;float: left\" \/><\/p>\n<div class=\"rightContent inlineContent\" style=\"margin-right: 10px;vertical-align: baseline;background-position: initial;color: #000000;height: 281.818px;line-height: 1.42em;overflow: hidden\">\n<h2 style=\"margin-top: 20px;margin-bottom: 10px;padding-bottom: 10px;vertical-align: baseline;background-position: initial;font-size: 1.153em;color: #000000;font-weight: bold;line-height: 1.154em\">U\u0219urin\u021b\u0103 &icirc;n gestionare \u0219i securizare<\/h2>\n<p style=\"margin-top: 9px;margin-bottom: 0px;vertical-align: baseline;background-position: initial;font-size: 1em;color: #333333;line-height: 1.385em\"><strong style=\"vertical-align: baseline;background-position: initial\">Confort absolut:&nbsp;<\/strong>&nbsp;gestiona\u021bi toate terminalele cu Windows 10 de la o singur\u0103 consol\u0103 cu Dell Client Command Suite \u0219i integrarea VMware Workspace ONE.<br style=\"clear: both\" \/><br style=\"clear: both\" \/><strong style=\"vertical-align: baseline;background-position: initial\">R\u0103m&acirc;ne\u021bi &icirc;n siguran\u021b\u0103:&nbsp;<\/strong>&nbsp;OptiPlex are TPM 2.0, contacte de alarm\u0103 &icirc;mpotriva deschiderii neautorizate a \u0219asiului \u0219i capace op\u021bionale pentru cabluri \u0219i porturi. &Icirc;ntr-o lume cu tot mai multe atacuri, p\u0103stra\u021bi-v\u0103 avantajul competitiv cu ajutorul dispozitivelor de &icirc;ncredere Dell, care au solu\u021bii \u0219i servicii de securitate &icirc;ncorporate \u0219i op\u021bionale.<br style=\"clear: both\" \/><br style=\"clear: both\" \/><strong style=\"vertical-align: baseline;background-position: initial\">Lucra\u021bi cu &icirc;ncredere:<\/strong>&nbsp;Dell SafeBIOS ofer\u0103 siguran\u021ba c\u0103 sistemul BIOS nu a fost modificat sau ajustat f\u0103r\u0103 s\u0103 \u0219ti\u021bi. &Icirc;n plus, Dell SafeData le ofer\u0103 utilizatorilor finali libertatea de a colabora inteligent, \u0219tiind c\u0103 datele pe care le creeaz\u0103 sunt protejate, chiar \u0219i atunci c&acirc;nd sunt create \u0219i stocate &icirc;n cloud.<\/p>\n<\/div>\n<div class=\"allPurposeClear\" style=\"vertical-align: baseline;background-position: initial;clear: both\"><\/div>\n<\/div>\n<\/div>\n<div class=\"tabFeature inlineContent\" style=\"margin-top: 15px;margin-bottom: 15px;vertical-align: baseline;background-position: initial;background-color: #eeeeee;font-size: 13px;color: #000000;font-family: roboto, Arial, Helvetica, sans-serif\">\n<div class=\"topImgContainer\" style=\"margin-bottom: 30px;vertical-align: baseline;background-position: initial\">\n<h2 style=\"margin-top: 20px;margin-bottom: 10px;padding-bottom: 10px;vertical-align: baseline;background-position: initial;font-size: 1.153em;color: #000000;font-weight: bold;line-height: 1.154em\">Avem grij\u0103 de compania dvs.<\/h2>\n<div class=\"bottomContent inlineContent\" style=\"margin-right: 10px;vertical-align: baseline;background-position: initial;color: #000000;line-height: 1.42em\"><strong style=\"vertical-align: baseline;background-position: initial\">ProDeploy Client Suite:<\/strong>&nbsp;v\u0103 ajut\u0103m s\u0103 implementa\u021bi PC-urile mai rapid, cu mai pu\u021bin efort \u0219i &icirc;n mod mai controlat. Dvs. ve\u021bi decide fiecare detaliu al implement\u0103rii cu ajutorul portalului nostru TechDirect, care v\u0103 ofer\u0103 un nivel f\u0103r\u0103 precedent de control, automatizare \u0219i simplitate.<br style=\"clear: both\" \/><br style=\"clear: both\" \/><strong style=\"vertical-align: baseline;background-position: initial\">ProSupport:<\/strong>&nbsp;permite\u021bi-ne s\u0103 simplific\u0103m serviciul de asisten\u021b\u0103 hardware \u0219i software. ProSupport v\u0103 ofer\u0103 acces 24&#215;7 la exper\u021bii de tehnologii avansate din regiune, care s\u0103 v\u0103 contacteze atunci c&acirc;nd apar probleme esen\u021biale<a class=\"technote microcontent\" rel=\"technotes:supportassist-not-available\" href=\"https:\/\/www.dell.com\/mc.ashx?id=technotes:supportassist-not-available&amp;c=ro&amp;l=ro&amp;s=bsd&amp;modalwidth=400&amp;modalHeight=150&amp;ovropac=0&amp;modalscroll=yes&amp;modaltarget=div&amp;modaltype=tooltip&amp;position=bottom&amp;title=Detalii%20importante&amp;flip=false&amp;eventType=rollover\" name=\"modalPopup\" style=\"vertical-align: 0px;background-position: initial;font-size: 1.1em;color: #006699\"><span style=\"vertical-align: baseline;background-position: initial;font-weight: bold;color: #999999;font-size: 0.769em\">3<\/span><\/a>, astfel &icirc;nc&acirc;t s\u0103 v\u0103 pute\u021bi concentra asupra activit\u0103\u021bilor strategice care asigur\u0103 progresul companiei dvs.<br style=\"clear: both\" \/><br style=\"clear: both\" \/><strong style=\"vertical-align: baseline;background-position: initial\">ProSupport Plus:<\/strong>&nbsp;cu cel mai complet dintre serviciile noastre de asisten\u021b\u0103 pentru PC-uri, beneficia\u021bi de toate capacit\u0103\u021bile ProSupport, plus pre&icirc;nt&acirc;mpinarea defec\u021biunilor hard diskului<a class=\"technote microcontent\" rel=\"technotes:predictive-analysis\" href=\"https:\/\/www.dell.com\/mc.ashx?id=technotes:predictive-analysis&amp;c=ro&amp;l=ro&amp;s=bsd&amp;modalwidth=400&amp;modalHeight=150&amp;ovropac=0&amp;modalscroll=yes&amp;modaltarget=div&amp;modaltype=tooltip&amp;position=bottom&amp;title=Detalii%20importante&amp;flip=false&amp;eventType=rollover\" name=\"modalPopup\" style=\"vertical-align: 0px;background-position: initial;font-size: 1.1em;color: #006699\"><span style=\"vertical-align: baseline;background-position: initial;font-weight: bold;color: #999999;font-size: 0.769em\">4<\/span><\/a>, repara\u021bii pentru c\u0103deri, v\u0103rs\u0103ri de lichide \u0219i supratensiuni \u0219i p\u0103strarea hard diskului<a class=\"technote microcontent\" rel=\"technotes:hard-drive-retention\" href=\"https:\/\/www.dell.com\/mc.ashx?id=technotes:hard-drive-retention&amp;c=ro&amp;l=ro&amp;s=bsd&amp;modalwidth=400&amp;modalHeight=150&amp;ovropac=0&amp;modalscroll=yes&amp;modaltarget=div&amp;modaltype=tooltip&amp;position=bottom&amp;title=Detalii%20importante&amp;flip=false&amp;eventType=rollover\" name=\"modalPopup\" style=\"vertical-align: 0px;background-position: initial;font-size: 1.1em;color: #006699\"><span style=\"vertical-align: baseline;background-position: initial;font-weight: bold;color: #999999;font-size: 0.769em\">5<\/span><\/a>&nbsp;&icirc;n cazul &icirc;nlocuirii. &Icirc;n mediul aflat &icirc;n mi\u0219care rapid\u0103 de ast\u0103zi, nu mai exist\u0103 timp pentru inactivitate. Dell v\u0103 sus\u021bine &icirc;n tot ceea ce face\u021bi. Face\u021bi upgrade la ProSupport Plus.<\/div>\n<\/div>\n<\/div>\n<div class=\"tabFeature inlineContent\" style=\"margin-top: 15px;margin-bottom: 15px;vertical-align: baseline;background-position: initial;background-color: #eeeeee;font-size: 13px;color: #000000;font-family: roboto, Arial, Helvetica, sans-serif\">\n<div class=\"topImgContainer\" style=\"margin-bottom: 30px;vertical-align: baseline;background-position: initial\">\n<div class=\"topImg \" style=\"margin-top: 20px;margin-bottom: 20px;vertical-align: baseline;background-position: initial;text-align: center\"><img decoding=\"async\" alt=\"Porturi \u0219i sloturi &ndash; sistemul tower\" src=\"https:\/\/i.dell.com\/is\/image\/DellContent\/\/content\/dam\/global-site-design\/product_images\/dell_client_products\/desktops\/optiplex_desktops\/3070\/pdp\/desktop-optiplex-3070-t-sff-mlk-pdp-mod6.jpg?fmt=jpg\" title=\"Porturi \u0219i sloturi &ndash; sistemul tower\" style=\"vertical-align: baseline;background-position: initial\" \/><\/div>\n<h2 style=\"margin-top: 20px;margin-bottom: 10px;padding-bottom: 10px;vertical-align: baseline;background-position: initial;font-size: 1.153em;color: #000000;font-weight: bold;line-height: 1.154em\">Porturi \u0219i sloturi &ndash; sistemul tower<\/h2>\n<div class=\"bottomContent inlineContent\" style=\"margin-right: 10px;vertical-align: baseline;background-position: initial;color: #000000;line-height: 1.42em\">1. Buton de alimentare | 2. Unitate optic\u0103 (op\u021bional\u0103) | 3. Cititor de carduri de stocare SD (op\u021bional) | 4. Muf\u0103 audio universal\u0103 | 5. Porturi USB 2.0 (2) | 6. Porturi USB 3.1 Type-A din prima genera\u021bie (2) | 11. Ie\u0219ire audio | 8. Port HDMI | 9. Port DisplayPort | 10. Porturi USB 3.1 Type-A din prima genera\u021bie (2) | 11. Porturi USB 2.0 Type-A (2) | 12. Sloturi pentru pl\u0103ci PCIe (4) | 13. \u0218urub cu cap moletat | 14. Port serial (op\u021bional) | 15. Port video (DP op\u021bional\/HDMI 2.0\/VGA) | 16. Port RJ-45 | 17. Conector de alimentare | 18. Sloturi de ie\u0219ire pentru antene wireless | 19. \u0218urub cu cap moletat<\/div>\n<\/div>\n<\/div>\n<div class=\"tabFeature inlineContent\" style=\"margin-top: 15px;margin-bottom: 15px;vertical-align: baseline;background-position: initial;background-color: #eeeeee;font-size: 13px;color: #000000;font-family: roboto, Arial, Helvetica, sans-serif\">\n<div class=\"topImgContainer\" style=\"margin-bottom: 30px;vertical-align: baseline;background-position: initial\">\n<div class=\"topImg \" style=\"margin-top: 20px;margin-bottom: 20px;vertical-align: baseline;background-position: initial;text-align: center\"><img decoding=\"async\" alt=\"Porturi \u0219i sloturi &ndash; sistemul cu factor de form\u0103 redus\" src=\"https:\/\/i.dell.com\/is\/image\/DellContent\/\/content\/dam\/global-site-design\/product_images\/dell_client_products\/desktops\/optiplex_desktops\/3070\/pdp\/desktop-optiplex-3070-t-sff-mlk-pdp-mod5.jpg?fmt=jpg\" title=\"Porturi \u0219i sloturi &ndash; sistemul cu factor de form\u0103 redus\" style=\"vertical-align: baseline;background-position: initial\" \/><\/div>\n<h2 style=\"margin-top: 20px;margin-bottom: 10px;padding-bottom: 10px;vertical-align: baseline;background-position: initial;font-size: 1.153em;color: #000000;font-weight: bold;line-height: 1.154em\">Porturi \u0219i sloturi &ndash; sistemul cu factor de form\u0103 redus<\/h2>\n<div class=\"bottomContent inlineContent\" style=\"margin-right: 10px;vertical-align: baseline;background-position: initial;color: #000000;line-height: 1.42em\">1. Buton de alimentare | 2. Unitate optic\u0103 (op\u021bional\u0103) | 3. Cititor de carduri de stocare SD (op\u021bional) | 4. Muf\u0103 audio universal\u0103 | 5. Porturi USB 2.0 (2) | 6. Porturi USB 3.1 Type-A din prima genera\u021bie (2) | 11. Ie\u0219ire audio | 8. Port HDMI | 9. Port DisplayPort | 10. Porturi USB 3.1 Type-A din prima genera\u021bie (2) | 11. Porturi USB 2.0 (2) | 12. Sloturi pentru pl\u0103ci PCIe (2) | 13. \u0218urub cu cap moletat | 14. Port serial (op\u021bional) | 15. Port video (DP op\u021bional\/HDMI 2.0\/VGA) | 16. Port RJ-45 | 17. Sloturi de ie\u0219ire pentru antene wireless | 18. Conector de alimentare | 19. \u0218urub cu cap moletat<\/div>\n<\/div>\n<\/div>\n<div class=\"tabFeature inlineContent\" style=\"margin-top: 15px;margin-bottom: 15px;vertical-align: baseline;background-position: initial;background-color: #eeeeee;font-size: 13px;color: #000000;font-family: roboto, Arial, Helvetica, sans-serif\">\n<div class=\"topImgContainer\" style=\"margin-bottom: 30px;vertical-align: baseline;background-position: initial\">\n<div class=\"topImg \" style=\"margin-top: 20px;margin-bottom: 20px;vertical-align: baseline;background-position: initial;text-align: center\"><img decoding=\"async\" alt=\"Dimensiuni \u0219i greutate\" src=\"https:\/\/i.dell.com\/is\/image\/DellContent\/\/content\/dam\/global-site-design\/product_images\/dell_client_products\/desktops\/optiplex_desktops\/3070\/pdp\/desktop-optiplex-3070-t-sff-mlk-pdp-mod7.jpg?fmt=jpg\" title=\"Dimensiuni \u0219i greutate\" style=\"vertical-align: baseline;background-position: initial\" \/><\/div>\n<h2 style=\"margin-top: 20px;margin-bottom: 10px;padding-bottom: 10px;vertical-align: baseline;background-position: initial;font-size: 1.153em;color: #000000;font-weight: bold;line-height: 1.154em\">Dimensiuni \u0219i greutate<\/h2>\n<div class=\"bottomContent inlineContent\" style=\"margin-right: 10px;vertical-align: baseline;background-position: initial;color: #000000;line-height: 1.42em\"><strong style=\"vertical-align: baseline;background-position: initial\">Sistemul cu factor de form\u0103 redus:<\/strong>&nbsp;1. L\u0103\u021bime: 9,26 cm (3,7&#8243;) | 2. Ad&acirc;ncime: 29 cm (11,4&#8243;) | 3. &Icirc;n\u0103l\u021bime: 29,2 cm (11,5&#8243;) | Greutate minim\u0103: 5,26 kg (11,57 lb)<a class=\"technote microcontent\" rel=\"technotes:weight-varies\" href=\"https:\/\/www.dell.com\/mc.ashx?id=technotes:weight-varies&amp;c=ro&amp;l=ro&amp;s=bsd&amp;modalwidth=400&amp;modalHeight=150&amp;ovropac=0&amp;modalscroll=yes&amp;modaltarget=div&amp;modaltype=tooltip&amp;position=bottom&amp;title=Detalii%20importante&amp;flip=false&amp;eventType=rollover\" name=\"modalPopup\" style=\"vertical-align: 0px;background-position: initial;font-size: 1.1em;color: #006699\"><span style=\"vertical-align: baseline;background-position: initial;font-weight: bold;color: #999999;font-size: 0.769em\">6<\/span><\/a><br style=\"clear: both\" \/><br style=\"clear: both\" \/><strong style=\"vertical-align: baseline;background-position: initial\">Sistemul tower:<\/strong>&nbsp;1. L\u0103\u021bime: 15,4 cm (6,1&#8243;) | 2. Ad&acirc;ncime: 27,4 cm (10,8&#8243;) | 3. &Icirc;n\u0103l\u021bime: 35 cm (13,8&#8243;) | Greutate minim\u0103: 7,93 kg (17,49 lb)<a class=\"technote microcontent\" rel=\"technotes:weight-varies\" href=\"https:\/\/www.dell.com\/mc.ashx?id=technotes:weight-varies&amp;c=ro&amp;l=ro&amp;s=bsd&amp;modalwidth=400&amp;modalHeight=150&amp;ovropac=0&amp;modalscroll=yes&amp;modaltarget=div&amp;modaltype=tooltip&amp;position=bottom&amp;title=Detalii%20importante&amp;flip=false&amp;eventType=rollover\" name=\"modalPopup\" style=\"vertical-align: 0px;background-position: initial;font-size: 1.1em;color: #006699\"><span style=\"vertical-align: baseline;background-position: initial;font-weight: bold;color: #999999;font-size: 0.769em\">6<\/span><\/a><\/div>\n<\/div>\n<\/div>\n","protected":false},"excerpt":{"rendered":"<p>Extinde\u021bi productivitatea. OptiPlex are peste 25 de ani de experien\u021b\u0103 &icirc;n furnizarea de inova\u021bii orientate spre client pentru desktopuri, cre&acirc;nd &icirc;n permanen\u021b\u0103 solu\u021bii mai rapide \u0219i mai inteligente. Cu factori de form\u0103 flexibili, care asigur\u0103 economie de spa\u021biu, cu op\u021biuni de implementare particularizate \u0219i procesoare Intel&reg; Core&trade; din a noua genera\u021bie. Lucra\u021bi inteligent Eficien\u021b\u0103 f\u0103r\u0103<span class=\"read-more-faq\"><a href=\"https:\/\/hqstore.ro\/index.php\/product\/desktop-pc-desktop-dell-optiplex-3070-mt-intel-core-i3-9100-8gb-256gb-dop3070i38256wp\/\">Read More<\/a><\/span><\/p>\n","protected":false},"featured_media":23675,"comment_status":"open","ping_status":"closed","template":"","meta":[],"product_cat":[295],"product_tag":[],"_links":{"self":[{"href":"https:\/\/hqstore.ro\/index.php\/wp-json\/wp\/v2\/product\/23674"}],"collection":[{"href":"https:\/\/hqstore.ro\/index.php\/wp-json\/wp\/v2\/product"}],"about":[{"href":"https:\/\/hqstore.ro\/index.php\/wp-json\/wp\/v2\/types\/product"}],"replies":[{"embeddable":true,"href":"https:\/\/hqstore.ro\/index.php\/wp-json\/wp\/v2\/comments?post=23674"}],"wp:featuredmedia":[{"embeddable":true,"href":"https:\/\/hqstore.ro\/index.php\/wp-json\/wp\/v2\/media\/23675"}],"wp:attachment":[{"href":"https:\/\/hqstore.ro\/index.php\/wp-json\/wp\/v2\/media?parent=23674"}],"wp:term":[{"taxonomy":"product_cat","embeddable":true,"href":"https:\/\/hqstore.ro\/index.php\/wp-json\/wp\/v2\/product_cat?post=23674"},{"taxonomy":"product_tag","embeddable":true,"href":"https:\/\/hqstore.ro\/index.php\/wp-json\/wp\/v2\/product_tag?post=23674"}],"curies":[{"name":"wp","href":"https:\/\/api.w.org\/{rel}","templated":true}]}}