{"id":23666,"date":"2020-10-27T20:06:20","date_gmt":"2020-10-27T17:06:20","guid":{"rendered":"https:\/\/hqstore.ro\/index.php\/product\/desktop-pc-precision-7920-tower-intel-xeon-silver-4114-2-2ghz-3-0ghz-turbo-dp79204114321p22u\/"},"modified":"2020-11-17T12:37:48","modified_gmt":"2020-11-17T09:37:48","slug":"desktop-pc-precision-7920-tower-intel-xeon-silver-4114-2-2ghz-3-0ghz-turbo-dp79204114321p22u","status":"publish","type":"product","link":"https:\/\/hqstore.ro\/index.php\/product\/desktop-pc-precision-7920-tower-intel-xeon-silver-4114-2-2ghz-3-0ghz-turbo-dp79204114321p22u\/","title":{"rendered":"Precision 7920 Tower Intel Xeon Silver 4114 2.2GHz, 3.0GHz Turbo"},"content":{"rendered":"<div class=\"tabFeature inlineContent\" style=\"margin-top: 15px;margin-bottom: 15px;vertical-align: baseline;background-position: initial;background-color: #eeeeee;font-size: 13px;color: #000000;font-family: roboto, Arial, Helvetica, sans-serif\">\n<div class=\"topImgContainer\" style=\"margin-bottom: 30px;vertical-align: baseline;background-position: initial\">\n<h2 style=\"margin-top: 20px;margin-bottom: 10px;padding-bottom: 10px;vertical-align: baseline;background-position: initial;font-size: 1.153em;color: #000000;font-weight: bold;line-height: 1.154em\">Sistem de operare<\/h2>\n<div class=\"bottomContent inlineContent\" style=\"margin-right: 10px;vertical-align: baseline;background-position: initial;color: #000000;line-height: 1.42em\"><strong style=\"vertical-align: baseline;background-position: initial\">Cu Windows 10 Pro<\/strong>sau Ubuntu 18,04 LTS &ndash; pentru o experien\u021b\u0103 lin\u0103 \u0219i versatil\u0103 de utilizare a PC-ului.<\/div>\n<\/div>\n<\/div>\n<div class=\"tabFeature inlineContent\" style=\"margin-top: 15px;margin-bottom: 15px;vertical-align: baseline;background-position: initial;background-color: #eeeeee;font-size: 13px;color: #000000;font-family: roboto, Arial, Helvetica, sans-serif\">\n<div class=\"topImgContainer\" style=\"margin-bottom: 30px;vertical-align: baseline;background-position: initial\">\n<div class=\"bottomContent inlineContent\" style=\"margin-right: 10px;vertical-align: baseline;background-position: initial;color: #000000;line-height: 1.42em\"><a href=\"https:\/\/www.dell.com\/learn\/ro\/ro\/rodhs1\/videos\/precision-7920-tower-product?c=ro&amp;l=ro&amp;s=all\" style=\"vertical-align: baseline;background-position: initial;color: #006699\"><img decoding=\"async\" loading=\"lazy\" alt=\"workstations-precision-7920-tower\" src=\"https:\/\/i.dell.com\/sites\/csimages\/Video_Imagery\/all\/precision-7920-thumbnail-965x543.jpg\" width=\"965\" height=\"543\" style=\"border-style: solid;vertical-align: baseline;background-position: initial\" \/><\/a><\/div>\n<\/div>\n<\/div>\n<div class=\"tabFeature inlineContent\" style=\"margin-top: 15px;margin-bottom: 15px;vertical-align: baseline;background-position: initial;background-color: #eeeeee;font-size: 13px;color: #000000;font-family: roboto, Arial, Helvetica, sans-serif\">\n<div class=\"topImgContainer\" style=\"margin-bottom: 30px;vertical-align: baseline;background-position: initial\">\n<div class=\"topImg \" style=\"margin-top: 20px;margin-bottom: 20px;vertical-align: baseline;background-position: initial;text-align: center\"><img decoding=\"async\" alt=\"Performan\u021b\u0103 inteligent\u0103\" src=\"https:\/\/i.dell.com\/is\/image\/DellContent\/\/content\/dam\/global-site-design\/product_images\/dell_client_products\/workstations\/fixed_workstations\/precision\/precision_7920\/global_spi\/workstation-precision-tower-7920-1.jpg?fmt=png-alpha\" title=\"Performan\u021b\u0103 inteligent\u0103\" style=\"vertical-align: baseline;background-position: initial\" \/><\/div>\n<h2 style=\"margin-top: 20px;margin-bottom: 10px;padding-bottom: 10px;vertical-align: baseline;background-position: initial;font-size: 1.153em;color: #000000;font-weight: bold;line-height: 1.154em\">Performan\u021b\u0103 inteligent\u0103<\/h2>\n<div class=\"bottomContent inlineContent\" style=\"margin-right: 10px;vertical-align: baseline;background-position: initial;color: #000000;line-height: 1.42em\">Sta\u021bia de lucru Precision Tower 7920 &icirc;mbin\u0103 un design flexibil \u0219i scalabilitatea suprem\u0103 a solu\u021biei de stocare pentru a se dezvolta odat\u0103 cu viziunea dvs., indiferent de direc\u021bie.<br style=\"clear: both\" \/><strong style=\"vertical-align: baseline;background-position: initial\"><br style=\"clear: both\" \/>Performan\u021b\u0103 de genera\u021bie urm\u0103toare<\/strong>: avansa\u021bi &icirc;n for\u021b\u0103 &icirc;n cele mai complexe \u0219i solicitante aplica\u021bii rapid \u0219i eficient cu o nou\u0103 genera\u021bie de performan\u021b\u0103, cu dou\u0103 socketuri. Echipat cu cel mai recent procesor din familia Intel&reg; Xeon&reg; Scalable, cu p&acirc;n\u0103 la 28 de nuclee pentru fiecare procesor sau un num\u0103r total de 56 de nuclee, atunci c&acirc;nd este particularizat cu procesoare duale.<br style=\"clear: both\" \/><span style=\"vertical-align: baseline;background-position: initial;font-size: 1em;color: #333333\">&nbsp;&nbsp;<\/span><br style=\"clear: both\" \/><strong style=\"vertical-align: baseline;background-position: initial\">Spa\u021biu pentru tot ce ave\u021bi nevoie:<\/strong>&nbsp;cu o memorie RDIMM\/LRDIMM extensibil\u0103 de p&acirc;n\u0103 la 3 TB la 2.666 MHz, v\u0103 pute\u021bi accelera fluxul de lucru f\u0103r\u0103 s\u0103 fi\u021bi nevoit s\u0103 &icirc;ncetini\u021bi. Acum, cu o arhitectur\u0103 de memorie cu 6 canale de p&acirc;n\u0103 la 3 TB &icirc;n total cu anumite procesoare (necesit\u0103 dou\u0103 procesoare).&nbsp;<br style=\"clear: both\" \/>&nbsp;<br style=\"clear: both\" \/><strong style=\"vertical-align: baseline;background-position: initial\">R\u0103m&acirc;ne\u021bi calm sub presiune<\/strong>: cu ajutorul noului design cu mai multe canale termice pentru r\u0103cire \u0219i zgomot avansate &#8211; pentru un sistem mai silen\u021bios &icirc;n general, la volume mari de lucru.<br style=\"clear: both\" \/><span style=\"vertical-align: baseline;background-position: initial;font-size: 1em;color: #333333\">&nbsp;&nbsp;<\/span><br style=\"clear: both\" \/><strong style=\"vertical-align: baseline;background-position: initial\">Niciun proiect nu e prea mare:&nbsp;<\/strong>lucra\u021bi cu mai mult\u0103 flexibilitate datorit\u0103 unui nou design FlexBay cu p&acirc;n\u0103 la 10&#215;2,5&#8243;\/3,5&#8243; hard diskuri SATA\/SAS sau p&acirc;n\u0103 la 4x M.2 sau U.2 SSD NVMe PCIe. Cu ajutorul caracteristicii cu &icirc;nlocuire la cald pentru unit\u0103\u021bile SSD M.2 \u0219i U.2 NVMe PCIe, pute\u021bi elimina unit\u0103\u021bile f\u0103r\u0103 a opri sta\u021bia de lucru.<\/div>\n<\/div>\n<\/div>\n<div class=\"tabFeature inlineContent\" style=\"margin-top: 15px;margin-bottom: 15px;vertical-align: baseline;background-position: initial;background-color: #eeeeee;font-size: 13px;color: #000000;font-family: roboto, Arial, Helvetica, sans-serif\">\n<div class=\"topImgContainer\" style=\"margin-bottom: 30px;vertical-align: baseline;background-position: initial\">\n<div class=\"topImg \" style=\"margin-top: 20px;margin-bottom: 20px;vertical-align: baseline;background-position: initial;text-align: center\"><img decoding=\"async\" alt=\"Sta\u021bia de lucru Precision 7920 &ndash; performan\u021b\u0103 optimizat\u0103\" src=\"https:\/\/i.dell.com\/is\/image\/DellContent\/\/content\/dam\/global-site-design\/product_images\/dell_client_products\/workstations\/fixed_workstations\/precision\/precision_7920\/global_spi\/workstation-precision-tower-7920-3.jpg?fmt=png-alpha\" title=\"Sta\u021bia de lucru Precision 7920 &ndash; performan\u021b\u0103 optimizat\u0103\" style=\"vertical-align: baseline;background-position: initial\" \/><\/div>\n<div class=\"bottomContent inlineContent\" style=\"margin-right: 10px;vertical-align: baseline;background-position: initial;color: #000000;line-height: 1.42em\"><strong style=\"vertical-align: baseline;background-position: initial\">Performan\u021b\u0103 reglat\u0103:&nbsp;<\/strong>&nbsp;oferit gratuit &icirc;mpreun\u0103 cu sta\u021bia de lucru Precision, Dell Precision Optimizer asigur\u0103 o optimizare mai rapid\u0103 a aplica\u021biilor cu un singur clic, &icirc;n compara\u021bie cu HP Advisor<a class=\"technote microcontent\" rel=\"technotes:hp-advisor\" href=\"https:\/\/www.dell.com\/mc.ashx?id=technotes:hp-advisor&amp;c=ro&amp;l=ro&amp;s=bsd&amp;modalwidth=400&amp;modalHeight=150&amp;ovropac=0&amp;modalscroll=yes&amp;modaltarget=div&amp;modaltype=tooltip&amp;position=bottom&amp;title=Detalii%20importante&amp;flip=false&amp;eventType=rollover\" name=\"modalPopup\" style=\"vertical-align: 0px;background-position: initial;font-size: 1.1em;color: #006699\"><span style=\"vertical-align: baseline;background-position: initial;font-weight: bold;color: #999999;font-size: 0.769em\">1<\/span><\/a>. De asemenea, regleaz\u0103 automat sta\u021bia dvs. de lucru astfel &icirc;nc&acirc;t s\u0103 ruleze aplica\u021biile ISV populare la cele mai mari viteze posibile, dispune de actualiz\u0103ri de sistem automatizate \u0219i ofer\u0103 analize pentru eliminarea g&acirc;tuirilor de resurse.<br style=\"clear: both\" \/><br style=\"clear: both\" \/><strong style=\"vertical-align: baseline;background-position: initial\">Performan\u021b\u0103 personalizat\u0103 de nivel premium:<\/strong>&nbsp;face\u021bi upgrade la versiunea premium Dell Precision Optimizer, primul software de optimizare a performan\u021belor pentru sta\u021biile de lucru bazat pe inteligen\u021ba artificial\u0103<a class=\"technote microcontent\" rel=\"technotes:Based-on-Dell-March-2018\" href=\"https:\/\/www.dell.com\/mc.ashx?id=technotes:Based-on-Dell-March-2018&amp;c=ro&amp;l=ro&amp;s=bsd&amp;modalwidth=400&amp;modalHeight=150&amp;ovropac=0&amp;modalscroll=yes&amp;modaltarget=div&amp;modaltype=tooltip&amp;position=bottom&amp;title=Detalii%20importante&amp;flip=false&amp;eventType=rollover\" name=\"modalPopup\" style=\"vertical-align: 0px;background-position: initial;font-size: 1.1em;color: #006699\"><span style=\"vertical-align: baseline;background-position: initial;font-weight: bold;color: #999999;font-size: 0.769em\">2<\/span><\/a>*. Acest program &icirc;nva\u021b\u0103 comportamentul oric\u0103rei aplica\u021bii specificate de utilizator, identific\u0103 oportunit\u0103\u021bile de optimizare utiliz&acirc;nd &icirc;nv\u0103\u021barea programat\u0103 \u0219i aplic\u0103 &icirc;mbun\u0103t\u0103\u021birile de performan\u021b\u0103.<\/div>\n<\/div>\n<\/div>\n<div class=\"tabFeature inlineContent\" style=\"margin-top: 15px;margin-bottom: 15px;vertical-align: baseline;background-position: initial;background-color: #eeeeee;font-size: 13px;color: #000000;font-family: roboto, Arial, Helvetica, sans-serif\">\n<div class=\"ThreeXImageTop\" style=\"vertical-align: baseline;background-position: initial\">\n<h2 style=\"margin-top: 20px;margin-bottom: 10px;padding-bottom: 10px;vertical-align: baseline;background-position: initial;font-size: 1.153em;color: #000000;font-weight: bold;line-height: 1.154em\">Fiabilitate esen\u021bial\u0103 pentru activitate<\/h2>\n<div style=\"vertical-align: baseline;background-position: initial\">\n<div class=\"columnsThree\" style=\"margin-right: 20px;vertical-align: baseline;background-position: initial;float: left;width: 286.747px;min-height: 265px\"><img decoding=\"async\" alt=\"Mereu &icirc;n siguran\u021b\u0103\" src=\"https:\/\/i.dell.com\/sites\/imagecontent\/products\/PublishingImages\/precision-7920-workstation\/workstation-precision-tower-7920-4a.jpg\" title=\"Mereu &icirc;n siguran\u021b\u0103\" style=\"vertical-align: baseline;background-position: initial\" \/><\/p>\n<div class=\"columnText\" style=\"padding-top: 10px;padding-bottom: 20px;vertical-align: baseline;background-position: initial;color: #333333;line-height: 1.42em\">\n<h4 style=\"margin-top: 0px;margin-bottom: 10px;vertical-align: baseline;background-position: initial;font-size: 13px;color: #333333\">Mereu &icirc;n siguran\u021b\u0103<\/h4>\n<div style=\"margin-bottom: 15px;vertical-align: baseline;background-position: initial;color: #333333\">Reduce\u021bi perioadele de nefunc\u021bionare cu Dell Reliable Memory Technology (RMT) Pro. Conceput\u0103 s\u0103 func\u021bioneze cu memorie ECC, RMT protejeaz\u0103 sistemul de posibilele defec\u021biuni map&acirc;nd \u0219i separ&acirc;nd zonele defecte ale memoriei dup\u0103 repornirea sistemului.<\/div>\n<\/div>\n<\/div>\n<div class=\"columnsThree\" style=\"margin-right: 20px;vertical-align: baseline;background-position: initial;float: left;width: 286.747px;min-height: 265px\"><img decoding=\"async\" alt=\"Accesa\u021bi cu &icirc;ncredere datele\" src=\"https:\/\/i.dell.com\/sites\/imagecontent\/products\/PublishingImages\/precision-7920-workstation\/workstation-precision-tower-7920-4b.jpg\" title=\"Accesa\u021bi cu &icirc;ncredere datele\" style=\"vertical-align: baseline;background-position: initial\" \/><\/p>\n<div class=\"columnText\" style=\"padding-top: 10px;padding-bottom: 20px;vertical-align: baseline;background-position: initial;color: #333333;line-height: 1.42em\">\n<h4 style=\"margin-top: 0px;margin-bottom: 10px;vertical-align: baseline;background-position: initial;font-size: 13px;color: #333333\">Accesa\u021bi cu &icirc;ncredere datele<\/h4>\n<div style=\"margin-bottom: 15px;vertical-align: baseline;background-position: initial;color: #333333\">&Icirc;mbun\u0103t\u0103\u021bi\u021bi disponibilitatea datelor cu solu\u021biile de stocare op\u021bionale RAID pentru hardware \u0219i software, inclusiv unit\u0103\u021bi SSD PCIe NVMe.<\/div>\n<\/div>\n<\/div>\n<div class=\"columnsThree last\" style=\"vertical-align: baseline;background-position: initial;float: left;width: 286.747px;min-height: 265px\"><img decoding=\"async\" alt=\"Pute\u021bi lucra cu &icirc;ncredere deplin\u0103 \" src=\"https:\/\/i.dell.com\/sites\/imagecontent\/products\/PublishingImages\/precision-7920-workstation\/workstation-precision-tower-7920-4c.jpg\" title=\"Pute\u021bi lucra cu &icirc;ncredere deplin\u0103 \" style=\"vertical-align: baseline;background-position: initial\" \/><\/p>\n<div class=\"columnText\" style=\"padding-top: 10px;padding-bottom: 20px;vertical-align: baseline;background-position: initial;color: #333333;line-height: 1.42em\">\n<h4 style=\"margin-top: 0px;margin-bottom: 10px;vertical-align: baseline;background-position: initial;font-size: 13px;color: #333333\">Pute\u021bi lucra cu &icirc;ncredere deplin\u0103<\/h4>\n<div style=\"margin-bottom: 15px;vertical-align: baseline;background-position: initial;color: #333333\">Sta\u021biile de lucru Precision sunt testate s\u0103 asigure func\u021bionarea perfect\u0103 a aplica\u021biilor cu performan\u021b\u0103 &icirc;nalt\u0103 pe care v\u0103 baza\u021bi &icirc;n fiecare zi. Sta\u021bia de lucru Dell are certificare ISV pentru cele mai populare aplica\u021bii software independente.<\/div>\n<\/div>\n<\/div>\n<\/div>\n<div class=\"allPurposeClear\" style=\"vertical-align: baseline;background-position: initial;clear: both\"><\/div>\n<\/div>\n<\/div>\n<div class=\"tabFeature inlineContent\" style=\"margin-top: 15px;margin-bottom: 15px;vertical-align: baseline;background-position: initial;background-color: #eeeeee;font-size: 13px;color: #000000;font-family: roboto, Arial, Helvetica, sans-serif\">\n<div class=\"topImgContainer\" style=\"margin-bottom: 30px;vertical-align: baseline;background-position: initial\">\n<div class=\"topImg \" style=\"margin-top: 20px;margin-bottom: 20px;vertical-align: baseline;background-position: initial;text-align: center\"><img decoding=\"async\" alt=\"Sta\u0163ia de lucru Precision 7920 &ndash; porturi \u015fi sloturi\" src=\"https:\/\/i.dell.com\/sites\/imagecontent\/products\/PublishingImages\/precision-7920-workstation\/workstation-precision-tower-7920-5.jpg\" title=\"Sta\u0163ia de lucru Precision 7920 &ndash; porturi \u015fi sloturi\" style=\"vertical-align: baseline;background-position: initial\" \/><\/div>\n<h2 style=\"margin-top: 20px;margin-bottom: 10px;padding-bottom: 10px;vertical-align: baseline;background-position: initial;font-size: 1.153em;color: #000000;font-weight: bold;line-height: 1.154em\">Porturi \u015fi sloturi<\/h2>\n<div class=\"bottomContent inlineContent\" style=\"margin-right: 10px;vertical-align: baseline;background-position: initial;color: #000000;line-height: 1.42em\">1. 1 buton de alimentare\/lumin\u0103 de alimentare | 2. 1 indicator luminos de activitate a unit\u0103\u0163ii | 3. 1 slot pentru carduri SD | 4. Porturi USB 3.0 | 5. 1 port USB 3.0 Type-C cu PowerShare | 6. 1 port USB 3.0 Type-C | 7. 1 port pentru setul de c\u0103\u015fti-microfon | 8. 1 clem\u0103 de eliberare pentru accesul la unit\u0103\u0163i | 9. Sloturi pentru pl\u0103ci de extindere | 10. 1 compartiment pentru unit\u0103\u0163i de 5,25&#8243; (op\u0163ional) | 11. Unitate optic\u0103 | 12. Conector pentru cablul de alimentare | 13. Porturi USB 3.0 | 14. Suporturi pentru unitate | 15. 1 slot pentru plac\u0103 grafic\u0103 separat\u0103 (op\u0163ional) | 16. 1 slot pentru cablu de securitate | 17. 1 inel pentru lac\u0103t | 18. 1 port de ie\u015fire audio | 19. 1 port pentru microfon\/intrare | 20. 1 port serial | 21. 1 port PS\/2 pentru mouse | 22. 1 port PS\/2 pentru tastatur\u0103 | 23. 1 port de re\u0163ea (gestionat op\u0163ional) | 24. 1 port de re\u0163ea | 25. 1 port USB 3.0 (accept\u0103 pornirea inteligent\u0103) | 26. Sloturi pentru pl\u0103ci de extindere<\/div>\n<\/div>\n<\/div>\n<div class=\"tabFeature inlineContent\" style=\"margin-top: 15px;margin-bottom: 15px;vertical-align: baseline;background-position: initial;background-color: #eeeeee;font-size: 13px;color: #000000;font-family: roboto, Arial, Helvetica, sans-serif\">\n<div class=\"topImgContainer\" style=\"margin-bottom: 30px;vertical-align: baseline;background-position: initial\">\n<div class=\"topImg \" style=\"margin-top: 20px;margin-bottom: 20px;vertical-align: baseline;background-position: initial;text-align: center\"><img decoding=\"async\" alt=\"Sta\u021bia de lucru Precision 7920 &ndash; dimensiuni \u0219i greutate\" src=\"https:\/\/i.dell.com\/sites\/imagecontent\/products\/PublishingImages\/precision-7920-workstation\/workstation-precision-tower-7920-6.jpg\" title=\"Sta\u021bia de lucru Precision 7920 &ndash; dimensiuni \u0219i greutate\" style=\"vertical-align: baseline;background-position: initial\" \/><\/div>\n<h2 style=\"margin-top: 20px;margin-bottom: 10px;padding-bottom: 10px;vertical-align: baseline;background-position: initial;font-size: 1.153em;color: #000000;font-weight: bold;line-height: 1.154em\">Dimensiuni \u0219i greutate<\/h2>\n<div class=\"bottomContent inlineContent\" style=\"margin-right: 10px;vertical-align: baseline;background-position: initial;color: #000000;line-height: 1.42em\">1. &Icirc;n\u0103l\u021bime: 17,05&#8243; (433&nbsp;mm) | 2. L\u0103\u021bime: 8,58&#8243; (218&nbsp;mm) | 3. Ad&acirc;ncime: 22,29&#8243; (566&nbsp;mm) | Greutate: 45,0&nbsp;lb (20,4&nbsp;kg)<\/div>\n<\/div>\n<\/div>\n","protected":false},"excerpt":{"rendered":"<p>Sistem de operare Cu Windows 10 Prosau Ubuntu 18,04 LTS &ndash; pentru o experien\u021b\u0103 lin\u0103 \u0219i versatil\u0103 de utilizare a PC-ului. Performan\u021b\u0103 inteligent\u0103 Sta\u021bia de lucru Precision Tower 7920 &icirc;mbin\u0103 un design flexibil \u0219i scalabilitatea suprem\u0103 a solu\u021biei de stocare pentru a se dezvolta odat\u0103 cu viziunea dvs., indiferent de direc\u021bie.Performan\u021b\u0103 de genera\u021bie urm\u0103toare: avansa\u021bi<span class=\"read-more-faq\"><a href=\"https:\/\/hqstore.ro\/index.php\/product\/desktop-pc-precision-7920-tower-intel-xeon-silver-4114-2-2ghz-3-0ghz-turbo-dp79204114321p22u\/\">Read More<\/a><\/span><\/p>\n","protected":false},"featured_media":23667,"comment_status":"open","ping_status":"closed","template":"","meta":[],"product_cat":[295],"product_tag":[],"_links":{"self":[{"href":"https:\/\/hqstore.ro\/index.php\/wp-json\/wp\/v2\/product\/23666"}],"collection":[{"href":"https:\/\/hqstore.ro\/index.php\/wp-json\/wp\/v2\/product"}],"about":[{"href":"https:\/\/hqstore.ro\/index.php\/wp-json\/wp\/v2\/types\/product"}],"replies":[{"embeddable":true,"href":"https:\/\/hqstore.ro\/index.php\/wp-json\/wp\/v2\/comments?post=23666"}],"wp:featuredmedia":[{"embeddable":true,"href":"https:\/\/hqstore.ro\/index.php\/wp-json\/wp\/v2\/media\/23667"}],"wp:attachment":[{"href":"https:\/\/hqstore.ro\/index.php\/wp-json\/wp\/v2\/media?parent=23666"}],"wp:term":[{"taxonomy":"product_cat","embeddable":true,"href":"https:\/\/hqstore.ro\/index.php\/wp-json\/wp\/v2\/product_cat?post=23666"},{"taxonomy":"product_tag","embeddable":true,"href":"https:\/\/hqstore.ro\/index.php\/wp-json\/wp\/v2\/product_tag?post=23666"}],"curies":[{"name":"wp","href":"https:\/\/api.w.org\/{rel}","templated":true}]}}