{"id":22782,"date":"2020-10-27T19:16:10","date_gmt":"2020-10-27T16:16:10","guid":{"rendered":"https:\/\/hqstore.ro\/index.php\/product\/coolere-procesor-cooler-cpu-id-cooling-se-214l-snow-v2-se-214l-snow-v2\/"},"modified":"2020-11-10T08:36:56","modified_gmt":"2020-11-10T05:36:56","slug":"coolere-procesor-cooler-cpu-id-cooling-se-214l-snow-v2-se-214l-snow-v2","status":"publish","type":"product","link":"https:\/\/hqstore.ro\/index.php\/product\/coolere-procesor-cooler-cpu-id-cooling-se-214l-snow-v2-se-214l-snow-v2\/","title":{"rendered":"Cooler CPU ID-COOLING SE-214L-SNOW-V2"},"content":{"rendered":"<p>Cooler CPU ID-COOLING SE-214L-SNOW-V2  Compatibility     Intel LGA2011\/1366\/1151\/1150\/1155\/1156     AMD FM2+\/FM2\/FM1\/AM4\/AM3+\/AM3\/AM2+\/AM2     TDP     150W     Overall Dimension     129\u00d780\u00d7160mm (L\u00d7W\u00d7H)     Heatsink Material     4\u00d7\u04247mm Heatpipe(Direct Touch)+Aluminum Fin     Weight     680g     Fan Dimension     130\u00d7130\u00d725mm     Fan Speed     500-1800\u00b110%RPM(PWM)     Max. Air Flow     69.5CFM     Max. Static Pressure     1.82mmH2O     Noise     14.2-30.6dB(A)     Rated Voltage     12VDC     Operating Voltage     10.8\uff5e13.2VDC     Started Voltage     7VDC     Rated Current     0.25A     Power Input     3.0W     Bearing Type     Hydraulic Bearing<\/p>\n","protected":false},"excerpt":{"rendered":"<p>Cooler CPU ID-COOLING SE-214L-SNOW-V2 Compatibility Intel LGA2011\/1366\/1151\/1150\/1155\/1156 AMD FM2+\/FM2\/FM1\/AM4\/AM3+\/AM3\/AM2+\/AM2 TDP 150W Overall Dimension 129\u00d780\u00d7160mm (L\u00d7W\u00d7H) Heatsink Material 4\u00d7\u04247mm Heatpipe(Direct Touch)+Aluminum Fin Weight 680g Fan Dimension 130\u00d7130\u00d725mm Fan Speed 500-1800\u00b110%RPM(PWM) Max. Air Flow 69.5CFM Max. Static Pressure 1.82mmH2O Noise 14.2-30.6dB(A) Rated Voltage 12VDC Operating Voltage 10.8\uff5e13.2VDC Started Voltage 7VDC Rated Current 0.25A Power Input 3.0W Bearing<span class=\"read-more-faq\"><a href=\"https:\/\/hqstore.ro\/index.php\/product\/coolere-procesor-cooler-cpu-id-cooling-se-214l-snow-v2-se-214l-snow-v2\/\">Read More<\/a><\/span><\/p>\n","protected":false},"featured_media":22783,"comment_status":"open","ping_status":"closed","template":"","meta":[],"product_cat":[287],"product_tag":[],"_links":{"self":[{"href":"https:\/\/hqstore.ro\/index.php\/wp-json\/wp\/v2\/product\/22782"}],"collection":[{"href":"https:\/\/hqstore.ro\/index.php\/wp-json\/wp\/v2\/product"}],"about":[{"href":"https:\/\/hqstore.ro\/index.php\/wp-json\/wp\/v2\/types\/product"}],"replies":[{"embeddable":true,"href":"https:\/\/hqstore.ro\/index.php\/wp-json\/wp\/v2\/comments?post=22782"}],"wp:featuredmedia":[{"embeddable":true,"href":"https:\/\/hqstore.ro\/index.php\/wp-json\/wp\/v2\/media\/22783"}],"wp:attachment":[{"href":"https:\/\/hqstore.ro\/index.php\/wp-json\/wp\/v2\/media?parent=22782"}],"wp:term":[{"taxonomy":"product_cat","embeddable":true,"href":"https:\/\/hqstore.ro\/index.php\/wp-json\/wp\/v2\/product_cat?post=22782"},{"taxonomy":"product_tag","embeddable":true,"href":"https:\/\/hqstore.ro\/index.php\/wp-json\/wp\/v2\/product_tag?post=22782"}],"curies":[{"name":"wp","href":"https:\/\/api.w.org\/{rel}","templated":true}]}}