{"id":21999,"date":"2020-10-27T17:47:33","date_gmt":"2020-10-27T14:47:33","guid":{"rendered":"https:\/\/hqstore.ro\/index.php\/product\/carcase-carcasa-pc-serioux-basic-sursa-450w-middle-tower-format-placa-srxc-basic-450w\/"},"modified":"2023-04-01T07:09:01","modified_gmt":"2023-04-01T04:09:01","slug":"carcase-carcasa-pc-serioux-basic-sursa-450w-middle-tower-atx-black-srxc-basic-450w","status":"publish","type":"product","link":"https:\/\/hqstore.ro\/index.php\/product\/carcase-carcasa-pc-serioux-basic-sursa-450w-middle-tower-atx-black-srxc-basic-450w\/","title":{"rendered":"Carcasa PC Serioux BASIC, Sursa 450W, Middle Tower, ATX, black"},"content":{"rendered":"<p>Carcasa PC Serioux BASIC, Sursa 450W, Middle Tower, Format plac\u0103 de baz\u0103: ATX \/ micro ATX \/ ITX, Sloturi de expansiune: 7, Socluri pentru unit\u0103\u021bi: 5,25&#8243; x1; 3,5&#8243; x2; 2,5&#8243; x2; Ventilatoare: Fa\u021b\u0103 \u2013  1x 12 cm (inclus), Spate \u2013 1x 8\/9cm, Lateral \u2013 1x 12cm , Porturi USB: 2x 2.0, HD Audio, \u00cen\u0103l\u021bime maxim\u0103 cooler CPU: 145 mm, Lungime maxim\u0103 plac\u0103 VGA: 290 mm, Dimensiunea structurii: 330 x 175 x 410mm, Dimensiunea carcasei: 360 x 175 x 410mm, Dimensiunea ambalajului: 446 x 218 x 410 mm, Greutate net\u0103: 3,5 kg, Greutate brut\u0103: 4,1 kg<\/p>\n","protected":false},"excerpt":{"rendered":"<p>Carcasa PC Serioux BASIC, Sursa 450W, Middle Tower, Format plac\u0103 de baz\u0103: ATX \/ micro ATX \/ ITX, Sloturi de expansiune: 7, Socluri pentru unit\u0103\u021bi: 5,25&#8243; x1; 3,5&#8243; x2; 2,5&#8243; x2; Ventilatoare: Fa\u021b\u0103 \u2013 1x 12 cm (inclus), Spate \u2013 1x 8\/9cm, Lateral \u2013 1x 12cm , Porturi USB: 2x 2.0, HD Audio, \u00cen\u0103l\u021bime maxim\u0103<span class=\"read-more-faq\"><a href=\"https:\/\/hqstore.ro\/index.php\/product\/carcase-carcasa-pc-serioux-basic-sursa-450w-middle-tower-atx-black-srxc-basic-450w\/\">Read More<\/a><\/span><\/p>\n","protected":false},"featured_media":22000,"comment_status":"open","ping_status":"closed","template":"","meta":[],"product_cat":[288],"product_tag":[],"_links":{"self":[{"href":"https:\/\/hqstore.ro\/index.php\/wp-json\/wp\/v2\/product\/21999"}],"collection":[{"href":"https:\/\/hqstore.ro\/index.php\/wp-json\/wp\/v2\/product"}],"about":[{"href":"https:\/\/hqstore.ro\/index.php\/wp-json\/wp\/v2\/types\/product"}],"replies":[{"embeddable":true,"href":"https:\/\/hqstore.ro\/index.php\/wp-json\/wp\/v2\/comments?post=21999"}],"wp:featuredmedia":[{"embeddable":true,"href":"https:\/\/hqstore.ro\/index.php\/wp-json\/wp\/v2\/media\/22000"}],"wp:attachment":[{"href":"https:\/\/hqstore.ro\/index.php\/wp-json\/wp\/v2\/media?parent=21999"}],"wp:term":[{"taxonomy":"product_cat","embeddable":true,"href":"https:\/\/hqstore.ro\/index.php\/wp-json\/wp\/v2\/product_cat?post=21999"},{"taxonomy":"product_tag","embeddable":true,"href":"https:\/\/hqstore.ro\/index.php\/wp-json\/wp\/v2\/product_tag?post=21999"}],"curies":[{"name":"wp","href":"https:\/\/api.w.org\/{rel}","templated":true}]}}