{"id":21979,"date":"2020-10-27T17:47:08","date_gmt":"2020-10-27T14:47:08","guid":{"rendered":"https:\/\/hqstore.ro\/index.php\/product\/carcase-carcasa-pc-serioux-mustang-sursa-450w-middle-tower-format-placa-srxc-mustang-450w\/"},"modified":"2023-04-10T07:24:20","modified_gmt":"2023-04-10T04:24:20","slug":"carcase-carcasa-pc-serioux-mustang-sursa-450w-middle-tower-atx-black-srxc-mustang-450w","status":"publish","type":"product","link":"https:\/\/hqstore.ro\/index.php\/product\/carcase-carcasa-pc-serioux-mustang-sursa-450w-middle-tower-atx-black-srxc-mustang-450w\/","title":{"rendered":"Carcasa PC Serioux MUSTANG, Sursa 450W, Middle Tower, ATX, black"},"content":{"rendered":"<p>Carcasa PC Serioux MUSTANG, Sursa 450W, Middle Tower, Format plac\u0103 de baz\u0103: ATX \/ micro ATX \/ ITX, Sloturi de expansiune: 7, Socluri pentru unit\u0103\u021bi: 5,25&#8243; x1; 3,5&#8243; x2; 2,5&#8243; x2, Ventilatoare: Fa\u021b\u0103 \u2013  1&#215;12 cm (inclus), Spate \u2013 1&#215;8\/9 cm, Porturi USB: 1x 3.0+ 2x 2.0, HD Audio, \u00cen\u0103l\u021bime maxim\u0103 cooler CPU: 150 mm, Lungime maxim\u0103 plac\u0103 VGA: 330 mm, Dimensiunea structurii:350 x 175 x 405mm, Dimensiunea carcasei: 380 x 175 x 405mm, Dimensiunea ambalajului: 450 x 217 x 430 mm, Greutate net\u0103: 3,7 kg, Greutate brut\u0103: 4,2 kg<\/p>\n","protected":false},"excerpt":{"rendered":"<p>Carcasa PC Serioux MUSTANG, Sursa 450W, Middle Tower, Format plac\u0103 de baz\u0103: ATX \/ micro ATX \/ ITX, Sloturi de expansiune: 7, Socluri pentru unit\u0103\u021bi: 5,25&#8243; x1; 3,5&#8243; x2; 2,5&#8243; x2, Ventilatoare: Fa\u021b\u0103 \u2013 1&#215;12 cm (inclus), Spate \u2013 1&#215;8\/9 cm, Porturi USB: 1x 3.0+ 2x 2.0, HD Audio, \u00cen\u0103l\u021bime maxim\u0103 cooler CPU: 150 mm,<span class=\"read-more-faq\"><a href=\"https:\/\/hqstore.ro\/index.php\/product\/carcase-carcasa-pc-serioux-mustang-sursa-450w-middle-tower-atx-black-srxc-mustang-450w\/\">Read More<\/a><\/span><\/p>\n","protected":false},"featured_media":21980,"comment_status":"open","ping_status":"closed","template":"","meta":[],"product_cat":[288],"product_tag":[],"_links":{"self":[{"href":"https:\/\/hqstore.ro\/index.php\/wp-json\/wp\/v2\/product\/21979"}],"collection":[{"href":"https:\/\/hqstore.ro\/index.php\/wp-json\/wp\/v2\/product"}],"about":[{"href":"https:\/\/hqstore.ro\/index.php\/wp-json\/wp\/v2\/types\/product"}],"replies":[{"embeddable":true,"href":"https:\/\/hqstore.ro\/index.php\/wp-json\/wp\/v2\/comments?post=21979"}],"wp:featuredmedia":[{"embeddable":true,"href":"https:\/\/hqstore.ro\/index.php\/wp-json\/wp\/v2\/media\/21980"}],"wp:attachment":[{"href":"https:\/\/hqstore.ro\/index.php\/wp-json\/wp\/v2\/media?parent=21979"}],"wp:term":[{"taxonomy":"product_cat","embeddable":true,"href":"https:\/\/hqstore.ro\/index.php\/wp-json\/wp\/v2\/product_cat?post=21979"},{"taxonomy":"product_tag","embeddable":true,"href":"https:\/\/hqstore.ro\/index.php\/wp-json\/wp\/v2\/product_tag?post=21979"}],"curies":[{"name":"wp","href":"https:\/\/api.w.org\/{rel}","templated":true}]}}