{"id":21970,"date":"2020-10-27T17:46:56","date_gmt":"2020-10-27T14:46:56","guid":{"rendered":"https:\/\/hqstore.ro\/index.php\/product\/carcase-carcasa-pc-serioux-tyron-fara-sursa-middle-tower-format-placa-srxc-tyron\/"},"modified":"2023-04-01T07:09:06","modified_gmt":"2023-04-01T04:09:06","slug":"carcase-carcasa-pc-serioux-tyron-fara-sursa-middle-tower-atx-black-srxc-tyron","status":"publish","type":"product","link":"https:\/\/hqstore.ro\/index.php\/product\/carcase-carcasa-pc-serioux-tyron-fara-sursa-middle-tower-atx-black-srxc-tyron\/","title":{"rendered":"Carcasa PC Serioux TYRON, fara sursa, Middle Tower, ATX, black"},"content":{"rendered":"<p>Carcasa PC Serioux TYRON, fara sursa, Middle Tower, Format plac\u0103 de baz\u0103: ATX \/ micro ATX \/ ITX, Format surs\u0103 de alimentare: ATX, Sloturi de expansiune: 7, Socluri pentru unit\u0103\u021bi: 3,5&#8243; x2; 2,5&#8243; x2, Ventilatoare: Fa\u021b\u0103 \u2013  3&#215;12 cm (inclus), Spate \u2013 1x12cm (inclus), Sus \u2013 2x12cm (inclus), Porturi USB: 1x 3.0+ 2x 2.0, HD Audio, \u00cen\u0103l\u021bime maxim\u0103 cooler CPU: 160 mm, Lungime maxim\u0103 plac\u0103 VGA: 325 mm, Dimensiunea structurii: 360 x 205 x 430mm, Dimensiunea carcasei: 400 x 205 x 460mm, Dimensiunea ambalajului: 512 x 265 x 490 mm, Greutate net\u0103: 5,2 kg, Greutate brut\u0103: 6,0 kg<\/p>\n","protected":false},"excerpt":{"rendered":"<p>Carcasa PC Serioux TYRON, fara sursa, Middle Tower, Format plac\u0103 de baz\u0103: ATX \/ micro ATX \/ ITX, Format surs\u0103 de alimentare: ATX, Sloturi de expansiune: 7, Socluri pentru unit\u0103\u021bi: 3,5&#8243; x2; 2,5&#8243; x2, Ventilatoare: Fa\u021b\u0103 \u2013 3&#215;12 cm (inclus), Spate \u2013 1x12cm (inclus), Sus \u2013 2x12cm (inclus), Porturi USB: 1x 3.0+ 2x 2.0, HD<span class=\"read-more-faq\"><a href=\"https:\/\/hqstore.ro\/index.php\/product\/carcase-carcasa-pc-serioux-tyron-fara-sursa-middle-tower-atx-black-srxc-tyron\/\">Read More<\/a><\/span><\/p>\n","protected":false},"featured_media":21971,"comment_status":"open","ping_status":"closed","template":"","meta":[],"product_cat":[288],"product_tag":[],"_links":{"self":[{"href":"https:\/\/hqstore.ro\/index.php\/wp-json\/wp\/v2\/product\/21970"}],"collection":[{"href":"https:\/\/hqstore.ro\/index.php\/wp-json\/wp\/v2\/product"}],"about":[{"href":"https:\/\/hqstore.ro\/index.php\/wp-json\/wp\/v2\/types\/product"}],"replies":[{"embeddable":true,"href":"https:\/\/hqstore.ro\/index.php\/wp-json\/wp\/v2\/comments?post=21970"}],"wp:featuredmedia":[{"embeddable":true,"href":"https:\/\/hqstore.ro\/index.php\/wp-json\/wp\/v2\/media\/21971"}],"wp:attachment":[{"href":"https:\/\/hqstore.ro\/index.php\/wp-json\/wp\/v2\/media?parent=21970"}],"wp:term":[{"taxonomy":"product_cat","embeddable":true,"href":"https:\/\/hqstore.ro\/index.php\/wp-json\/wp\/v2\/product_cat?post=21970"},{"taxonomy":"product_tag","embeddable":true,"href":"https:\/\/hqstore.ro\/index.php\/wp-json\/wp\/v2\/product_tag?post=21970"}],"curies":[{"name":"wp","href":"https:\/\/api.w.org\/{rel}","templated":true}]}}