{"id":21707,"date":"2020-10-27T17:04:53","date_gmt":"2020-10-27T14:04:53","guid":{"rendered":"https:\/\/hqstore.ro\/index.php\/product\/camere-video-sport-farul-inteligent-varia-ut800-010-01674-00\/"},"modified":"2023-01-30T21:28:09","modified_gmt":"2023-01-30T18:28:09","slug":"camere-video-sport-farul-inteligent-varia-ut800-010-01674-00","status":"publish","type":"product","link":"https:\/\/hqstore.ro\/index.php\/product\/camere-video-sport-farul-inteligent-varia-ut800-010-01674-00\/","title":{"rendered":"Farul inteligent Varia UT800"},"content":{"rendered":"<p>Farul inteligent Varia UT800  Dimensiuni (L x l x \u00ce): 96,6 mm x 33,5 mm x 29,7 mm; 44,7 mm cu flan\u015f\u0103 Greutate: 130,0 g Durata de via\u0163\u0103 a bateriei: 1,5 ore, intens\u0103; 3,0 ore, medie; 6,0 ore, redus\u0103; 25,0 ore, intermitent\u0103 zi; 6,0 ore, intermitent\u0103 noapte Lumeni: 800 CREE LED: da Unghi de vizibilitate: 270\u00b0 Distan\u0163\u0103 de vizibilitate: 1,6 km (1 mil\u0103) rezisten\u021ba la ap\u0103: IPX7<\/p>\n","protected":false},"excerpt":{"rendered":"<p>Farul inteligent Varia UT800 Dimensiuni (L x l x \u00ce): 96,6 mm x 33,5 mm x 29,7 mm; 44,7 mm cu flan\u015f\u0103 Greutate: 130,0 g Durata de via\u0163\u0103 a bateriei: 1,5 ore, intens\u0103; 3,0 ore, medie; 6,0 ore, redus\u0103; 25,0 ore, intermitent\u0103 zi; 6,0 ore, intermitent\u0103 noapte Lumeni: 800 CREE LED: da Unghi de vizibilitate:<span class=\"read-more-faq\"><a href=\"https:\/\/hqstore.ro\/index.php\/product\/camere-video-sport-farul-inteligent-varia-ut800-010-01674-00\/\">Read More<\/a><\/span><\/p>\n","protected":false},"featured_media":21708,"comment_status":"open","ping_status":"closed","template":"","meta":[],"product_cat":[62],"product_tag":[],"_links":{"self":[{"href":"https:\/\/hqstore.ro\/index.php\/wp-json\/wp\/v2\/product\/21707"}],"collection":[{"href":"https:\/\/hqstore.ro\/index.php\/wp-json\/wp\/v2\/product"}],"about":[{"href":"https:\/\/hqstore.ro\/index.php\/wp-json\/wp\/v2\/types\/product"}],"replies":[{"embeddable":true,"href":"https:\/\/hqstore.ro\/index.php\/wp-json\/wp\/v2\/comments?post=21707"}],"wp:featuredmedia":[{"embeddable":true,"href":"https:\/\/hqstore.ro\/index.php\/wp-json\/wp\/v2\/media\/21708"}],"wp:attachment":[{"href":"https:\/\/hqstore.ro\/index.php\/wp-json\/wp\/v2\/media?parent=21707"}],"wp:term":[{"taxonomy":"product_cat","embeddable":true,"href":"https:\/\/hqstore.ro\/index.php\/wp-json\/wp\/v2\/product_cat?post=21707"},{"taxonomy":"product_tag","embeddable":true,"href":"https:\/\/hqstore.ro\/index.php\/wp-json\/wp\/v2\/product_tag?post=21707"}],"curies":[{"name":"wp","href":"https:\/\/api.w.org\/{rel}","templated":true}]}}