{"id":21697,"date":"2020-10-27T17:04:40","date_gmt":"2020-10-27T14:04:40","guid":{"rendered":"https:\/\/hqstore.ro\/index.php\/product\/camere-video-camera-video-canon-legria-hf-g26-full-hd-1920x1080-senzor-2404c003aa\/"},"modified":"2023-01-30T20:58:37","modified_gmt":"2023-01-30T17:58:37","slug":"camere-video-camera-video-canon-legria-hf-g26-full-hd-1920x1080-senzor-2404c003aa","status":"publish","type":"product","link":"https:\/\/hqstore.ro\/index.php\/product\/camere-video-camera-video-canon-legria-hf-g26-full-hd-1920x1080-senzor-2404c003aa\/","title":{"rendered":"Camera video Canon Legria HF G26, Full HD 1920&#215;1080, senzor"},"content":{"rendered":"<h2 class=\"pl-h1 pl-h1--alt pl-push pl-push--mobile--smallest pl-push--tablet--smallest pl-push--desktop--smallest\" style=\"margin-top: 0px;margin-bottom: 0.5rem;font-weight: bold;font-size: 48px;line-height: 64px;color: #323232;font-family: 'Gotham SSm A', 'Gotham SSm B', Helvetica, sans-serif;text-align: center;background-color: #ffffff\">O camer\u0103 video Full HD &icirc;ntr-o carcas\u0103 compact\u0103 \u015fi ultra-u\u015foar\u0103<\/h2>\n<p class=\"pl-text pl-text--medium\" style=\"margin-top: 16px;margin-bottom: 1rem;font-size: 18px;line-height: 30px;color: #323232;font-family: 'Gotham SSm A', 'Gotham SSm B', Helvetica, sans-serif;text-align: center;background-color: #ffffff\">Pentru filmare Full HD rapid\u0103 \u015fi discret\u0103 din mi\u015fcare cu op\u0163iuni pentru fluxuri de lucru u\u015foare, modelul LEGRIA HF G26 este compact \u015fi puternic, \u015fi ofer\u0103 portabilitate, calitate superb\u0103 a imaginilor \u015fi niveluri profesionale de performan\u0163\u0103 gra\u0163ie unui obiectiv Canon 20x HD cu zoom optic, procesor DIGIC DV 4 \u015fi un senzor HD CMOS Pro Image.<br \/><img decoding=\"async\" src=\"https:\/\/i1.adis.ws\/i\/canon\/legria-hf-g26-fsl-02_800x364\" alt=\"Canon LEGRIA HF G26\" class=\"pl-amplience__image\" style=\"vertical-align: middle;overflow: hidden;margin-right: auto;margin-left: auto;width: 540px;height: 245.688px;color: #323232;font-size: 16px;text-align: start;background-color: #ffffff\" \/><\/p>\n<div class=\"col-xs-12 col-lg-4 pl-push pl-push--mobile--smaller pl-push--tablet--smaller pl-push--desktop--small\" style=\"min-height: 1px;padding-left: 0.9375rem;padding-right: 0.9375rem;float: left;width: 379.984px;color: #323232;font-family: 'Gotham SSm A', 'Gotham SSm B', Helvetica, sans-serif;font-size: 16px;background-color: #ffffff;height: 397px\">\n<h2 class=\"pl-h2 pl-push pl-push--mobile--smallest pl-push--tablet--smallest pl-push--desktop--smallest\" style=\"margin-top: 0px;margin-bottom: 0.5rem;font-weight: bold;font-size: 40px;line-height: 48px\">Tehnologie optic\u0103 de &icirc;nalt\u0103 performan\u0163\u0103<\/h2>\n<p style=\"margin-top: 0px;margin-bottom: 1rem\">Dispun&acirc;nd de un zoom optic 20x cu o deschidere rapid\u0103 a diafragmei de la f\/1.8-2.8, aparatul foto LEGRIA HF G26 &icirc;nregistreaz\u0103 imagini uimitor de clare \u015fi naturale.<\/p>\n<\/div>\n<div class=\"col-xs-12 col-lg-4 pl-push pl-push--mobile--smaller pl-push--tablet--smaller pl-push--desktop--small\" style=\"min-height: 1px;padding-left: 0.9375rem;padding-right: 0.9375rem;float: left;width: 379.984px;color: #323232;font-family: 'Gotham SSm A', 'Gotham SSm B', Helvetica, sans-serif;font-size: 16px;background-color: #ffffff;height: 397px\">\n<h2 class=\"pl-h2 pl-push pl-push--mobile--smallest pl-push--tablet--smallest pl-push--desktop--smallest\" style=\"margin-top: 0px;margin-bottom: 0.5rem;font-weight: bold;font-size: 40px;line-height: 48px\">Calitate uimitoare a imaginilor Full HD<\/h2>\n<p style=\"margin-top: 0px;margin-bottom: 1rem\">Gama variat\u0103 \u015fi dinamic\u0103 \u015fi senzorul CMOS Pro de &icirc;nalt\u0103 calitate permite modelului LEGRIA HF G26 s\u0103 filmeze chiar \u015fi la cel mai redus nivel de lumin\u0103.<\/p>\n<\/div>\n<p class=\"pl-text pl-text--medium\" style=\"margin-top: 16px;margin-bottom: 1rem;font-size: 18px;line-height: 30px;color: #323232;font-family: 'Gotham SSm A', 'Gotham SSm B', Helvetica, sans-serif;text-align: center;background-color: #ffffff\">\n<div class=\"col-xs-12 col-lg-4 pl-push pl-push--mobile--smaller pl-push--tablet--smaller pl-push--desktop--small\" style=\"min-height: 1px;padding-left: 0.9375rem;padding-right: 0.9375rem;float: left;width: 379.984px;color: #323232;font-family: 'Gotham SSm A', 'Gotham SSm B', Helvetica, sans-serif;font-size: 16px;background-color: #ffffff;height: 397px\">\n<h2 class=\"pl-h2 pl-push pl-push--mobile--smallest pl-push--tablet--smallest pl-push--desktop--smallest\" style=\"margin-top: 0px;margin-bottom: 0.5rem;font-weight: bold;font-size: 40px;line-height: 48px\">Op\u0163iuni avansate de &icirc;nregistrare<\/h2>\n<p style=\"margin-top: 0px;margin-bottom: 1rem\">Modelul LEGRIA HF G26 &icirc;nregistreaz\u0103 filme profesionale &icirc;n format AVCHD sau MP4 cu un mod de &icirc;nregistrare 3 Mbps, de aceea este perfect pentru partajarea u\u015foar\u0103 a &icirc;nregistr\u0103rilor.<strong><br \/><\/strong><\/p>\n<h2 class=\"pl-h2 pl-push pl-push--mobile--smallest pl-push--tablet--smallest pl-push--desktop--smallest\" style=\"margin-top: 0px;margin-bottom: 0.5rem;font-weight: bold;font-size: 40px;line-height: 48px;color: #323232;font-family: 'Gotham SSm A', 'Gotham SSm B', Helvetica, sans-serif;background-color: #ffffff\">Specifica\u0163ii<\/h2>\n<p style=\"margin-top: 0px;margin-bottom: 1rem\">\n<div class=\"row pl-tablet-inverted\" style=\"margin-left: -0.9375rem;margin-right: -0.9375rem;color: #323232;background-color: #ffffff\">\n<div class=\"pl-tablet-inverted__top\">\n<div class=\"col-xs-12 col-lg-8 pl-push pl-push--mobile--small\" style=\"min-height: 1px;padding-left: 0.9375rem;padding-right: 0.9375rem;float: left;width: 760px\">\n<div id=\"pl-Technical-specifications\" class=\"row pl-push pl-push--mobile--smaller pl-push--tablet--smaller pl-push--desktop--smaller pl-Technical-specifications\" style=\"margin-left: -0.9375rem;margin-right: -0.9375rem\">\n<div class=\"col-md-6 pl-rule--mobile pl-spec pl-push pl-push--mobile--smallest pl-push--tablet--smallest pl-push--desktop--smallest\" style=\"min-height: 1px;padding-left: 0.9375rem;padding-right: 0.9375rem;float: left;width: 380px;height: 65px\"><img decoding=\"async\" src=\"https:\/\/i1.adis.ws\/i\/canon\/full-hd-1080p_160x100?fmt=jpg&amp;fmt.options=interlaced&amp;bg=rgb(255,255,255)\" alt=\"Full HD 1920 x 1080 AVCHD or MP4 50P recording to SD cards\" class=\"pl-amplience__image\" style=\"vertical-align: middle;overflow: hidden;margin-right: auto;margin-left: auto;width: 70px;height: 43.75px\" \/><\/p>\n<div class=\"pl-spec__desc\" style=\"float: left\">\n<p class=\"pl-text pl-text--small pl-color pl-color--gray\" style=\"margin-top: 0.5em;margin-bottom: 0px;color: #939598;font-size: 12px;line-height: 16px\">&Icirc;nregistrare Full HD 1920 x 1080 AVCHD sau MP4 50P pe carduri SD<\/p>\n<\/div>\n<\/div>\n<div class=\"col-md-6 pl-rule--mobile pl-spec pl-push pl-push--mobile--smallest pl-push--tablet--smallest pl-push--desktop--smallest\" style=\"min-height: 1px;padding-left: 0.9375rem;padding-right: 0.9375rem;float: left;width: 380px;height: 65px\"><img decoding=\"async\" src=\"https:\/\/i1.adis.ws\/i\/canon\/hd-cmos-sensor-with-high-sensitivity_160x100?fmt=jpg&amp;fmt.options=interlaced&amp;bg=rgb(255,255,255)\" alt=\"HD CMOS sensor with high sensitivity\" class=\"pl-amplience__image\" style=\"vertical-align: middle;overflow: hidden;margin-right: auto;margin-left: auto;width: 70px;height: 43.75px\" \/><\/p>\n<div class=\"pl-spec__desc\" style=\"float: left\">\n<p class=\"pl-text pl-text--small pl-color pl-color--gray\" style=\"margin-top: 0.5em;margin-bottom: 0px;color: #939598;font-size: 12px;line-height: 16px\">Senzor HD CMOS de &icirc;nalt\u0103 sensibilitate<\/p>\n<\/div>\n<\/div>\n<div class=\"col-md-6 pl-rule--mobile pl-spec pl-push pl-push--mobile--smallest pl-push--tablet--smallest pl-push--desktop--smallest\" style=\"min-height: 1px;padding-left: 0.9375rem;padding-right: 0.9375rem;float: left;width: 380px;height: 65px\"><img decoding=\"async\" src=\"https:\/\/i1.adis.ws\/i\/canon\/20x-optical-zoom_160x100?fmt=jpg&amp;fmt.options=interlaced&amp;bg=rgb(255,255,255)\" alt=\"20x optical zoom with a wide 28.8mm lens plus 5-Axis Image Stabilizer\" class=\"pl-amplience__image\" style=\"vertical-align: middle;overflow: hidden;margin-right: auto;margin-left: auto;width: 70px;height: 43.75px\" \/><\/p>\n<div class=\"pl-spec__desc\" style=\"float: left\">\n<p class=\"pl-text pl-text--small pl-color pl-color--gray\" style=\"margin-top: 0.5em;margin-bottom: 0px;color: #939598;font-size: 12px;line-height: 16px\">Zoom optic 20x cu obiectiv larg de 28,8 mm plus stabilizator de imagine cu 5 axe<\/p>\n<\/div>\n<\/div>\n<div class=\"col-md-6 pl-rule--mobile pl-spec pl-push pl-push--mobile--smallest pl-push--tablet--smallest pl-push--desktop--smallest\" style=\"min-height: 1px;padding-left: 0.9375rem;padding-right: 0.9375rem;float: left;width: 380px;height: 65px\"><img decoding=\"async\" src=\"https:\/\/i1.adis.ws\/i\/canon\/widedr-gamma_160x100?fmt=jpg&amp;fmt.options=interlaced&amp;bg=rgb(255,255,255)\" alt=\"Wide DR and Highlight Priority modes\" class=\"pl-amplience__image\" style=\"vertical-align: middle;overflow: hidden;margin-right: auto;margin-left: auto;width: 70px;height: 43.75px\" \/><\/p>\n<div class=\"pl-spec__desc\" style=\"float: left\">\n<p class=\"pl-text pl-text--small pl-color pl-color--gray\" style=\"margin-top: 0.5em;margin-bottom: 0px;color: #939598;font-size: 12px;line-height: 16px\">Moduri Interval dinamic larg \u015fi Prioritate eviden\u0163iere<\/p>\n<\/div>\n<\/div>\n<div class=\"hidden-sm-down view-more\" style=\"height: 65px\">\n<div class=\"col-md-6 pl-rule--mobile pl-spec pl-push pl-push--mobile--smallest pl-push--tablet--smallest pl-push--desktop--smallest\" style=\"min-height: 1px;padding-left: 0.9375rem;padding-right: 0.9375rem;float: left;width: 380px;height: 65px\"><img decoding=\"async\" src=\"https:\/\/i1.adis.ws\/i\/canon\/slow-and-fast-recording-modes_160x100?fmt=jpg&amp;fmt.options=interlaced&amp;bg=rgb(255,255,255)\" alt=\"Slow and fast recording modes\" class=\"pl-amplience__image\" style=\"vertical-align: middle;overflow: hidden;margin-right: auto;margin-left: auto;width: 70px;height: 43.75px\" \/><\/p>\n<div class=\"pl-spec__desc\" style=\"float: left\">\n<p class=\"pl-text pl-text--small pl-color pl-color--gray\" style=\"margin-top: 0.5em;margin-bottom: 0px;color: #939598;font-size: 12px;line-height: 16px\">Moduri de &icirc;nregistrare lent\u0103 \u015fi rapid\u0103<\/p>\n<\/div>\n<\/div>\n<\/div>\n<div class=\"col-md-6 pl-rule--mobile pl-spec pl-push pl-push--mobile--smallest pl-push--tablet--smallest pl-push--desktop--smallest\" style=\"min-height: 1px;padding-left: 0.9375rem;padding-right: 0.9375rem;float: left;width: 380px;height: 65px\"><img decoding=\"async\" src=\"https:\/\/i1.adis.ws\/i\/canon\/3.0-inch-touchscreen_160x100?fmt=jpg&amp;fmt.options=interlaced&amp;bg=rgb(255,255,255)\" alt=\"3.0-inch touchscreen\" class=\"pl-amplience__image\" style=\"vertical-align: middle;overflow: hidden;margin-right: auto;margin-left: auto;width: 70px;height: 43.75px\" \/><\/p>\n<div class=\"pl-spec__desc\" style=\"float: left\">\n<p class=\"pl-text pl-text--small pl-color pl-color--gray\" style=\"margin-top: 0.5em;margin-bottom: 0px;color: #939598;font-size: 12px;line-height: 16px\">Ecran tactil de 3 inch<\/p>\n<\/div>\n<\/div>\n<div class=\"col-md-6 pl-rule--mobile pl-spec pl-push pl-push--mobile--smallest pl-push--tablet--smallest pl-push--desktop--smallest\" style=\"min-height: 1px;padding-left: 0.9375rem;padding-right: 0.9375rem;float: left;width: 380px;height: 65px\"><img decoding=\"async\" src=\"https:\/\/i1.adis.ws\/i\/canon\/8-bladed-circular-aperture_160x100?fmt=jpg&amp;fmt.options=interlaced&amp;bg=rgb(255,255,255)\" alt=\"8 blade aperture for beautiful focus blurring\" class=\"pl-amplience__image\" style=\"vertical-align: middle;overflow: hidden;margin-right: auto;margin-left: auto;width: 70px;height: 43.75px\" \/><\/p>\n<div class=\"pl-spec__desc\" style=\"float: left\">\n<p class=\"pl-text pl-text--small pl-color pl-color--gray\" style=\"margin-top: 0.5em;margin-bottom: 0px;color: #939598;font-size: 12px;line-height: 16px\">Diafragm\u0103 cu 8 lamele pentru focalizare estompat\u0103 supe<\/p>\n<\/div>\n<\/div>\n<\/div>\n<\/div>\n<\/div>\n<div class=\"pl-tablet-inverted__bottom\">\n<div class=\"col-xs-12 col-lg-4 pl-push pl-push--mobile--small pl-push--tablet--small\" style=\"min-height: 1px;padding-left: 0.9375rem;padding-right: 0.9375rem;float: left;width: 379.984px\"><img decoding=\"async\" src=\"https:\/\/i1.adis.ws\/i\/canon\/legria-hf-g26-bsr_800x470?fmt=jpg&amp;fmt.options=interlaced&amp;bg=rgb(255,255,255)\" alt=\"Canon LEGRIA HF G26\" class=\"pl-amplience__image\" style=\"vertical-align: middle;overflow: hidden;margin-right: auto;margin-left: auto;width: 699.969px;height: 411.219px\" \/><\/div>\n<\/div>\n<\/div>\n<\/div>\n","protected":false},"excerpt":{"rendered":"<p>O camer\u0103 video Full HD &icirc;ntr-o carcas\u0103 compact\u0103 \u015fi ultra-u\u015foar\u0103 Pentru filmare Full HD rapid\u0103 \u015fi discret\u0103 din mi\u015fcare cu op\u0163iuni pentru fluxuri de lucru u\u015foare, modelul LEGRIA HF G26 este compact \u015fi puternic, \u015fi ofer\u0103 portabilitate, calitate superb\u0103 a imaginilor \u015fi niveluri profesionale de performan\u0163\u0103 gra\u0163ie unui obiectiv Canon 20x HD cu zoom optic,<span class=\"read-more-faq\"><a href=\"https:\/\/hqstore.ro\/index.php\/product\/camere-video-camera-video-canon-legria-hf-g26-full-hd-1920x1080-senzor-2404c003aa\/\">Read More<\/a><\/span><\/p>\n","protected":false},"featured_media":21698,"comment_status":"open","ping_status":"closed","template":"","meta":[],"product_cat":[61],"product_tag":[],"_links":{"self":[{"href":"https:\/\/hqstore.ro\/index.php\/wp-json\/wp\/v2\/product\/21697"}],"collection":[{"href":"https:\/\/hqstore.ro\/index.php\/wp-json\/wp\/v2\/product"}],"about":[{"href":"https:\/\/hqstore.ro\/index.php\/wp-json\/wp\/v2\/types\/product"}],"replies":[{"embeddable":true,"href":"https:\/\/hqstore.ro\/index.php\/wp-json\/wp\/v2\/comments?post=21697"}],"wp:featuredmedia":[{"embeddable":true,"href":"https:\/\/hqstore.ro\/index.php\/wp-json\/wp\/v2\/media\/21698"}],"wp:attachment":[{"href":"https:\/\/hqstore.ro\/index.php\/wp-json\/wp\/v2\/media?parent=21697"}],"wp:term":[{"taxonomy":"product_cat","embeddable":true,"href":"https:\/\/hqstore.ro\/index.php\/wp-json\/wp\/v2\/product_cat?post=21697"},{"taxonomy":"product_tag","embeddable":true,"href":"https:\/\/hqstore.ro\/index.php\/wp-json\/wp\/v2\/product_tag?post=21697"}],"curies":[{"name":"wp","href":"https:\/\/api.w.org\/{rel}","templated":true}]}}