{"id":19928,"date":"2020-06-05T19:15:53","date_gmt":"2020-06-05T16:15:53","guid":{"rendered":"https:\/\/hqstore.ro\/index.php\/product\/cabinete-metalice-bachmann-prelungitor-bn0500-18xc13-3xcee7-3-lungime-cablu-3m-masurarea-integrata-bm-800-2399\/"},"modified":"2024-03-08T03:47:00","modified_gmt":"2024-03-08T00:47:00","slug":"cabinete-metalice-bachmann-prelungitor-bn0500-18xc13-3xcee7-3-lungime-cablu-3m-masurarea-integrata-bm-800-2399","status":"publish","type":"product","link":"https:\/\/hqstore.ro\/index.php\/product\/cabinete-metalice-bachmann-prelungitor-bn0500-18xc13-3xcee7-3-lungime-cablu-3m-masurarea-integrata-bm-800-2399\/","title":{"rendered":"Bachmann prelungitor BN0500 18xC13 3xCEE7\/3; Lungime cablu: 3m; M\u0103surarea integrat\u0103"},"content":{"rendered":"<p>Bachmann prelungitor BN0500 18xC13 3xCEE7\/3; Lungime cablu: 3m; M\u0103surarea integrat\u0103 a curentului electric, a puterii active, a tensiunii, a frecven\u021bei, a unghiului de defazaj \u0219i a energiei; Afi\u0219are pe display-ul LCD iluminat; Contor de energie resetabil (valoarea r\u0103m\u00e2ne memorat\u0103 \u0219i f\u0103r\u0103 alimentarea cu curent); Precizie de m\u0103surare +\/- 2%;<\/p>\n","protected":false},"excerpt":{"rendered":"<p>Bachmann prelungitor BN0500 18xC13 3xCEE7\/3; Lungime cablu: 3m; M\u0103surarea integrat\u0103 a curentului electric, a puterii active, a tensiunii, a frecven\u021bei, a unghiului de defazaj \u0219i a energiei; Afi\u0219are pe display-ul LCD iluminat; Contor de energie resetabil (valoarea r\u0103m\u00e2ne memorat\u0103 \u0219i f\u0103r\u0103 alimentarea cu curent); Precizie de m\u0103surare +\/- 2%;<\/p>\n","protected":false},"featured_media":19929,"comment_status":"open","ping_status":"closed","template":"","meta":[],"product_cat":[344],"product_tag":[],"_links":{"self":[{"href":"https:\/\/hqstore.ro\/index.php\/wp-json\/wp\/v2\/product\/19928"}],"collection":[{"href":"https:\/\/hqstore.ro\/index.php\/wp-json\/wp\/v2\/product"}],"about":[{"href":"https:\/\/hqstore.ro\/index.php\/wp-json\/wp\/v2\/types\/product"}],"replies":[{"embeddable":true,"href":"https:\/\/hqstore.ro\/index.php\/wp-json\/wp\/v2\/comments?post=19928"}],"wp:featuredmedia":[{"embeddable":true,"href":"https:\/\/hqstore.ro\/index.php\/wp-json\/wp\/v2\/media\/19929"}],"wp:attachment":[{"href":"https:\/\/hqstore.ro\/index.php\/wp-json\/wp\/v2\/media?parent=19928"}],"wp:term":[{"taxonomy":"product_cat","embeddable":true,"href":"https:\/\/hqstore.ro\/index.php\/wp-json\/wp\/v2\/product_cat?post=19928"},{"taxonomy":"product_tag","embeddable":true,"href":"https:\/\/hqstore.ro\/index.php\/wp-json\/wp\/v2\/product_tag?post=19928"}],"curies":[{"name":"wp","href":"https:\/\/api.w.org\/{rel}","templated":true}]}}