{"id":19390,"date":"2020-06-05T14:31:36","date_gmt":"2020-06-05T11:31:36","guid":{"rendered":"https:\/\/hqstore.ro\/index.php\/product\/antene-retelistica-deco-s43-pack\/"},"modified":"2023-02-01T05:24:22","modified_gmt":"2023-02-01T02:24:22","slug":"routere-wireless-tp-link-sistem-mesh-wi-fi-pentru-intreaga-casa-ac1200-deco-s43-pack-deco-s43-pack","status":"publish","type":"product","link":"https:\/\/hqstore.ro\/index.php\/product\/routere-wireless-tp-link-sistem-mesh-wi-fi-pentru-intreaga-casa-ac1200-deco-s43-pack-deco-s43-pack\/","title":{"rendered":"TP-Link Sistem Mesh Wi-Fi pentru \u00eentreaga cas\u0103 AC1200, DECO S4(3-PACK);"},"content":{"rendered":"<p>TP-Link Sistem Mesh Wi-Fi pentru \u00eentreaga cas\u0103 AC1200, DECO S4(3-PACK); Procesor: Qualcomm CPU; Interfa\u021b\u0103: 2 Gigabit Ethernet Ports (WAN\/LAN auto-sensing) per Deco unit; 2 internal dual-band antennas per Deco unit;; Standarde Wireless: IEEE 802.11 ac\/n\/a 5 GHz, IEEE 802.11 b\/g\/n 2.4 GHz; Frecven\u021b\u0103: 2.4 GHz and 5 GHz; Rat\u0103 de Semnal: 300 Mbps on 2.4 GHz, 867 Mbps on 5 GHz; Alimentare Extern\u0103: 12 V\/1.2 A.<\/p>\n","protected":false},"excerpt":{"rendered":"<p>TP-Link Sistem Mesh Wi-Fi pentru \u00eentreaga cas\u0103 AC1200, DECO S4(3-PACK); Procesor: Qualcomm CPU; Interfa\u021b\u0103: 2 Gigabit Ethernet Ports (WAN\/LAN auto-sensing) per Deco unit; 2 internal dual-band antennas per Deco unit;; Standarde Wireless: IEEE 802.11 ac\/n\/a 5 GHz, IEEE 802.11 b\/g\/n 2.4 GHz; Frecven\u021b\u0103: 2.4 GHz and 5 GHz; Rat\u0103 de Semnal: 300 Mbps on 2.4<span class=\"read-more-faq\"><a href=\"https:\/\/hqstore.ro\/index.php\/product\/routere-wireless-tp-link-sistem-mesh-wi-fi-pentru-intreaga-casa-ac1200-deco-s43-pack-deco-s43-pack\/\">Read More<\/a><\/span><\/p>\n","protected":false},"featured_media":19391,"comment_status":"open","ping_status":"closed","template":"","meta":[],"product_cat":[335],"product_tag":[],"_links":{"self":[{"href":"https:\/\/hqstore.ro\/index.php\/wp-json\/wp\/v2\/product\/19390"}],"collection":[{"href":"https:\/\/hqstore.ro\/index.php\/wp-json\/wp\/v2\/product"}],"about":[{"href":"https:\/\/hqstore.ro\/index.php\/wp-json\/wp\/v2\/types\/product"}],"replies":[{"embeddable":true,"href":"https:\/\/hqstore.ro\/index.php\/wp-json\/wp\/v2\/comments?post=19390"}],"wp:featuredmedia":[{"embeddable":true,"href":"https:\/\/hqstore.ro\/index.php\/wp-json\/wp\/v2\/media\/19391"}],"wp:attachment":[{"href":"https:\/\/hqstore.ro\/index.php\/wp-json\/wp\/v2\/media?parent=19390"}],"wp:term":[{"taxonomy":"product_cat","embeddable":true,"href":"https:\/\/hqstore.ro\/index.php\/wp-json\/wp\/v2\/product_cat?post=19390"},{"taxonomy":"product_tag","embeddable":true,"href":"https:\/\/hqstore.ro\/index.php\/wp-json\/wp\/v2\/product_tag?post=19390"}],"curies":[{"name":"wp","href":"https:\/\/api.w.org\/{rel}","templated":true}]}}