{"id":19377,"date":"2020-06-05T14:31:01","date_gmt":"2020-06-05T11:31:01","guid":{"rendered":"https:\/\/hqstore.ro\/index.php\/product\/antene-retelistica-standarde-wireless-mw300um\/"},"modified":"2024-03-08T03:34:08","modified_gmt":"2024-03-08T00:34:08","slug":"routere-wireless-adaptor-wireless-mercusys-mw300um-wi-fi-single-band-mw300um","status":"publish","type":"product","link":"https:\/\/hqstore.ro\/index.php\/product\/routere-wireless-adaptor-wireless-mercusys-mw300um-wi-fi-single-band-mw300um\/","title":{"rendered":"Adaptor wireless MERCUSYS MW300UM, Wi-Fi, Single-Band"},"content":{"rendered":"<p>MERCUSYS MINI USB ASDAPTER Wireless N300, 300Mbps, MW300UM; Standarde Wireless: IEEE 802.11n, IEEE 802.11g, IEEE 802.11b; Frecven\u021b\u0103: 2.4GHz; 1x antenna; Rat\u0103 Semnal: P\u00e2n\u0103 la, 300Mbps (dinamic); Putere de Transmisie:<\/p>\n","protected":false},"excerpt":{"rendered":"<p>MERCUSYS MINI USB ASDAPTER Wireless N300, 300Mbps, MW300UM; Standarde Wireless: IEEE 802.11n, IEEE 802.11g, IEEE 802.11b; Frecven\u021b\u0103: 2.4GHz; 1x antenna; Rat\u0103 Semnal: P\u00e2n\u0103 la, 300Mbps (dinamic); Putere de Transmisie:<\/p>\n","protected":false},"featured_media":19378,"comment_status":"open","ping_status":"closed","template":"","meta":[],"product_cat":[335],"product_tag":[],"_links":{"self":[{"href":"https:\/\/hqstore.ro\/index.php\/wp-json\/wp\/v2\/product\/19377"}],"collection":[{"href":"https:\/\/hqstore.ro\/index.php\/wp-json\/wp\/v2\/product"}],"about":[{"href":"https:\/\/hqstore.ro\/index.php\/wp-json\/wp\/v2\/types\/product"}],"replies":[{"embeddable":true,"href":"https:\/\/hqstore.ro\/index.php\/wp-json\/wp\/v2\/comments?post=19377"}],"wp:featuredmedia":[{"embeddable":true,"href":"https:\/\/hqstore.ro\/index.php\/wp-json\/wp\/v2\/media\/19378"}],"wp:attachment":[{"href":"https:\/\/hqstore.ro\/index.php\/wp-json\/wp\/v2\/media?parent=19377"}],"wp:term":[{"taxonomy":"product_cat","embeddable":true,"href":"https:\/\/hqstore.ro\/index.php\/wp-json\/wp\/v2\/product_cat?post=19377"},{"taxonomy":"product_tag","embeddable":true,"href":"https:\/\/hqstore.ro\/index.php\/wp-json\/wp\/v2\/product_tag?post=19377"}],"curies":[{"name":"wp","href":"https:\/\/api.w.org\/{rel}","templated":true}]}}