{"id":18016,"date":"2020-05-31T04:58:25","date_gmt":"2020-05-31T01:58:25","guid":{"rendered":"https:\/\/hqstore.ro\/index.php\/product\/alte-gadgeturi-kit-bratara-de-schimb-garmin-vivosmart-hr-mov-imperial-dimensiuni-s00-00683-00\/"},"modified":"2023-01-30T22:21:40","modified_gmt":"2023-01-30T19:21:40","slug":"alte-gadgeturi-kit-bratara-de-schimb-garmin-vivosmart-hr-mov-imperial-dimensiuni-s00-00683-00","status":"publish","type":"product","link":"https:\/\/hqstore.ro\/index.php\/product\/alte-gadgeturi-kit-bratara-de-schimb-garmin-vivosmart-hr-mov-imperial-dimensiuni-s00-00683-00\/","title":{"rendered":"Kit br\u0103\u0163ar\u0103 de schimb Garmin vivosmart\u00ae HR, mov imperial (dimensiuni"},"content":{"rendered":"<p>Kit br\u0103\u0163ar\u0103 de schimb Garmin vivosmart\u00ae HR, mov imperial (dimensiuni normale)<\/p>\n","protected":false},"excerpt":{"rendered":"<p>Kit br\u0103\u0163ar\u0103 de schimb Garmin vivosmart\u00ae HR, mov imperial (dimensiuni normale)<\/p>\n","protected":false},"featured_media":18017,"comment_status":"open","ping_status":"closed","template":"","meta":[],"product_cat":[45],"product_tag":[],"_links":{"self":[{"href":"https:\/\/hqstore.ro\/index.php\/wp-json\/wp\/v2\/product\/18016"}],"collection":[{"href":"https:\/\/hqstore.ro\/index.php\/wp-json\/wp\/v2\/product"}],"about":[{"href":"https:\/\/hqstore.ro\/index.php\/wp-json\/wp\/v2\/types\/product"}],"replies":[{"embeddable":true,"href":"https:\/\/hqstore.ro\/index.php\/wp-json\/wp\/v2\/comments?post=18016"}],"wp:featuredmedia":[{"embeddable":true,"href":"https:\/\/hqstore.ro\/index.php\/wp-json\/wp\/v2\/media\/18017"}],"wp:attachment":[{"href":"https:\/\/hqstore.ro\/index.php\/wp-json\/wp\/v2\/media?parent=18016"}],"wp:term":[{"taxonomy":"product_cat","embeddable":true,"href":"https:\/\/hqstore.ro\/index.php\/wp-json\/wp\/v2\/product_cat?post=18016"},{"taxonomy":"product_tag","embeddable":true,"href":"https:\/\/hqstore.ro\/index.php\/wp-json\/wp\/v2\/product_tag?post=18016"}],"curies":[{"name":"wp","href":"https:\/\/api.w.org\/{rel}","templated":true}]}}