{"id":18014,"date":"2020-05-31T04:58:23","date_gmt":"2020-05-31T01:58:23","guid":{"rendered":"https:\/\/hqstore.ro\/index.php\/product\/alte-gadgeturi-kit-bratara-de-schimb-garmin-vivosmart-hr-albastru-inchisdimensiuni-normale-s00-00684-00\/"},"modified":"2023-01-30T22:21:40","modified_gmt":"2023-01-30T19:21:40","slug":"alte-gadgeturi-kit-bratara-de-schimb-garmin-vivosmart-hr-albastru-inchisdimensiuni-normale-s00-00684-00","status":"publish","type":"product","link":"https:\/\/hqstore.ro\/index.php\/product\/alte-gadgeturi-kit-bratara-de-schimb-garmin-vivosmart-hr-albastru-inchisdimensiuni-normale-s00-00684-00\/","title":{"rendered":"Kit br\u0103\u0163ar\u0103 de schimb Garmin vivosmart\u00ae HR, albastru inchis(dimensiuni normale)"},"content":{"rendered":"<p>Kit br\u0103\u0163ar\u0103 de schimb Garmin vivosmart\u00ae HR, albastru inchis(dimensiuni normale)<\/p>\n","protected":false},"excerpt":{"rendered":"<p>Kit br\u0103\u0163ar\u0103 de schimb Garmin vivosmart\u00ae HR, albastru inchis(dimensiuni normale)<\/p>\n","protected":false},"featured_media":18015,"comment_status":"open","ping_status":"closed","template":"","meta":[],"product_cat":[45],"product_tag":[],"_links":{"self":[{"href":"https:\/\/hqstore.ro\/index.php\/wp-json\/wp\/v2\/product\/18014"}],"collection":[{"href":"https:\/\/hqstore.ro\/index.php\/wp-json\/wp\/v2\/product"}],"about":[{"href":"https:\/\/hqstore.ro\/index.php\/wp-json\/wp\/v2\/types\/product"}],"replies":[{"embeddable":true,"href":"https:\/\/hqstore.ro\/index.php\/wp-json\/wp\/v2\/comments?post=18014"}],"wp:featuredmedia":[{"embeddable":true,"href":"https:\/\/hqstore.ro\/index.php\/wp-json\/wp\/v2\/media\/18015"}],"wp:attachment":[{"href":"https:\/\/hqstore.ro\/index.php\/wp-json\/wp\/v2\/media?parent=18014"}],"wp:term":[{"taxonomy":"product_cat","embeddable":true,"href":"https:\/\/hqstore.ro\/index.php\/wp-json\/wp\/v2\/product_cat?post=18014"},{"taxonomy":"product_tag","embeddable":true,"href":"https:\/\/hqstore.ro\/index.php\/wp-json\/wp\/v2\/product_tag?post=18014"}],"curies":[{"name":"wp","href":"https:\/\/api.w.org\/{rel}","templated":true}]}}