{"id":17994,"date":"2020-05-31T04:57:56","date_gmt":"2020-05-31T01:57:56","guid":{"rendered":"https:\/\/hqstore.ro\/index.php\/product\/alte-gadgeturi-centura-premium-de-monitorizare-ritm-cardiac-garmin-rezistenta-la-apa-010-12883-00\/"},"modified":"2023-05-23T22:58:54","modified_gmt":"2023-05-23T19:58:54","slug":"alte-gadgeturi-centura-premium-de-monitorizare-ritm-cardiac-garmin-rezistenta-la-apa-010-12883-00","status":"publish","type":"product","link":"https:\/\/hqstore.ro\/index.php\/product\/alte-gadgeturi-centura-premium-de-monitorizare-ritm-cardiac-garmin-rezistenta-la-apa-010-12883-00\/","title":{"rendered":"Centura premium de monitorizare ritm cardiac, Garmin, Rezisten\u0163\u0103 la ap\u0103:"},"content":{"rendered":"<p>Centura premium de monitorizare ritm cardiac, Garmin, Rezisten\u0163\u0103 la ap\u0103: 1 ATM, Baterie: m\u0103rimea CR2032, Temperatura de func\u0163ionare: -5\u00b0C \u2013 50\u00b0C, Frecven\u0163\u0103\/Protocol radio: protocolul de comunicare wireless 2,4 GHz ANT; Tehnologie wireless BLUETOOTH\u00ae 5.0, Raz\u0103: 3 m, Compatibilitate sistem: ANT+, BLUETOOTH.<\/p>\n","protected":false},"excerpt":{"rendered":"<p>Centura premium de monitorizare ritm cardiac, Garmin, Rezisten\u0163\u0103 la ap\u0103: 1 ATM, Baterie: m\u0103rimea CR2032, Temperatura de func\u0163ionare: -5\u00b0C \u2013 50\u00b0C, Frecven\u0163\u0103\/Protocol radio: protocolul de comunicare wireless 2,4 GHz ANT; Tehnologie wireless BLUETOOTH\u00ae 5.0, Raz\u0103: 3 m, Compatibilitate sistem: ANT+, BLUETOOTH.<\/p>\n","protected":false},"featured_media":17995,"comment_status":"open","ping_status":"closed","template":"","meta":[],"product_cat":[45],"product_tag":[],"_links":{"self":[{"href":"https:\/\/hqstore.ro\/index.php\/wp-json\/wp\/v2\/product\/17994"}],"collection":[{"href":"https:\/\/hqstore.ro\/index.php\/wp-json\/wp\/v2\/product"}],"about":[{"href":"https:\/\/hqstore.ro\/index.php\/wp-json\/wp\/v2\/types\/product"}],"replies":[{"embeddable":true,"href":"https:\/\/hqstore.ro\/index.php\/wp-json\/wp\/v2\/comments?post=17994"}],"wp:featuredmedia":[{"embeddable":true,"href":"https:\/\/hqstore.ro\/index.php\/wp-json\/wp\/v2\/media\/17995"}],"wp:attachment":[{"href":"https:\/\/hqstore.ro\/index.php\/wp-json\/wp\/v2\/media?parent=17994"}],"wp:term":[{"taxonomy":"product_cat","embeddable":true,"href":"https:\/\/hqstore.ro\/index.php\/wp-json\/wp\/v2\/product_cat?post=17994"},{"taxonomy":"product_tag","embeddable":true,"href":"https:\/\/hqstore.ro\/index.php\/wp-json\/wp\/v2\/product_tag?post=17994"}],"curies":[{"name":"wp","href":"https:\/\/api.w.org\/{rel}","templated":true}]}}