{"id":17783,"date":"2020-05-31T04:02:03","date_gmt":"2020-05-31T01:02:03","guid":{"rendered":"https:\/\/hqstore.ro\/index.php\/product\/smartwhatch-uri-ceas-smartwatch-garmin-vivoactive-3-gps-white-rose-gold-silicone-010-01769-07\/"},"modified":"2023-01-30T21:09:57","modified_gmt":"2023-01-30T18:09:57","slug":"smartwhatch-uri-ceas-smartwatch-garmin-vivoactive-3-gps-white-rose-gold-silicone-010-01769-07","status":"publish","type":"product","link":"https:\/\/hqstore.ro\/index.php\/product\/smartwhatch-uri-ceas-smartwatch-garmin-vivoactive-3-gps-white-rose-gold-silicone-010-01769-07\/","title":{"rendered":"Ceas Smartwatch Garmin vivoactive 3, GPS, White\/Rose, Gold Silicone"},"content":{"rendered":"<p>Ceas Smartwatch Garmin vivoactive 3, GPS, Baterie: Mod GPS: p\u00e2n\u0103 la 13 ore;Mod inteligent: p\u00e2n\u0103 la 7 zile, Rezistenta apa: 5 ATM, Glonass, Galileo, Monitor cardiac, White\/Rose, Gold Silicone.<\/p>\n","protected":false},"excerpt":{"rendered":"<p>Ceas Smartwatch Garmin vivoactive 3, GPS, Baterie: Mod GPS: p\u00e2n\u0103 la 13 ore;Mod inteligent: p\u00e2n\u0103 la 7 zile, Rezistenta apa: 5 ATM, Glonass, Galileo, Monitor cardiac, White\/Rose, Gold Silicone.<\/p>\n","protected":false},"featured_media":17784,"comment_status":"open","ping_status":"closed","template":"","meta":[],"product_cat":[43],"product_tag":[],"_links":{"self":[{"href":"https:\/\/hqstore.ro\/index.php\/wp-json\/wp\/v2\/product\/17783"}],"collection":[{"href":"https:\/\/hqstore.ro\/index.php\/wp-json\/wp\/v2\/product"}],"about":[{"href":"https:\/\/hqstore.ro\/index.php\/wp-json\/wp\/v2\/types\/product"}],"replies":[{"embeddable":true,"href":"https:\/\/hqstore.ro\/index.php\/wp-json\/wp\/v2\/comments?post=17783"}],"wp:featuredmedia":[{"embeddable":true,"href":"https:\/\/hqstore.ro\/index.php\/wp-json\/wp\/v2\/media\/17784"}],"wp:attachment":[{"href":"https:\/\/hqstore.ro\/index.php\/wp-json\/wp\/v2\/media?parent=17783"}],"wp:term":[{"taxonomy":"product_cat","embeddable":true,"href":"https:\/\/hqstore.ro\/index.php\/wp-json\/wp\/v2\/product_cat?post=17783"},{"taxonomy":"product_tag","embeddable":true,"href":"https:\/\/hqstore.ro\/index.php\/wp-json\/wp\/v2\/product_tag?post=17783"}],"curies":[{"name":"wp","href":"https:\/\/api.w.org\/{rel}","templated":true}]}}