{"id":17741,"date":"2020-05-31T04:01:05","date_gmt":"2020-05-31T01:01:05","guid":{"rendered":"https:\/\/hqstore.ro\/index.php\/product\/smartwhatch-uri-gps-runnning-watch-garmin-forerunner-45-small-mov-010-02156-11\/"},"modified":"2023-05-23T22:57:19","modified_gmt":"2023-05-23T19:57:19","slug":"smartwatch-uri-ceas-smartwatch-garmin-forerunner-45-small-mov-010-02156-11","status":"publish","type":"product","link":"https:\/\/hqstore.ro\/index.php\/product\/smartwatch-uri-ceas-smartwatch-garmin-forerunner-45-small-mov-010-02156-11\/","title":{"rendered":"Ceas Smartwatch Garmin Forerunner 45, Small, Mov"},"content":{"rendered":"<p>GPS Runnning Watch Garmin Forerunner 45 Small MOV, Diametru: 1,04&#8243; (26.3 mm),Rezolutie afisaj: 208 x 208 pixeli, Durata de viata a bateriei: Mod ceas inteligent: p\u00e2n\u0103 la 7 zile; mod GPS cu muzic\u0103: p\u00e2n\u0103 la 13 de ore, Rezistenta apa: 5 ATM, Afisaj in culori, GLONASS, Galileo, Monitor cardiac \u2013 Garmin ELEVATE.<\/p>\n","protected":false},"excerpt":{"rendered":"<p>GPS Runnning Watch Garmin Forerunner 45 Small MOV, Diametru: 1,04&#8243; (26.3 mm),Rezolutie afisaj: 208 x 208 pixeli, Durata de viata a bateriei: Mod ceas inteligent: p\u00e2n\u0103 la 7 zile; mod GPS cu muzic\u0103: p\u00e2n\u0103 la 13 de ore, Rezistenta apa: 5 ATM, Afisaj in culori, GLONASS, Galileo, Monitor cardiac \u2013 Garmin ELEVATE.<\/p>\n","protected":false},"featured_media":17742,"comment_status":"open","ping_status":"closed","template":"","meta":[],"product_cat":[43],"product_tag":[],"_links":{"self":[{"href":"https:\/\/hqstore.ro\/index.php\/wp-json\/wp\/v2\/product\/17741"}],"collection":[{"href":"https:\/\/hqstore.ro\/index.php\/wp-json\/wp\/v2\/product"}],"about":[{"href":"https:\/\/hqstore.ro\/index.php\/wp-json\/wp\/v2\/types\/product"}],"replies":[{"embeddable":true,"href":"https:\/\/hqstore.ro\/index.php\/wp-json\/wp\/v2\/comments?post=17741"}],"wp:featuredmedia":[{"embeddable":true,"href":"https:\/\/hqstore.ro\/index.php\/wp-json\/wp\/v2\/media\/17742"}],"wp:attachment":[{"href":"https:\/\/hqstore.ro\/index.php\/wp-json\/wp\/v2\/media?parent=17741"}],"wp:term":[{"taxonomy":"product_cat","embeddable":true,"href":"https:\/\/hqstore.ro\/index.php\/wp-json\/wp\/v2\/product_cat?post=17741"},{"taxonomy":"product_tag","embeddable":true,"href":"https:\/\/hqstore.ro\/index.php\/wp-json\/wp\/v2\/product_tag?post=17741"}],"curies":[{"name":"wp","href":"https:\/\/api.w.org\/{rel}","templated":true}]}}