{"id":17733,"date":"2020-05-31T04:00:50","date_gmt":"2020-05-31T01:00:50","guid":{"rendered":"https:\/\/hqstore.ro\/index.php\/product\/smartwhatch-uri-gps-runnning-watch-garmin-forerunner-45-small-010-02156-12\/"},"modified":"2023-05-23T22:57:19","modified_gmt":"2023-05-23T19:57:19","slug":"smartwatch-uri-ceas-smartwatch-garmin-forerunner-45-small-black-010-02156-12","status":"publish","type":"product","link":"https:\/\/hqstore.ro\/index.php\/product\/smartwatch-uri-ceas-smartwatch-garmin-forerunner-45-small-black-010-02156-12\/","title":{"rendered":"Ceas Smartwatch Garmin Forerunner 45, Small, Black"},"content":{"rendered":"<p>GPS Runnning Watch Garmin Forerunner 45 Small, Diametru: 1,04&#8243; (26.3 mm), Rezolutie afisaj: 208 x 208 pixeli, Durata de viata a bateriei: Mod ceas inteligent: p\u00e2n\u0103 la 7 zile; mod GPS cu muzic\u0103: p\u00e2n\u0103 la 13 de ore, Rezistenta apa: 5 ATM, Afisaj in culori, GLONASS, Galileo, Monitor cardiac \u2013 Garmin ELEVATE.  Ceasul pentru alergare cu GPS cu asistenta pentru planul de antrenament Antrenor Garmin Forerunner 45, negru DIMENSIUNE42 x 42 x 11,4 mm; Se potriveste unei circumferinte a incheieturii mainii de 129-197 mm CARACTERISTICIAndroid, IOS, Bluetooth; Rezistenta la apa 5 ATM AUTONOMIE BATERIEPana la 7 zile in modul ceas inteligent; Pana la 13 de ore in modul GPS GREUTATE36 g SENZORGPS activat; GLONASS; Galileo; Monitor cardiac la incheietura mainii Garmin Elevate\u2122; Busola electronica; Accelerometru ALTELEAccesorii incluse REZOLUTIE AFISAJ208 x 208 pixeli COD PRODUS2609737 DESCRIERECeasul pentru alergare monitorizeaza pulsul la incheietura mainii si dispune de GPS pentru a monitoriza ritmul,distanta, intervalele si multe altele; Functioneaza cu planurile de antrenament adaptive si gratuite Antrenor Garmin TEHNOLOGIESmart MATERIALLentila din sticla ranforsata chimic; Curea din silicon<\/p>\n","protected":false},"excerpt":{"rendered":"<p>GPS Runnning Watch Garmin Forerunner 45 Small, Diametru: 1,04&#8243; (26.3 mm), Rezolutie afisaj: 208 x 208 pixeli, Durata de viata a bateriei: Mod ceas inteligent: p\u00e2n\u0103 la 7 zile; mod GPS cu muzic\u0103: p\u00e2n\u0103 la 13 de ore, Rezistenta apa: 5 ATM, Afisaj in culori, GLONASS, Galileo, Monitor cardiac \u2013 Garmin ELEVATE. Ceasul pentru alergare<span class=\"read-more-faq\"><a href=\"https:\/\/hqstore.ro\/index.php\/product\/smartwatch-uri-ceas-smartwatch-garmin-forerunner-45-small-black-010-02156-12\/\">Read More<\/a><\/span><\/p>\n","protected":false},"featured_media":17734,"comment_status":"open","ping_status":"closed","template":"","meta":[],"product_cat":[43],"product_tag":[],"_links":{"self":[{"href":"https:\/\/hqstore.ro\/index.php\/wp-json\/wp\/v2\/product\/17733"}],"collection":[{"href":"https:\/\/hqstore.ro\/index.php\/wp-json\/wp\/v2\/product"}],"about":[{"href":"https:\/\/hqstore.ro\/index.php\/wp-json\/wp\/v2\/types\/product"}],"replies":[{"embeddable":true,"href":"https:\/\/hqstore.ro\/index.php\/wp-json\/wp\/v2\/comments?post=17733"}],"wp:featuredmedia":[{"embeddable":true,"href":"https:\/\/hqstore.ro\/index.php\/wp-json\/wp\/v2\/media\/17734"}],"wp:attachment":[{"href":"https:\/\/hqstore.ro\/index.php\/wp-json\/wp\/v2\/media?parent=17733"}],"wp:term":[{"taxonomy":"product_cat","embeddable":true,"href":"https:\/\/hqstore.ro\/index.php\/wp-json\/wp\/v2\/product_cat?post=17733"},{"taxonomy":"product_tag","embeddable":true,"href":"https:\/\/hqstore.ro\/index.php\/wp-json\/wp\/v2\/product_tag?post=17733"}],"curies":[{"name":"wp","href":"https:\/\/api.w.org\/{rel}","templated":true}]}}