{"id":17694,"date":"2020-05-31T03:36:54","date_gmt":"2020-05-31T00:36:54","guid":{"rendered":"https:\/\/hqstore.ro\/index.php\/product\/smartwhatch-uri-smartwatch-garmin-vivomove-style-grafit-corning-gorilla-glass-3-010-02240-23\/"},"modified":"2023-01-30T21:10:00","modified_gmt":"2023-01-30T18:10:00","slug":"smartwhatch-uri-ceas-smartwatch-garmin-vivomove-style-grafit-010-02240-23","status":"publish","type":"product","link":"https:\/\/hqstore.ro\/index.php\/product\/smartwhatch-uri-ceas-smartwatch-garmin-vivomove-style-grafit-010-02240-23\/","title":{"rendered":"Ceas Smartwatch Garmin Vivomove Style, Grafit"},"content":{"rendered":"<p>SMARTWATCH GARMIN Vivomove Style Grafit  Corning\u00ae Gorilla\u00ae Glass 3 de tip cupol\u0103 MATERIAL CADRU Aluminiu anodizat MATERIAL CAPAC Aluminiu anodizat BR\u0102\u0162\u0102RI CU ELIBERARE RAPID\u0102 Da (20 mm, standard \u00een domeniu) MATERIAL BAND\u0102 Silicon sau nailon \u00eempletit DIMENSIUNE FIZIC\u0102 42 x 42 x 11.9 mm  Se potrive\u015fte pentru \u00eencheieturi cu circumferin\u0163a de 125-190 mm ECRAN TACTIL DIMENSIUNE AFI\u015eAJ 2410 x 1870 mm REZOLU\u0162IE AFI\u015eAJ 240 x 240 pixeli TIP AFI\u015eAJ AMOLED GREUTATE Numai carcasa: 2550 g Cu br\u0103\u0163ara din silicon: 420 g Cu br\u0103\u0163ara din nailon: 35,0 g DURATA DE VIA\u0162\u0102 A BATERIEI Modul Ceas inteligent: p\u00e2n\u0103 la 5 zile Modul Ceas: p\u00e2n\u0103 la 1 s\u0103pt\u0103m\u00e2n\u0103 suplimentar\u0103 REZISTEN\u0162\u0102 LA AP\u0102 \u00cenot, 5 ATM AFI\u015eAJ \u00ceN CULORI MEMORIE INTEGRAT\u0102 7 activit\u0103\u0163i sincronizate; 14 zile de date de urm\u0103rire a activit\u0103\u0163ii;<\/p>\n","protected":false},"excerpt":{"rendered":"<p>SMARTWATCH GARMIN Vivomove Style Grafit Corning\u00ae Gorilla\u00ae Glass 3 de tip cupol\u0103 MATERIAL CADRU Aluminiu anodizat MATERIAL CAPAC Aluminiu anodizat BR\u0102\u0162\u0102RI CU ELIBERARE RAPID\u0102 Da (20 mm, standard \u00een domeniu) MATERIAL BAND\u0102 Silicon sau nailon \u00eempletit DIMENSIUNE FIZIC\u0102 42 x 42 x 11.9 mm Se potrive\u015fte pentru \u00eencheieturi cu circumferin\u0163a de 125-190 mm ECRAN TACTIL<span class=\"read-more-faq\"><a href=\"https:\/\/hqstore.ro\/index.php\/product\/smartwhatch-uri-ceas-smartwatch-garmin-vivomove-style-grafit-010-02240-23\/\">Read More<\/a><\/span><\/p>\n","protected":false},"featured_media":17695,"comment_status":"open","ping_status":"closed","template":"","meta":[],"product_cat":[43],"product_tag":[],"_links":{"self":[{"href":"https:\/\/hqstore.ro\/index.php\/wp-json\/wp\/v2\/product\/17694"}],"collection":[{"href":"https:\/\/hqstore.ro\/index.php\/wp-json\/wp\/v2\/product"}],"about":[{"href":"https:\/\/hqstore.ro\/index.php\/wp-json\/wp\/v2\/types\/product"}],"replies":[{"embeddable":true,"href":"https:\/\/hqstore.ro\/index.php\/wp-json\/wp\/v2\/comments?post=17694"}],"wp:featuredmedia":[{"embeddable":true,"href":"https:\/\/hqstore.ro\/index.php\/wp-json\/wp\/v2\/media\/17695"}],"wp:attachment":[{"href":"https:\/\/hqstore.ro\/index.php\/wp-json\/wp\/v2\/media?parent=17694"}],"wp:term":[{"taxonomy":"product_cat","embeddable":true,"href":"https:\/\/hqstore.ro\/index.php\/wp-json\/wp\/v2\/product_cat?post=17694"},{"taxonomy":"product_tag","embeddable":true,"href":"https:\/\/hqstore.ro\/index.php\/wp-json\/wp\/v2\/product_tag?post=17694"}],"curies":[{"name":"wp","href":"https:\/\/api.w.org\/{rel}","templated":true}]}}