{"id":16833,"date":"2020-05-21T17:43:10","date_gmt":"2020-05-21T14:43:10","guid":{"rendered":"https:\/\/hqstore.ro\/index.php\/product\/laptopuri-ultrabook-dell-xps-13-7390-13-3-uhd-infinityedge-touch-display-xps7390ti716512wp\/"},"modified":"2023-02-01T05:27:59","modified_gmt":"2023-02-01T02:27:59","slug":"laptopuri-ultrabook-dell-xps-13-7390-13-3-uhd-infinityedge-touch-display-xps7390ti716512wp","status":"publish","type":"product","link":"https:\/\/hqstore.ro\/index.php\/product\/laptopuri-ultrabook-dell-xps-13-7390-13-3-uhd-infinityedge-touch-display-xps7390ti716512wp\/","title":{"rendered":"Ultrabook Dell XPS 13 7390 13.3&#034; UHD InfinityEdge Touch Display"},"content":{"rendered":"<p><span style=\"font-family: Arial;font-size: 12px\"><\/span><img decoding=\"async\" src=\"https:\/\/i.dell.com\/is\/image\/DellContent\/\/content\/dam\/global-site-design\/product_images\/dell_client_products\/notebooks\/xps_notebooks\/13_9380\/pdp\/laptops-xps-13-9380-rosegold-1-pdp.jpg?fmt=jpg\" alt=\"Idealul perfec\u021bionat\" title=\"Idealul perfec\u021bionat\" border=\"0\" id=\"\" data-original=\"\/\/i.dell.com\/is\/image\/DellContent\/\/content\/dam\/global-site-design\/product_images\/dell_client_products\/notebooks\/xps_notebooks\/13_9380\/pdp\/laptops-xps-13-9380-rosegold-1-pdp.jpg?fmt=jpg\" class=\"lazy\" style=\"text-align: center;font-family: roboto, Arial, Helvetica, sans-serif;font-size: 13px;vertical-align: baseline;max-width: 965px\" \/><\/p>\n<div class=\"anchoredContentContainer clrFix anchoredContent_1imageup anchorMenu\" style=\"margin-top: 20px;vertical-align: baseline;background-color: #ffffff;font-size: 13px;width: 965px;overflow: hidden;clear: both;color: #000000;font-family: roboto, Arial, Helvetica, sans-serif\">\n<div class=\"oneImageUpContainer\" style=\"margin-right: auto;vertical-align: baseline;width: 965px\">\n<div class=\"oneImageUp\" style=\"vertical-align: baseline;text-align: center\">\n<div class=\"oneImageHeadline\" style=\"margin-top: 15px;margin-bottom: 10px;vertical-align: baseline;font-size: 2.15em;color: #444444;width: 965px;line-height: normal;text-align: left\">Idealul perfec\u021bionat<\/div>\n<div class=\"oneImageBody\" style=\"vertical-align: baseline;font-size: 1em;width: 965px;line-height: normal;text-align: left;color: #444444\"><strong style=\"vertical-align: baseline;color: #444444\">Pozi\u021bie &icirc;mbun\u0103t\u0103\u021bit\u0103 a camerei:<\/strong>&nbsp;am dus inova\u021bia la limit\u0103 pentru a crea cea mai mic\u0103 camer\u0103 HD din lume (numai 2,25&nbsp;mm) plasat\u0103 &icirc;n partea superioar\u0103 a renumitului ecran InfinityEdge &ndash; aflat\u0103 acum &icirc;n fa\u021b\u0103 \u0219i la centru.<br style=\"clear: both\" \/><br style=\"clear: both\" \/><strong style=\"vertical-align: baseline;color: #444444\">Construc\u021bie revolu\u021bionar\u0103 a camerei web:<\/strong>&nbsp;camera noului model XPS 13 nu este numai mai mic\u0103, ci este \u0219i mai bun\u0103. Un nou obiectiv cu 4&nbsp;elemente utilizeaz\u0103 mai multe elemente dec&acirc;t o camer\u0103 web tipic\u0103, pentru a asigura o imagine video clar\u0103 &icirc;n tot cadrul, iar reducerea temporal\u0103 a zgomotului grafic utilizeaz\u0103 o tehnologie avansat\u0103, &icirc;mbun\u0103t\u0103\u021bind &icirc;n mod semnificativ calitatea video, mai ales &icirc;n condi\u021bii de iluminare redus\u0103. La final, obiectivul este asamblat cu ma\u0219ini extrem de precise, pentru a se asigura focalizarea &icirc;n toate zonele imaginii.<br style=\"clear: both\" \/><br style=\"clear: both\" \/><strong style=\"vertical-align: baseline;color: #444444\">Deschidere mai u\u0219oar\u0103:<\/strong>&nbsp;noul design al articula\u021biei, cu cuplu variabil, asigur\u0103 deschiderea facil\u0103, cu o singur\u0103 m&acirc;n\u0103. De asemenea, &icirc;nsemn\u0103 c\u0103 ecranul este mai stabil, chiar dac\u0103 v\u0103 afla\u021bi &icirc;n mi\u0219care sau utiliza\u021bi ecranul tactil op\u021bional.<br style=\"clear: both\" \/><br style=\"clear: both\" \/><strong style=\"vertical-align: baseline;color: #444444\">Un alb ca de ghea\u021b\u0103:<\/strong>&nbsp;am rafinat modelul XPS 13 p&acirc;n\u0103 la perfec\u021bionarea reazemelor pentru m&acirc;ini din fibr\u0103 de sticl\u0103 \u021besut\u0103, pe care le-am f\u0103cut de un alb mai luminos ca oric&acirc;nd, numit alb arctic.<\/div>\n<\/div>\n<\/div>\n<\/div>\n<div class=\"anchored_clearFloats\" style=\"padding-top: 15px;padding-bottom: 15px;border-bottom: 1px dotted #aaaaaa;vertical-align: baseline;background-position: 0px center;background-color: #ffffff;font-size: 13px;width: 965px;text-align: center;clear: both;height: auto;line-height: 6px;color: #000000;font-family: roboto, Arial, Helvetica, sans-serif;margin-bottom: 30px\"><\/div>\n<div class=\"anchoredContentContainer clrFix anchoredContent_1imageup anchorMenu\" style=\"margin-top: 20px;vertical-align: baseline;background-color: #ffffff;font-size: 13px;width: 965px;overflow: hidden;clear: both;color: #000000;font-family: roboto, Arial, Helvetica, sans-serif\">\n<div class=\"oneImageUpContainer\" style=\"margin-right: auto;vertical-align: baseline;width: 965px\">\n<div class=\"oneImageUp\" style=\"vertical-align: baseline;text-align: center\"><img decoding=\"async\" src=\"https:\/\/i.dell.com\/is\/image\/DellContent\/\/content\/dam\/global-site-design\/product_images\/dell_client_products\/notebooks\/xps_notebooks\/13_9380\/pdp\/notebooks-xps-13-9380-pdp-ac-1.jpg?fmt=jpg\" alt=\"Elegan\u021b\u0103 &icirc;n trei stiluri diferite\" title=\"Elegan\u021b\u0103 &icirc;n trei stiluri diferite\" border=\"0\" id=\"\" data-original=\"\/\/i.dell.com\/is\/image\/DellContent\/\/content\/dam\/global-site-design\/product_images\/dell_client_products\/notebooks\/xps_notebooks\/13_9380\/pdp\/notebooks-xps-13-9380-pdp-ac-1.jpg?fmt=jpg\" class=\"lazy\" style=\"vertical-align: baseline;max-width: 965px\" \/><\/p>\n<div class=\"oneImageHeadline\" style=\"margin-top: 15px;margin-bottom: 10px;vertical-align: baseline;font-size: 2.15em;color: #444444;width: 965px;line-height: normal;text-align: left\">Elegan\u021b\u0103 &icirc;n trei stiluri diferite<\/div>\n<div class=\"oneImageBody\" style=\"vertical-align: baseline;font-size: 1em;width: 965px;line-height: normal;text-align: left;color: #444444\">Am redefinit rafinamentul cu noile noastre culori de aur &icirc;nghe\u021bat sau aur ro\u0219iatic, &icirc;ntre\u021besute cu fibr\u0103 de sticl\u0103 de culoare alb arctic sau argintiu platin\u0103 cu interior din fibr\u0103 de carbon negru<\/div>\n<\/div>\n<\/div>\n<\/div>\n<div class=\"anchored_clearFloats\" style=\"padding-top: 15px;padding-bottom: 15px;border-bottom: 1px dotted #aaaaaa;vertical-align: baseline;background-position: 0px center;background-color: #ffffff;font-size: 13px;width: 965px;text-align: center;clear: both;height: auto;line-height: 6px;color: #000000;font-family: roboto, Arial, Helvetica, sans-serif;margin-bottom: 30px\"><\/div>\n<div class=\"anchoredContentContainer clrFix anchoredContent_textrightimageleft anchorMenu\" style=\"margin-top: 20px;vertical-align: baseline;background-color: #ffffff;font-size: 13px;width: 965px;overflow: hidden;clear: both;color: #000000;font-family: roboto, Arial, Helvetica, sans-serif\">\n<div class=\"textrightimageleft_Container clrFix\" style=\"margin-right: auto;vertical-align: baseline;width: 965px;overflow: hidden;clear: both\">\n<div class=\"textrightimageleft_MainImg\" style=\"margin-right: 45px;vertical-align: baseline;float: left;width: 389px\">\n<div class=\"leftRightMainImg\" style=\"vertical-align: baseline\"><img decoding=\"async\" src=\"https:\/\/i.dell.com\/is\/image\/DellContent\/\/content\/dam\/global-site-design\/product_images\/dell_client_products\/notebooks\/xps_notebooks\/13_9380\/pdp\/notebooks-xps-13-9380-pdp-ac-2.jpg?fmt=jpg\" border=\"0\" data-original=\"\/\/i.dell.com\/is\/image\/DellContent\/\/content\/dam\/global-site-design\/product_images\/dell_client_products\/notebooks\/xps_notebooks\/13_9380\/pdp\/notebooks-xps-13-9380-pdp-ac-2.jpg?fmt=jpg\" class=\"lazy\" title=\"Inovare uluitoare\" alt=\"Inovare uluitoare\" style=\"vertical-align: baseline;max-width: 390px;float: left\" \/><\/div>\n<\/div>\n<div class=\"textrightimageleft_MainBody\" style=\"vertical-align: baseline;float: left;width: 528px\">\n<div class=\"leftRight_MainHead\" style=\"margin-bottom: 15px;vertical-align: baseline;line-height: 1em;color: #444444;width: 528px;font-size: 2.15em\">Inovare uluitoare.<\/div>\n<div class=\"leftRight_MainCopy\" style=\"margin-bottom: 5px;vertical-align: baseline;font-size: 1em;width: 528px;color: #444444\"><strong style=\"vertical-align: baseline;font-size: 1em;color: #444444\">Tehnologie progresiv\u0103:<\/strong>&nbsp;laptopul XPS 13, distins cu men\u021biunea de onoare a premiilor CES&reg; 2019 Innovation Awards la categoria Hardware \u0219i componente de computer.<\/div>\n<div><\/div>\n<\/div>\n<\/div>\n<\/div>\n","protected":false},"excerpt":{"rendered":"<p>Idealul perfec\u021bionat Pozi\u021bie &icirc;mbun\u0103t\u0103\u021bit\u0103 a camerei:&nbsp;am dus inova\u021bia la limit\u0103 pentru a crea cea mai mic\u0103 camer\u0103 HD din lume (numai 2,25&nbsp;mm) plasat\u0103 &icirc;n partea superioar\u0103 a renumitului ecran InfinityEdge &ndash; aflat\u0103 acum &icirc;n fa\u021b\u0103 \u0219i la centru.Construc\u021bie revolu\u021bionar\u0103 a camerei web:&nbsp;camera noului model XPS 13 nu este numai mai mic\u0103, ci este \u0219i mai<span class=\"read-more-faq\"><a href=\"https:\/\/hqstore.ro\/index.php\/product\/laptopuri-ultrabook-dell-xps-13-7390-13-3-uhd-infinityedge-touch-display-xps7390ti716512wp\/\">Read More<\/a><\/span><\/p>\n","protected":false},"featured_media":16834,"comment_status":"open","ping_status":"closed","template":"","meta":[],"product_cat":[209],"product_tag":[],"_links":{"self":[{"href":"https:\/\/hqstore.ro\/index.php\/wp-json\/wp\/v2\/product\/16833"}],"collection":[{"href":"https:\/\/hqstore.ro\/index.php\/wp-json\/wp\/v2\/product"}],"about":[{"href":"https:\/\/hqstore.ro\/index.php\/wp-json\/wp\/v2\/types\/product"}],"replies":[{"embeddable":true,"href":"https:\/\/hqstore.ro\/index.php\/wp-json\/wp\/v2\/comments?post=16833"}],"wp:featuredmedia":[{"embeddable":true,"href":"https:\/\/hqstore.ro\/index.php\/wp-json\/wp\/v2\/media\/16834"}],"wp:attachment":[{"href":"https:\/\/hqstore.ro\/index.php\/wp-json\/wp\/v2\/media?parent=16833"}],"wp:term":[{"taxonomy":"product_cat","embeddable":true,"href":"https:\/\/hqstore.ro\/index.php\/wp-json\/wp\/v2\/product_cat?post=16833"},{"taxonomy":"product_tag","embeddable":true,"href":"https:\/\/hqstore.ro\/index.php\/wp-json\/wp\/v2\/product_tag?post=16833"}],"curies":[{"name":"wp","href":"https:\/\/api.w.org\/{rel}","templated":true}]}}