{"id":13218,"date":"2020-05-17T15:15:19","date_gmt":"2020-05-17T12:15:19","guid":{"rendered":"https:\/\/hqstore.ro\/index.php\/product\/multifunctionale-laser-multifunctional-laser-color-lexmark-cx921de-dimnesiune-a3-imprimare-color-copiere-cx921de\/"},"modified":"2023-05-27T23:55:11","modified_gmt":"2023-05-27T20:55:11","slug":"multifunctionale-laser-multifunctional-laser-color-lexmark-cx921de-dimnesiune-a3-imprimare-color-copiere-cx921de","status":"publish","type":"product","link":"https:\/\/hqstore.ro\/index.php\/product\/multifunctionale-laser-multifunctional-laser-color-lexmark-cx921de-dimnesiune-a3-imprimare-color-copiere-cx921de\/","title":{"rendered":"Multifunctional laser color Lexmark CX921de, Dimnesiune A3, Imprimare color\/ Copiere"},"content":{"rendered":"<p>Multifunctional laser color Lexmark CX921de, Dimnesiune A3, Imprimare color\/ Copiere color \/Fax color\/ Scanare color\/ Scanare color \u00een re\u0163ea, Viteza: 35 PPM mono si color, memorie: 2048 MB, Procesor: Quad Core 1.2 GHz, Manipulare hartie inclusa: tav\u0103 de ie\u015fire de 250 de coli, Integrated Duplex, Alimentator multifunc\u0163ional de 150 de coli, 2 tav\u0103 integrat de 500 coli, Limbaje: Emulare PCL5c, PCL 6 Emulation, Microsoft XPS (XML Paper Specification), Personal Printer Data Stream (PPDS), PostScript 3 Emulation, PDF 1.7 emulation, Direct Image, AirPrint\u2122, Interfata: USB, Retea, Optional Wireless, Hard disk inclus, DADF, ADF 100 coli, Se livreaza cu cartus negru de 5K si color de 6k, Consumabile: 76C0HK0, 76C0HC0, 76C0HM0, 76C0HY0, 76C00K0, 76C00C0, 76C00M0, 76C00Y0<\/p>\n","protected":false},"excerpt":{"rendered":"<p>Multifunctional laser color Lexmark CX921de, Dimnesiune A3, Imprimare color\/ Copiere color \/Fax color\/ Scanare color\/ Scanare color \u00een re\u0163ea, Viteza: 35 PPM mono si color, memorie: 2048 MB, Procesor: Quad Core 1.2 GHz, Manipulare hartie inclusa: tav\u0103 de ie\u015fire de 250 de coli, Integrated Duplex, Alimentator multifunc\u0163ional de 150 de coli, 2 tav\u0103 integrat de<span class=\"read-more-faq\"><a href=\"https:\/\/hqstore.ro\/index.php\/product\/multifunctionale-laser-multifunctional-laser-color-lexmark-cx921de-dimnesiune-a3-imprimare-color-copiere-cx921de\/\">Read More<\/a><\/span><\/p>\n","protected":false},"featured_media":13219,"comment_status":"open","ping_status":"closed","template":"","meta":[],"product_cat":[299],"product_tag":[],"_links":{"self":[{"href":"https:\/\/hqstore.ro\/index.php\/wp-json\/wp\/v2\/product\/13218"}],"collection":[{"href":"https:\/\/hqstore.ro\/index.php\/wp-json\/wp\/v2\/product"}],"about":[{"href":"https:\/\/hqstore.ro\/index.php\/wp-json\/wp\/v2\/types\/product"}],"replies":[{"embeddable":true,"href":"https:\/\/hqstore.ro\/index.php\/wp-json\/wp\/v2\/comments?post=13218"}],"wp:featuredmedia":[{"embeddable":true,"href":"https:\/\/hqstore.ro\/index.php\/wp-json\/wp\/v2\/media\/13219"}],"wp:attachment":[{"href":"https:\/\/hqstore.ro\/index.php\/wp-json\/wp\/v2\/media?parent=13218"}],"wp:term":[{"taxonomy":"product_cat","embeddable":true,"href":"https:\/\/hqstore.ro\/index.php\/wp-json\/wp\/v2\/product_cat?post=13218"},{"taxonomy":"product_tag","embeddable":true,"href":"https:\/\/hqstore.ro\/index.php\/wp-json\/wp\/v2\/product_tag?post=13218"}],"curies":[{"name":"wp","href":"https:\/\/api.w.org\/{rel}","templated":true}]}}