{"id":12977,"date":"2020-05-17T14:36:52","date_gmt":"2020-05-17T11:36:52","guid":{"rendered":"https:\/\/hqstore.ro\/index.php\/product\/multifunctionale-laser-multifunctional-laser-mono-canon-mf449x-dimensiune-a4-printare-copiere-scanarefax-3514c005aa\/"},"modified":"2023-01-30T23:13:31","modified_gmt":"2023-01-30T20:13:31","slug":"multifunctionale-laser-multifunctional-laser-mono-canon-mf449x-dimensiune-a4-printare-copiere-scanarefax-3514c005aa","status":"publish","type":"product","link":"https:\/\/hqstore.ro\/index.php\/product\/multifunctionale-laser-multifunctional-laser-mono-canon-mf449x-dimensiune-a4-printare-copiere-scanarefax-3514c005aa\/","title":{"rendered":"Multifunctional laser mono Canon MF449X, dimensiune A4 (Printare ,Copiere, Scanare,Fax),"},"content":{"rendered":"<p><span style=\"font-family: Arial;font-size: 12px\"><\/span><span style=\"font-size: 18px\">Prime\u0219ti o garan\u021bie extins\u0103 de 3 ani, pentru produsele achizi\u021bionate &icirc;n perioada 01.03.2020 -31.12.2020, din gama I-SENSYS sau MAXIFY, si pentru produsele achizitionate in perioada 01.04.2020 &ndash; 31.12.2020 pentru produsele din gama PIXMA G. Petrece\u021bi mai mult timp f\u0103c&acirc;nd ceea ce v\u0103 place.<\/span><\/p>\n<div class=\"pl-bg pl-bg--white\" style=\"background-color: #ffffff;color: #323232;font-size: 16px\">\n<section class=\"f-b2b-product-category-two-columns-left pl-spacer pl-spacer--cut-h pl-spacer--cut-top pl-spacer--in--medium pl-spacer--cut-v  pl-color\n                pl-bg\n                pl-color\n                pl-color--white\" style=\"color: #ffffff;flex-direction: row;justify-content: center;margin-bottom: 60px\"><\/p>\n<div class=\"f-b2b-product-category-two-columns-right__container\n              container container-fluid\n              f-pro-container-large\n              f-pro-parallax-hero--flex\" style=\"align-items: center;clear: none;flex-flow: row wrap;justify-content: space-between;max-width: 1920px;width: 1507.94px\"><\/p>\n<div class=\"f-pro-parallax__flex-item \n                f-b2b-product-category-two-columns-left--text-column \n                pl-spacer--in--small\" style=\"align-items: flex-start;flex-direction: column;padding: 65px;width: 752.46px\"><\/p>\n<div class=\"f-pro-parallax-hero__text\" id=\"f-pro-parallax-text\" style=\"max-width: 447px;width: 447px\">\n<h2 class=\"pl-h2 pl-color--black\" style=\"color: #000000;font-size: 40px;font-weight: bold;line-height: 48px;margin-bottom: 40px;margin-top: 0px\"><span class=\"pl-color\"><\/span><\/h2>\n<p class=\"pl-hr--flat pl-color pl-color--gray-darkest\" style=\"color: #323232;margin-bottom: 0px;margin-top: 0px\">Beneficia\u0163i de imprimare u\u015foar\u0103 cu seria PIXMA G cu rezervoare de cerneal\u0103 re&icirc;nc\u0103rcabile. Imprim\u0103ri de &icirc;nalt\u0103 calitate, la costuri reduse. Rezervoarele de cerneal\u0103 orientate frontal v\u0103 permit s\u0103 monitoriza\u0163i nivelurile de cerneal\u0103. Cerneala este re&icirc;nc\u0103rcat\u0103 u\u015for \u015fi rapid cu ajutorul sistemului de re&icirc;nc\u0103rcare optimizat \u015fi a manevr\u0103rii u\u015foare a recipientelor.<\/p>\n<\/div>\n<\/div>\n<div class=\"f-pro-parallax__flex-item f-b2b-product-category-two-columns-left--picture-column\" style=\"align-items: flex-start;flex-direction: column;width: 752.46px\"><img decoding=\"async\" loading=\"lazy\" class=\"f-b2b-product-category-two-columns-right__image pl-amplience__image\" alt=\"Pixma-G-LP3YW-960\" src=\"https:\/\/i1.adis.ws\/i\/canon\/Pixma-G-LP3YW-960?w=960&amp;qlt=70&amp;fmt=jpg&amp;fmt.options=interlaced&amp;bg=rgb(255,255,255)\" width=\"752\" height=\"500\" style=\"border-color: #ffffff;border-style: none;height: 500px;overflow: hidden;vertical-align: middle;width: 752.46px\" \/>&nbsp;<span style=\"color: #323232;font-family: 'Gotham SSm A', 'Gotham SSm B', Helvetica, sans-serif;text-align: center\">Imprimantele profesionale MAXIFY ofer\u0103 calitate la standarde &icirc;nalte, imprimare color \u015fi niveluri superioare de productivitate pentru birourile mici \u015fi birourile de acas\u0103. De la imprimantele simple la multifunc\u0163ionale cu func\u0163ii de copiere, scanare \u015fi fax, gama MAXIFY ofer\u0103 o eficien\u0163\u0103 ridicat\u0103 \u015fi o varietate larg\u0103 de op\u0163iuni de conectivitate, inclusiv imprimarea de pe dispozitive mobile, dar \u015fi cea din servicii de tip cloud.<br \/><\/span><img decoding=\"async\" loading=\"lazy\" class=\"pl-amplience__image\" alt=\"MAXIFY\" src=\"https:\/\/i1.adis.ws\/i\/canon\/MB5150-MkII-EUR-Ambient-02?fmt=jpg&amp;fmt.options=interlaced&amp;bg=rgb(255,255,255)\" width=\"555\" height=\"555\" style=\"border-color: #323232;border-style: none;color: #323232;height: 555.12px;overflow: hidden;vertical-align: middle;width: 555.12px\" \/><\/p>\n<p><span style=\"color: #323232;font-family: 'Gotham SSm A', 'Gotham SSm B', Helvetica, sans-serif;text-align: center\">Descoperi\u0163i gama noastr\u0103 i-SENSYS \u015fi bucura\u0163i-v\u0103 de fiecare dat\u0103 de imprimare la calitate profesional\u0103. Aceast\u0103 gam\u0103 beneficiaz\u0103 de un design robust \u015fi se integreaz\u0103 perfect &icirc;n birourile \u015fi &icirc;n grupurile de lucru active.<\/p>\n<p><\/span><span style=\"color: #323232;font-family: 'Gotham SSm A', 'Gotham SSm B', Helvetica, sans-serif\">*Trimitere catre centru autorizat de serivce = &icirc;n cazul unei probleme tehnice echipamentul va fi trimis catre service-ul autorizat local (IT CLICK &amp; SERVICE +4021.9633 ;&nbsp;<\/span><a href=\"mailto:dispecerat@clickserv.ro\" style=\"color: #006fb4\">dispecerat@clickserv.ro<\/a><span style=\"color: #323232;font-family: 'Gotham SSm A', 'Gotham SSm B', Helvetica, sans-serif\">)<\/span><\/div>\n<\/div>\n<\/section>\n<\/div>\n<div class=\"col-xs-12 col-lg-6 pl-relative  pl-bg pl-bg--white \" style=\"background-color: #ffffff;color: #323232;float: left;font-size: 16px;min-height: 1px;overflow: hidden;width: 555.12px\">\n<div class=\"text-center pl-spacer pl-spacer--in--small pl-lockup pl-fix pl-fix--tablet--vertical pl-fix--desktop--vertical\" style=\"padding: 65px;text-align: center\">\n<p style=\"margin-bottom: 16px;margin-top: 0px\">Imprimantele profesionale MAXIFY ofer\u0103 calitate la standarde &icirc;nalte, imprimare color \u015fi niveluri superioare de productivitate pentru birourile mici \u015fi birourile de acas\u0103. De la imprimantele simple la multifunc\u0163ionale cu func\u0163ii de copiere, scanare \u015fi fax, gama MAXIFY ofer\u0103 o eficien\u0163\u0103 ridicat\u0103 \u015fi o varietate larg\u0103 de op\u0163iuni de conectivitate, inclusiv imprimarea de pe dispozitive mobile, dar \u015fi cea din servicii de tip cloud.<\/p>\n<\/div>\n<\/div>\n","protected":false},"excerpt":{"rendered":"<p>Prime\u0219ti o garan\u021bie extins\u0103 de 3 ani, pentru produsele achizi\u021bionate &icirc;n perioada 01.03.2020 -31.12.2020, din gama I-SENSYS sau MAXIFY, si pentru produsele achizitionate in perioada 01.04.2020 &ndash; 31.12.2020 pentru produsele din gama PIXMA G. Petrece\u021bi mai mult timp f\u0103c&acirc;nd ceea ce v\u0103 place. Beneficia\u0163i de imprimare u\u015foar\u0103 cu seria PIXMA G cu rezervoare de cerneal\u0103<span class=\"read-more-faq\"><a href=\"https:\/\/hqstore.ro\/index.php\/product\/multifunctionale-laser-multifunctional-laser-mono-canon-mf449x-dimensiune-a4-printare-copiere-scanarefax-3514c005aa\/\">Read More<\/a><\/span><\/p>\n","protected":false},"featured_media":12978,"comment_status":"open","ping_status":"closed","template":"","meta":[],"product_cat":[299],"product_tag":[],"_links":{"self":[{"href":"https:\/\/hqstore.ro\/index.php\/wp-json\/wp\/v2\/product\/12977"}],"collection":[{"href":"https:\/\/hqstore.ro\/index.php\/wp-json\/wp\/v2\/product"}],"about":[{"href":"https:\/\/hqstore.ro\/index.php\/wp-json\/wp\/v2\/types\/product"}],"replies":[{"embeddable":true,"href":"https:\/\/hqstore.ro\/index.php\/wp-json\/wp\/v2\/comments?post=12977"}],"wp:featuredmedia":[{"embeddable":true,"href":"https:\/\/hqstore.ro\/index.php\/wp-json\/wp\/v2\/media\/12978"}],"wp:attachment":[{"href":"https:\/\/hqstore.ro\/index.php\/wp-json\/wp\/v2\/media?parent=12977"}],"wp:term":[{"taxonomy":"product_cat","embeddable":true,"href":"https:\/\/hqstore.ro\/index.php\/wp-json\/wp\/v2\/product_cat?post=12977"},{"taxonomy":"product_tag","embeddable":true,"href":"https:\/\/hqstore.ro\/index.php\/wp-json\/wp\/v2\/product_tag?post=12977"}],"curies":[{"name":"wp","href":"https:\/\/api.w.org\/{rel}","templated":true}]}}