{"id":12722,"date":"2020-05-17T13:41:17","date_gmt":"2020-05-17T10:41:17","guid":{"rendered":"https:\/\/hqstore.ro\/index.php\/product\/camere-auto-camera-auto-dvr-garmin-dashcam-tandem-gps-ww-010-02259-01\/"},"modified":"2024-03-08T03:52:24","modified_gmt":"2024-03-08T00:52:24","slug":"camere-auto-camera-auto-dvr-garmin-dashcam-tandem-unghi-de-180-grade-010-02259-01","status":"publish","type":"product","link":"https:\/\/hqstore.ro\/index.php\/product\/camere-auto-camera-auto-dvr-garmin-dashcam-tandem-unghi-de-180-grade-010-02259-01\/","title":{"rendered":"Camera auto DVR Garmin DashCam Tandem, unghi de 180 grade"},"content":{"rendered":"<p>Camera auto DVR Garmin DashCam Tandem GPS WW DIMENSIUNI FIZICE 5.50 cm x 4.10 cm x 2.35 cm GREUTATE 65,4 g BATERIE Nu (utilizeaz\u0103 supercapacitor) SUPORT MAGNETIC  Da H\u0103r\u0163i \u015fi Memorie CARDURI DE DATE Card MicroSD (inclus). Accept\u0103 cel pu\u0163in 8GB microSD, clasa 10 sau mai rapid; senzori GPS ACTIVAT  Da GALILEO  Da Caracteristicile camerei \u00ceNREGISTRARE LA INTERIOR \u015eI EXTERIOR Da VEDERE PE TIMP DE NOAPTE LA INTERIOR Da FUNC\u0162IE DE DETECTARE A INCIDENTELOR (SENZOR G) Da REZOLU\u0162IA CAMEREI 1440P (frontal); 720P (interior) C\u00c2MP VIZUAL 180 grade (frontal); 180 grade (interior) CONTROL VOCAL Da FRECVEN\u0162\u0102 CADRE P\u00e2n\u0103 la 30 cps HDR CLARITY\u2122 Da (fa\u021b\u0103) INFORMA\u0162II GPS DESPRE VITEZ\u0102 \u015eI LOCA\u0162IE \u00ceN IMAGINEA VIDEO Da SINCRONIZARE AUTOMAT\u0102 A CAMERELOR DE BORD Da (p\u00e2n\u0103 la 4 camere) APLICA\u0162IE MOBIL\u0102 PENTRU EXAMINAREA \u00ceNREGISTR\u0102RILOR Da (aplica\u0163ia Garmin Drive\u2122)<\/p>\n","protected":false},"excerpt":{"rendered":"<p>Camera auto DVR Garmin DashCam Tandem GPS WW DIMENSIUNI FIZICE 5.50 cm x 4.10 cm x 2.35 cm GREUTATE 65,4 g BATERIE Nu (utilizeaz\u0103 supercapacitor) SUPORT MAGNETIC Da H\u0103r\u0163i \u015fi Memorie CARDURI DE DATE Card MicroSD (inclus). Accept\u0103 cel pu\u0163in 8GB microSD, clasa 10 sau mai rapid; senzori GPS ACTIVAT Da GALILEO Da Caracteristicile camerei<span class=\"read-more-faq\"><a href=\"https:\/\/hqstore.ro\/index.php\/product\/camere-auto-camera-auto-dvr-garmin-dashcam-tandem-unghi-de-180-grade-010-02259-01\/\">Read More<\/a><\/span><\/p>\n","protected":false},"featured_media":12723,"comment_status":"open","ping_status":"closed","template":"","meta":[],"product_cat":[91],"product_tag":[],"_links":{"self":[{"href":"https:\/\/hqstore.ro\/index.php\/wp-json\/wp\/v2\/product\/12722"}],"collection":[{"href":"https:\/\/hqstore.ro\/index.php\/wp-json\/wp\/v2\/product"}],"about":[{"href":"https:\/\/hqstore.ro\/index.php\/wp-json\/wp\/v2\/types\/product"}],"replies":[{"embeddable":true,"href":"https:\/\/hqstore.ro\/index.php\/wp-json\/wp\/v2\/comments?post=12722"}],"wp:featuredmedia":[{"embeddable":true,"href":"https:\/\/hqstore.ro\/index.php\/wp-json\/wp\/v2\/media\/12723"}],"wp:attachment":[{"href":"https:\/\/hqstore.ro\/index.php\/wp-json\/wp\/v2\/media?parent=12722"}],"wp:term":[{"taxonomy":"product_cat","embeddable":true,"href":"https:\/\/hqstore.ro\/index.php\/wp-json\/wp\/v2\/product_cat?post=12722"},{"taxonomy":"product_tag","embeddable":true,"href":"https:\/\/hqstore.ro\/index.php\/wp-json\/wp\/v2\/product_tag?post=12722"}],"curies":[{"name":"wp","href":"https:\/\/api.w.org\/{rel}","templated":true}]}}