{"id":12667,"date":"2020-05-17T13:39:27","date_gmt":"2020-05-17T10:39:27","guid":{"rendered":"https:\/\/hqstore.ro\/index.php\/product\/navigatii-gps-gps-garmin-drivesmart-65-6-95-europe-010-02038-12-afisaj-tactil-luminos-010-02038-12\/"},"modified":"2023-04-24T12:13:23","modified_gmt":"2023-04-24T09:13:23","slug":"navigatii-gps-sistem-de-navigatie-garmin-drivesmart-65-diagonala-6-95-harta-full-010-02038-12","status":"publish","type":"product","link":"https:\/\/hqstore.ro\/index.php\/product\/navigatii-gps-sistem-de-navigatie-garmin-drivesmart-65-diagonala-6-95-harta-full-010-02038-12\/","title":{"rendered":"Sistem de navigatie GARMIN DRIVESMART 65, diagonala 6.95&#034;, harta Full"},"content":{"rendered":"<p>GPS GARMIN DRIVESMART 65 6.95&#8243; EUROPE, 010-02038-12, afi\u015faj tactil luminos f\u0103r\u0103 margini cu o capacitate de 6.95-inch, baterie cu litiu-ion re\u00eenc\u0103rcabil\u0103, p\u00e2n\u0103 la 1 or\u0103, ecran color WQVGA TFT cu iluminare de fundal alb\u0103, 1024 x 600 pixeli, card microSD\u2122 (neinclus), 17,3 x 9,9 x 1,9 cm.<\/p>\n","protected":false},"excerpt":{"rendered":"<p>GPS GARMIN DRIVESMART 65 6.95&#8243; EUROPE, 010-02038-12, afi\u015faj tactil luminos f\u0103r\u0103 margini cu o capacitate de 6.95-inch, baterie cu litiu-ion re\u00eenc\u0103rcabil\u0103, p\u00e2n\u0103 la 1 or\u0103, ecran color WQVGA TFT cu iluminare de fundal alb\u0103, 1024 x 600 pixeli, card microSD\u2122 (neinclus), 17,3 x 9,9 x 1,9 cm.<\/p>\n","protected":false},"featured_media":12668,"comment_status":"open","ping_status":"closed","template":"","meta":[],"product_cat":[90],"product_tag":[],"_links":{"self":[{"href":"https:\/\/hqstore.ro\/index.php\/wp-json\/wp\/v2\/product\/12667"}],"collection":[{"href":"https:\/\/hqstore.ro\/index.php\/wp-json\/wp\/v2\/product"}],"about":[{"href":"https:\/\/hqstore.ro\/index.php\/wp-json\/wp\/v2\/types\/product"}],"replies":[{"embeddable":true,"href":"https:\/\/hqstore.ro\/index.php\/wp-json\/wp\/v2\/comments?post=12667"}],"wp:featuredmedia":[{"embeddable":true,"href":"https:\/\/hqstore.ro\/index.php\/wp-json\/wp\/v2\/media\/12668"}],"wp:attachment":[{"href":"https:\/\/hqstore.ro\/index.php\/wp-json\/wp\/v2\/media?parent=12667"}],"wp:term":[{"taxonomy":"product_cat","embeddable":true,"href":"https:\/\/hqstore.ro\/index.php\/wp-json\/wp\/v2\/product_cat?post=12667"},{"taxonomy":"product_tag","embeddable":true,"href":"https:\/\/hqstore.ro\/index.php\/wp-json\/wp\/v2\/product_tag?post=12667"}],"curies":[{"name":"wp","href":"https:\/\/api.w.org\/{rel}","templated":true}]}}