{"id":12653,"date":"2020-05-17T13:17:20","date_gmt":"2020-05-17T10:17:20","guid":{"rendered":"https:\/\/hqstore.ro\/index.php\/product\/navigatii-gps-gps-garmin-camper-780-eu-mt-d-gps-bc40-010-02227-15\/"},"modified":"2020-05-17T13:17:22","modified_gmt":"2020-05-17T10:17:22","slug":"navigatii-gps-gps-garmin-camper-780-eu-mt-d-gps-bc40-010-02227-15","status":"publish","type":"product","link":"https:\/\/hqstore.ro\/index.php\/product\/navigatii-gps-gps-garmin-camper-780-eu-mt-d-gps-bc40-010-02227-15\/","title":{"rendered":"GPS GARMIN CAMPER 780 EU MT-D GPS + BC40"},"content":{"rendered":"<p>GPS GARMIN CAMPER 780 EU MT-D GPS + BC40, 010-02227-15  Dispozitiv sat-nav prin GPS pentru pasiona\u0163ii de camping Dispozitiv sat-nav pentru rulote cu afi\u015faj tactil de 6,95&#8243;, de \u00eenalt\u0103 rezolu\u0163ie \u015fi cu margini foarte \u00eenguste Func\u0163ia de g\u0103sire a rutelor personalizate ia \u00een calcul dimensiunea \u015fi greutatea rulotei dvs., apoi g\u0103se\u015fte cea mai bun\u0103 rut\u0103 pentru vehiculul dvs.1 Ofer\u0103 avertismente privind drumurile pentru a v\u0103 anun\u0163a cu privire la pantele abrupte, curbele str\u00e2nse, limitele de greutate \u015fi multe altele Include o baz\u0103 de date extins\u0103 de loca\u0163ii de camping pentru rulote de la ACSI \u015fi Campercontact \u015fi locuri de popas gratuite de la Trailer&#8217;s PARK Asocia\u0163i cu smartphone-ul dvs. compatibil pentru a ob\u0163ine acces la apelarea hands-free \u015fi notific\u0103rile inteligente; include \u015fi navigarea activat\u0103 vocal pentru a asigura confortul pe drum Include trafic digital prin DAB Sunt incluse actualiz\u0103ri despre siguran\u0163\u0103 \u015fi radare fixe  DIMENSIUNI FIZICE 17,3 x 9,9 x 1,9 cm DIMENSIUNE AFI\u015eAJ 6,95&#8243; REZOLU\u0162IE AFI\u015eAJ 1024 x 600 pixeli TIP AFI\u015eAJ Multitactil, din sticl\u0103, TFT color WSVGA, cu lumin\u0103 de fundal alb\u0103 GREUTATE 239,6 g BATERIE Baterie litiu-ion re\u00eenc\u0103rcabil\u0103 DURATA DE VIA\u0162\u0102 A BATERIEI P\u00e2n\u0103 la 1 or\u0103<\/p>\n","protected":false},"excerpt":{"rendered":"<p>GPS GARMIN CAMPER 780 EU MT-D GPS + BC40, 010-02227-15 Dispozitiv sat-nav prin GPS pentru pasiona\u0163ii de camping Dispozitiv sat-nav pentru rulote cu afi\u015faj tactil de 6,95&#8243;, de \u00eenalt\u0103 rezolu\u0163ie \u015fi cu margini foarte \u00eenguste Func\u0163ia de g\u0103sire a rutelor personalizate ia \u00een calcul dimensiunea \u015fi greutatea rulotei dvs., apoi g\u0103se\u015fte cea mai bun\u0103 rut\u0103<span class=\"read-more-faq\"><a href=\"https:\/\/hqstore.ro\/index.php\/product\/navigatii-gps-gps-garmin-camper-780-eu-mt-d-gps-bc40-010-02227-15\/\">Read More<\/a><\/span><\/p>\n","protected":false},"featured_media":0,"comment_status":"open","ping_status":"closed","template":"","meta":[],"product_cat":[90],"product_tag":[],"_links":{"self":[{"href":"https:\/\/hqstore.ro\/index.php\/wp-json\/wp\/v2\/product\/12653"}],"collection":[{"href":"https:\/\/hqstore.ro\/index.php\/wp-json\/wp\/v2\/product"}],"about":[{"href":"https:\/\/hqstore.ro\/index.php\/wp-json\/wp\/v2\/types\/product"}],"replies":[{"embeddable":true,"href":"https:\/\/hqstore.ro\/index.php\/wp-json\/wp\/v2\/comments?post=12653"}],"wp:attachment":[{"href":"https:\/\/hqstore.ro\/index.php\/wp-json\/wp\/v2\/media?parent=12653"}],"wp:term":[{"taxonomy":"product_cat","embeddable":true,"href":"https:\/\/hqstore.ro\/index.php\/wp-json\/wp\/v2\/product_cat?post=12653"},{"taxonomy":"product_tag","embeddable":true,"href":"https:\/\/hqstore.ro\/index.php\/wp-json\/wp\/v2\/product_tag?post=12653"}],"curies":[{"name":"wp","href":"https:\/\/api.w.org\/{rel}","templated":true}]}}