{"id":12299,"date":"2020-05-17T11:01:57","date_gmt":"2020-05-17T08:01:57","guid":{"rendered":"https:\/\/hqstore.ro\/index.php\/product\/accesorii-apelator-vocal-plug-in-%e2%80%a2-compatibilitate-sp-mg-evo-si-cu-vdmp3\/"},"modified":"2024-03-08T03:38:12","modified_gmt":"2024-03-08T00:38:12","slug":"accesorii-apelator-vocal-plug-in-compatibilitate-sp-mg-evo-si-cu-vdmp3","status":"publish","type":"product","link":"https:\/\/hqstore.ro\/index.php\/product\/accesorii-apelator-vocal-plug-in-compatibilitate-sp-mg-evo-si-cu-vdmp3\/","title":{"rendered":"Apelator vocal (plug-in) \u2022 compatibilitate: SP, MG, EVO \u015fi cu"},"content":{"rendered":"<p>Apelator vocal (plug-in) \u2022 compatibilitate: SP, MG, EVO \u015fi cu PCS200\/PCS250- mod GSM \u2022 inregistreaza un indicator (Site ID) pentru a permite identificarea locatiei (ex. \u201eStr. Berzei&#8221;); necesita EVO v2.10 pentru programare \u2022 apeleaza pana la 8 numere de telefon, pentru raportarea alarmelor la efrac\u0163ie, panic\u0103 sau incendiu, folosind mesaje pre\u00eenregistrate \u2022 ar-marea\/ dezarmarea sistemului de la distanta prin telefon \u2022 control al ie\u015firilor PGM \u015fi al tastelor multifunc-\u0163ionale prin telefon \u2022 meniu vocal (romana) \u2022 actualizare firmware local \u2022 conectare direct la centrala, VDMP3<\/p>\n","protected":false},"excerpt":{"rendered":"<p>Apelator vocal (plug-in) \u2022 compatibilitate: SP, MG, EVO \u015fi cu PCS200\/PCS250- mod GSM \u2022 inregistreaza un indicator (Site ID) pentru a permite identificarea locatiei (ex. \u201eStr. Berzei&#8221;); necesita EVO v2.10 pentru programare \u2022 apeleaza pana la 8 numere de telefon, pentru raportarea alarmelor la efrac\u0163ie, panic\u0103 sau incendiu, folosind mesaje pre\u00eenregistrate \u2022 ar-marea\/ dezarmarea sistemului<span class=\"read-more-faq\"><a href=\"https:\/\/hqstore.ro\/index.php\/product\/accesorii-apelator-vocal-plug-in-compatibilitate-sp-mg-evo-si-cu-vdmp3\/\">Read More<\/a><\/span><\/p>\n","protected":false},"featured_media":12300,"comment_status":"open","ping_status":"closed","template":"","meta":[],"product_cat":[382],"product_tag":[],"_links":{"self":[{"href":"https:\/\/hqstore.ro\/index.php\/wp-json\/wp\/v2\/product\/12299"}],"collection":[{"href":"https:\/\/hqstore.ro\/index.php\/wp-json\/wp\/v2\/product"}],"about":[{"href":"https:\/\/hqstore.ro\/index.php\/wp-json\/wp\/v2\/types\/product"}],"replies":[{"embeddable":true,"href":"https:\/\/hqstore.ro\/index.php\/wp-json\/wp\/v2\/comments?post=12299"}],"wp:featuredmedia":[{"embeddable":true,"href":"https:\/\/hqstore.ro\/index.php\/wp-json\/wp\/v2\/media\/12300"}],"wp:attachment":[{"href":"https:\/\/hqstore.ro\/index.php\/wp-json\/wp\/v2\/media?parent=12299"}],"wp:term":[{"taxonomy":"product_cat","embeddable":true,"href":"https:\/\/hqstore.ro\/index.php\/wp-json\/wp\/v2\/product_cat?post=12299"},{"taxonomy":"product_tag","embeddable":true,"href":"https:\/\/hqstore.ro\/index.php\/wp-json\/wp\/v2\/product_tag?post=12299"}],"curies":[{"name":"wp","href":"https:\/\/api.w.org\/{rel}","templated":true}]}}