{"id":11837,"date":"2020-05-17T10:05:53","date_gmt":"2020-05-17T07:05:53","guid":{"rendered":"https:\/\/hqstore.ro\/index.php\/product\/centrale-control-acces-terminal-access-control-cu-recunoastere-faciala-si-detectie-temperatura-hikvision-ds-k1ta70mi-t\/"},"modified":"2023-05-30T00:51:15","modified_gmt":"2023-05-29T21:51:15","slug":"centrale-control-acces-terminal-access-control-cu-recunoastere-faciala-si-detectie-temperatura-hikvision-ds-k1ta70mi-t","status":"publish","type":"product","link":"https:\/\/hqstore.ro\/index.php\/product\/centrale-control-acces-terminal-access-control-cu-recunoastere-faciala-si-detectie-temperatura-hikvision-ds-k1ta70mi-t\/","title":{"rendered":"Terminal access control cu recunoastere faciala si detectie temperatura Hikvision"},"content":{"rendered":"<p>Terminal access control cu recunoastere faciala si detectie temperatura Hikvision DS-K1TA70MI-T; Tehnologie termografic\u0103: raza de m\u0103surare: \u00eentre 30\u00b0C \u0219i 45\u00b0C; acurate\u021be: \u00b10.5 \u00b0C, distanta de recunoastere intre 0.5-1.5 metri, recunoastere faciala cu o acuratete de peste 99%, timp de identificare persoane mai mic de 2 secunde, Alerta vocala pentru lipsa masca de protectie faciala, temperatura anormala, Afi\u0219eaz\u0103 rezultatele m\u0103sur\u0103rii temperaturii \u00een pagina de autentificare; Capacitate de stocare: 6000 fete, 6000 carduri de proximitate(Mifare), 100000 evenimente. Modalitati multiple de autentificare: card+ temperatura, fata+ temperatura, card+fata+temperatura, suporta pana la 6 moduri de prezenta, inclusiv check-out, check out, break-out, break out,  overtime in, overtime out. Ecran CLD 7&#8243; cu touch sceen, senzor camera termica:Vanadium Oxide uncooled sensor, rezolutie 120 \u00d7 160@25fps, alimentare: 12 VDC\/2 A, temperatura de functionare recomandata pentru masurarea temperaturii: 10 \u00b0C la 35 \u00b0C.<\/p>\n","protected":false},"excerpt":{"rendered":"<p>Terminal access control cu recunoastere faciala si detectie temperatura Hikvision DS-K1TA70MI-T; Tehnologie termografic\u0103: raza de m\u0103surare: \u00eentre 30\u00b0C \u0219i 45\u00b0C; acurate\u021be: \u00b10.5 \u00b0C, distanta de recunoastere intre 0.5-1.5 metri, recunoastere faciala cu o acuratete de peste 99%, timp de identificare persoane mai mic de 2 secunde, Alerta vocala pentru lipsa masca de protectie faciala, temperatura<span class=\"read-more-faq\"><a href=\"https:\/\/hqstore.ro\/index.php\/product\/centrale-control-acces-terminal-access-control-cu-recunoastere-faciala-si-detectie-temperatura-hikvision-ds-k1ta70mi-t\/\">Read More<\/a><\/span><\/p>\n","protected":false},"featured_media":11838,"comment_status":"open","ping_status":"closed","template":"","meta":[],"product_cat":[378],"product_tag":[],"_links":{"self":[{"href":"https:\/\/hqstore.ro\/index.php\/wp-json\/wp\/v2\/product\/11837"}],"collection":[{"href":"https:\/\/hqstore.ro\/index.php\/wp-json\/wp\/v2\/product"}],"about":[{"href":"https:\/\/hqstore.ro\/index.php\/wp-json\/wp\/v2\/types\/product"}],"replies":[{"embeddable":true,"href":"https:\/\/hqstore.ro\/index.php\/wp-json\/wp\/v2\/comments?post=11837"}],"wp:featuredmedia":[{"embeddable":true,"href":"https:\/\/hqstore.ro\/index.php\/wp-json\/wp\/v2\/media\/11838"}],"wp:attachment":[{"href":"https:\/\/hqstore.ro\/index.php\/wp-json\/wp\/v2\/media?parent=11837"}],"wp:term":[{"taxonomy":"product_cat","embeddable":true,"href":"https:\/\/hqstore.ro\/index.php\/wp-json\/wp\/v2\/product_cat?post=11837"},{"taxonomy":"product_tag","embeddable":true,"href":"https:\/\/hqstore.ro\/index.php\/wp-json\/wp\/v2\/product_tag?post=11837"}],"curies":[{"name":"wp","href":"https:\/\/api.w.org\/{rel}","templated":true}]}}