{"id":11601,"date":"2020-05-17T09:39:00","date_gmt":"2020-05-17T06:39:00","guid":{"rendered":"https:\/\/hqstore.ro\/index.php\/product\/accesorii-modul-radio-de-extensie-32-zone-compatibilitate-sp-evo-433-868mhz-rtx3\/"},"modified":"2023-05-27T23:37:54","modified_gmt":"2023-05-27T20:37:54","slug":"accesorii-modul-radio-de-extensie-32-zone-compatibilitate-sp-evo-433-868mhz-rtx3","status":"publish","type":"product","link":"https:\/\/hqstore.ro\/index.php\/product\/accesorii-modul-radio-de-extensie-32-zone-compatibilitate-sp-evo-433-868mhz-rtx3\/","title":{"rendered":"Modul radio de extensie, 32 zone, compatibilitate: SP, EVO, 433\/868Mhz"},"content":{"rendered":"<p>Modul radio de extensie, 32 zone, compatibilitate: SP, EVO, 433\/868Mhz ,32 zone radio bidirec\u0163ionale, telecomenzi: 32 cu SP, 999 cu EVO,compatibilitate telecomenzi: EVO\/SP: REM1, REM2, REM3, REM15 ,REM101,autonom: REM1, REM15, REM101, PGMuri radio: 8 cu EVO, 16 cu SP,func\u0163ioneaz\u0103 cu transmi\u0163\u0103toarele radio MAGELLAN, actualizare firmwarelocal via CV4USB \/ 307USB, meniu pentru testarea puterii semn alului \u015fi anivelului de zgomot, contact antisabotaj \u015fi supervizare prezen\u0163\u0103 zone,supervizare la RFI, supervizare nivel sc\u0103zutbaterie senzor\/zon\u0103, 2ie\u015firi PGM (\u00een mod autonom), FARA telecomanda,RTX3<\/p>\n","protected":false},"excerpt":{"rendered":"<p>Modul radio de extensie, 32 zone, compatibilitate: SP, EVO, 433\/868Mhz ,32 zone radio bidirec\u0163ionale, telecomenzi: 32 cu SP, 999 cu EVO,compatibilitate telecomenzi: EVO\/SP: REM1, REM2, REM3, REM15 ,REM101,autonom: REM1, REM15, REM101, PGMuri radio: 8 cu EVO, 16 cu SP,func\u0163ioneaz\u0103 cu transmi\u0163\u0103toarele radio MAGELLAN, actualizare firmwarelocal via CV4USB \/ 307USB, meniu pentru testarea puterii semn alului<span class=\"read-more-faq\"><a href=\"https:\/\/hqstore.ro\/index.php\/product\/accesorii-modul-radio-de-extensie-32-zone-compatibilitate-sp-evo-433-868mhz-rtx3\/\">Read More<\/a><\/span><\/p>\n","protected":false},"featured_media":11602,"comment_status":"open","ping_status":"closed","template":"","meta":[],"product_cat":[373],"product_tag":[],"_links":{"self":[{"href":"https:\/\/hqstore.ro\/index.php\/wp-json\/wp\/v2\/product\/11601"}],"collection":[{"href":"https:\/\/hqstore.ro\/index.php\/wp-json\/wp\/v2\/product"}],"about":[{"href":"https:\/\/hqstore.ro\/index.php\/wp-json\/wp\/v2\/types\/product"}],"replies":[{"embeddable":true,"href":"https:\/\/hqstore.ro\/index.php\/wp-json\/wp\/v2\/comments?post=11601"}],"wp:featuredmedia":[{"embeddable":true,"href":"https:\/\/hqstore.ro\/index.php\/wp-json\/wp\/v2\/media\/11602"}],"wp:attachment":[{"href":"https:\/\/hqstore.ro\/index.php\/wp-json\/wp\/v2\/media?parent=11601"}],"wp:term":[{"taxonomy":"product_cat","embeddable":true,"href":"https:\/\/hqstore.ro\/index.php\/wp-json\/wp\/v2\/product_cat?post=11601"},{"taxonomy":"product_tag","embeddable":true,"href":"https:\/\/hqstore.ro\/index.php\/wp-json\/wp\/v2\/product_tag?post=11601"}],"curies":[{"name":"wp","href":"https:\/\/api.w.org\/{rel}","templated":true}]}}