{"id":11589,"date":"2020-05-17T09:38:45","date_gmt":"2020-05-17T06:38:45","guid":{"rendered":"https:\/\/hqstore.ro\/index.php\/product\/accesorii-telecomanda-cu-comunicatie-bidirectionala-paradox-rem2-stayd-min-v-2-0-rem2\/"},"modified":"2023-05-30T00:46:19","modified_gmt":"2023-05-29T21:46:19","slug":"accesorii-telecomanda-cu-comunicatie-bidirectionala-paradox-rem2-stayd-min-v-2-0-rem2","status":"publish","type":"product","link":"https:\/\/hqstore.ro\/index.php\/product\/accesorii-telecomanda-cu-comunicatie-bidirectionala-paradox-rem2-stayd-min-v-2-0-rem2\/","title":{"rendered":"Telecomand\u0103 cu comunica\u0163ie bidirec\u0163ional\u0103 Paradox  REM2; StayD (min v.2.0);"},"content":{"rendered":"<p>Telecomand\u0103 cu comunica\u0163ie bidirec\u0163ional\u0103 Paradox  REM2; StayD (min v.2.0); 6 ac\u0163iuni programabile; afi\u015feaz\u0103 starea sistemului prin led  + acustic; frecventa 433MHz<\/p>\n","protected":false},"excerpt":{"rendered":"<p>Telecomand\u0103 cu comunica\u0163ie bidirec\u0163ional\u0103 Paradox REM2; StayD (min v.2.0); 6 ac\u0163iuni programabile; afi\u015feaz\u0103 starea sistemului prin led + acustic; frecventa 433MHz<\/p>\n","protected":false},"featured_media":11590,"comment_status":"open","ping_status":"closed","template":"","meta":[],"product_cat":[373],"product_tag":[],"_links":{"self":[{"href":"https:\/\/hqstore.ro\/index.php\/wp-json\/wp\/v2\/product\/11589"}],"collection":[{"href":"https:\/\/hqstore.ro\/index.php\/wp-json\/wp\/v2\/product"}],"about":[{"href":"https:\/\/hqstore.ro\/index.php\/wp-json\/wp\/v2\/types\/product"}],"replies":[{"embeddable":true,"href":"https:\/\/hqstore.ro\/index.php\/wp-json\/wp\/v2\/comments?post=11589"}],"wp:featuredmedia":[{"embeddable":true,"href":"https:\/\/hqstore.ro\/index.php\/wp-json\/wp\/v2\/media\/11590"}],"wp:attachment":[{"href":"https:\/\/hqstore.ro\/index.php\/wp-json\/wp\/v2\/media?parent=11589"}],"wp:term":[{"taxonomy":"product_cat","embeddable":true,"href":"https:\/\/hqstore.ro\/index.php\/wp-json\/wp\/v2\/product_cat?post=11589"},{"taxonomy":"product_tag","embeddable":true,"href":"https:\/\/hqstore.ro\/index.php\/wp-json\/wp\/v2\/product_tag?post=11589"}],"curies":[{"name":"wp","href":"https:\/\/api.w.org\/{rel}","templated":true}]}}