{"id":11587,"date":"2020-05-17T09:38:43","date_gmt":"2020-05-17T06:38:43","guid":{"rendered":"https:\/\/hqstore.ro\/index.php\/product\/accesorii-telecomanda-tastatura-cu-comunicatie-bidirectionala-paradox-rem3-memorarea-starii-sistemului-telecomanda-rem3\/"},"modified":"2023-05-30T00:46:25","modified_gmt":"2023-05-29T21:46:25","slug":"accesorii-telecomanda-tastatura-cu-comunicatie-bidirectionala-paradox-rem3-memorarea-starii-sistemului-telecomanda-rem3","status":"publish","type":"product","link":"https:\/\/hqstore.ro\/index.php\/product\/accesorii-telecomanda-tastatura-cu-comunicatie-bidirectionala-paradox-rem3-memorarea-starii-sistemului-telecomanda-rem3\/","title":{"rendered":"Telecomand\u0103-Tastatur\u0103 cu comunicatie bidirectionala Paradox REM3; Memorarea st\u0103rii sistemului; Telecomanda"},"content":{"rendered":"<p>Telecomand\u0103-Tastatur\u0103 cu comunicatie bidirectionala Paradox REM3; Memorarea st\u0103rii sistemului; Telecomanda REM3 va p\u0103stra \u00een memorie ultima stare  receptionat\u0103 de la unitatea central\u0103 \u015fi o va afi\u015fa chiar daca sunte\u0163i \u00een afara ariei de acoperire; Taste independente pentru modurile de armare: Armat, Somn, Partial \u015fi Dezarmat; Mod de operare: Tastatura: Necesita cod acces; Telecomand\u0103: Armare rapid\u0103; Se pot controla 6 ie\u015firi PGM \u015fi\/sau genera alarme panic\u0103; compatibila cu gamele SP, MG si RTX3<\/p>\n","protected":false},"excerpt":{"rendered":"<p>Telecomand\u0103-Tastatur\u0103 cu comunicatie bidirectionala Paradox REM3; Memorarea st\u0103rii sistemului; Telecomanda REM3 va p\u0103stra \u00een memorie ultima stare receptionat\u0103 de la unitatea central\u0103 \u015fi o va afi\u015fa chiar daca sunte\u0163i \u00een afara ariei de acoperire; Taste independente pentru modurile de armare: Armat, Somn, Partial \u015fi Dezarmat; Mod de operare: Tastatura: Necesita cod acces; Telecomand\u0103: Armare rapid\u0103;<span class=\"read-more-faq\"><a href=\"https:\/\/hqstore.ro\/index.php\/product\/accesorii-telecomanda-tastatura-cu-comunicatie-bidirectionala-paradox-rem3-memorarea-starii-sistemului-telecomanda-rem3\/\">Read More<\/a><\/span><\/p>\n","protected":false},"featured_media":11588,"comment_status":"open","ping_status":"closed","template":"","meta":[],"product_cat":[373],"product_tag":[],"_links":{"self":[{"href":"https:\/\/hqstore.ro\/index.php\/wp-json\/wp\/v2\/product\/11587"}],"collection":[{"href":"https:\/\/hqstore.ro\/index.php\/wp-json\/wp\/v2\/product"}],"about":[{"href":"https:\/\/hqstore.ro\/index.php\/wp-json\/wp\/v2\/types\/product"}],"replies":[{"embeddable":true,"href":"https:\/\/hqstore.ro\/index.php\/wp-json\/wp\/v2\/comments?post=11587"}],"wp:featuredmedia":[{"embeddable":true,"href":"https:\/\/hqstore.ro\/index.php\/wp-json\/wp\/v2\/media\/11588"}],"wp:attachment":[{"href":"https:\/\/hqstore.ro\/index.php\/wp-json\/wp\/v2\/media?parent=11587"}],"wp:term":[{"taxonomy":"product_cat","embeddable":true,"href":"https:\/\/hqstore.ro\/index.php\/wp-json\/wp\/v2\/product_cat?post=11587"},{"taxonomy":"product_tag","embeddable":true,"href":"https:\/\/hqstore.ro\/index.php\/wp-json\/wp\/v2\/product_tag?post=11587"}],"curies":[{"name":"wp","href":"https:\/\/api.w.org\/{rel}","templated":true}]}}