{"id":11212,"date":"2020-05-17T09:08:20","date_gmt":"2020-05-17T06:08:20","guid":{"rendered":"https:\/\/hqstore.ro\/index.php\/product\/detectori-detector-radio-de-miscare-pmd2p-analogic-mono-optic-cu-imunitatelaanimale-18kg-pmd2p\/"},"modified":"2023-05-24T22:52:59","modified_gmt":"2023-05-24T19:52:59","slug":"detectori-detector-radio-de-miscare-pmd2p-analogic-mono-optic-cu-imunitatelaanimale-18kg-pmd2p","status":"publish","type":"product","link":"https:\/\/hqstore.ro\/index.php\/product\/detectori-detector-radio-de-miscare-pmd2p-analogic-mono-optic-cu-imunitatelaanimale-18kg-pmd2p\/","title":{"rendered":"Detector radio de Mi\u015fcare, PMD2P, Analogic mono-optic cu imunitatelaanimale, 18kg,"},"content":{"rendered":"<p>Detector radio de Mi\u015fcare, PMD2P, Analogic mono-optic cu imunitatelaanimale, 18kg, Distan\u0163a:11x11m \u015fi p. la 15m pentru razele centralecuunghi de 88.5\u00b0, compensare automat\u0103 a temperaturii, 433\/868MHz<\/p>\n","protected":false},"excerpt":{"rendered":"<p>Detector radio de Mi\u015fcare, PMD2P, Analogic mono-optic cu imunitatelaanimale, 18kg, Distan\u0163a:11x11m \u015fi p. la 15m pentru razele centralecuunghi de 88.5\u00b0, compensare automat\u0103 a temperaturii, 433\/868MHz<\/p>\n","protected":false},"featured_media":11213,"comment_status":"open","ping_status":"closed","template":"","meta":[],"product_cat":[371],"product_tag":[],"_links":{"self":[{"href":"https:\/\/hqstore.ro\/index.php\/wp-json\/wp\/v2\/product\/11212"}],"collection":[{"href":"https:\/\/hqstore.ro\/index.php\/wp-json\/wp\/v2\/product"}],"about":[{"href":"https:\/\/hqstore.ro\/index.php\/wp-json\/wp\/v2\/types\/product"}],"replies":[{"embeddable":true,"href":"https:\/\/hqstore.ro\/index.php\/wp-json\/wp\/v2\/comments?post=11212"}],"wp:featuredmedia":[{"embeddable":true,"href":"https:\/\/hqstore.ro\/index.php\/wp-json\/wp\/v2\/media\/11213"}],"wp:attachment":[{"href":"https:\/\/hqstore.ro\/index.php\/wp-json\/wp\/v2\/media?parent=11212"}],"wp:term":[{"taxonomy":"product_cat","embeddable":true,"href":"https:\/\/hqstore.ro\/index.php\/wp-json\/wp\/v2\/product_cat?post=11212"},{"taxonomy":"product_tag","embeddable":true,"href":"https:\/\/hqstore.ro\/index.php\/wp-json\/wp\/v2\/product_tag?post=11212"}],"curies":[{"name":"wp","href":"https:\/\/api.w.org\/{rel}","templated":true}]}}