{"id":11206,"date":"2020-05-17T09:08:11","date_gmt":"2020-05-17T06:08:11","guid":{"rendered":"https:\/\/hqstore.ro\/index.php\/product\/detectori-detector-de-miscare-quad-paradox-procesare-digitala-si-analizaautomataa-semnalelor-dg-65\/"},"modified":"2023-05-24T22:51:13","modified_gmt":"2023-05-24T19:51:13","slug":"detectori-detector-de-miscare-quad-paradox-procesare-digitala-si-analizaautomataa-semnalelor-dg-65","status":"publish","type":"product","link":"https:\/\/hqstore.ro\/index.php\/product\/detectori-detector-de-miscare-quad-paradox-procesare-digitala-si-analizaautomataa-semnalelor-dg-65\/","title":{"rendered":"Detector de mi\u015fcare QUAD PARADOX; procesare digital\u0103 \u015fi analiz\u0103automat\u0103a semnalelor"},"content":{"rendered":"<p>Detector de mi\u015fcare QUAD PARADOX; procesare digital\u0103 \u015fi analiz\u0103automat\u0103a semnalelor primite de la elementul de detec\u0163ie; \u00een analizadigital\u0103este inclus un algoritm software pentru eliminarea semnalelorparazite;ecran metalic \u00eempotriva\u00a0 perturba\u0163iilor de radiofrecventa \u015fic\u00e2mpurielectrice de mare intensitate; deschidere unghiular\u0103 de 110\u00b0\u015fiprofunzime de 12m, DG 65<\/p>\n","protected":false},"excerpt":{"rendered":"<p>Detector de mi\u015fcare QUAD PARADOX; procesare digital\u0103 \u015fi analiz\u0103automat\u0103a semnalelor primite de la elementul de detec\u0163ie; \u00een analizadigital\u0103este inclus un algoritm software pentru eliminarea semnalelorparazite;ecran metalic \u00eempotriva\u00a0 perturba\u0163iilor de radiofrecventa \u015fic\u00e2mpurielectrice de mare intensitate; deschidere unghiular\u0103 de 110\u00b0\u015fiprofunzime de 12m, DG 65<\/p>\n","protected":false},"featured_media":11207,"comment_status":"open","ping_status":"closed","template":"","meta":[],"product_cat":[371],"product_tag":[],"_links":{"self":[{"href":"https:\/\/hqstore.ro\/index.php\/wp-json\/wp\/v2\/product\/11206"}],"collection":[{"href":"https:\/\/hqstore.ro\/index.php\/wp-json\/wp\/v2\/product"}],"about":[{"href":"https:\/\/hqstore.ro\/index.php\/wp-json\/wp\/v2\/types\/product"}],"replies":[{"embeddable":true,"href":"https:\/\/hqstore.ro\/index.php\/wp-json\/wp\/v2\/comments?post=11206"}],"wp:featuredmedia":[{"embeddable":true,"href":"https:\/\/hqstore.ro\/index.php\/wp-json\/wp\/v2\/media\/11207"}],"wp:attachment":[{"href":"https:\/\/hqstore.ro\/index.php\/wp-json\/wp\/v2\/media?parent=11206"}],"wp:term":[{"taxonomy":"product_cat","embeddable":true,"href":"https:\/\/hqstore.ro\/index.php\/wp-json\/wp\/v2\/product_cat?post=11206"},{"taxonomy":"product_tag","embeddable":true,"href":"https:\/\/hqstore.ro\/index.php\/wp-json\/wp\/v2\/product_tag?post=11206"}],"curies":[{"name":"wp","href":"https:\/\/api.w.org\/{rel}","templated":true}]}}