{"id":11200,"date":"2020-05-17T09:08:03","date_gmt":"2020-05-17T06:08:03","guid":{"rendered":"https:\/\/hqstore.ro\/index.php\/product\/detectori-detector-de-miscare-quad-paradox-dm60-detectie-digitala-dual-opusa-dm60\/"},"modified":"2023-05-24T22:51:13","modified_gmt":"2023-05-24T19:51:13","slug":"detectori-detector-de-miscare-quad-paradox-dm60-detectie-digitala-dual-opusa-dm60","status":"publish","type":"product","link":"https:\/\/hqstore.ro\/index.php\/product\/detectori-detector-de-miscare-quad-paradox-dm60-detectie-digitala-dual-opusa-dm60\/","title":{"rendered":"Detector de mi\u015fcare QUAD Paradox DM60; detec\u0163ie digital\u0103 dual opus\u0103"},"content":{"rendered":"<p>Detector de mi\u015fcare QUAD Paradox DM60; detec\u0163ie digital\u0103 dual opus\u0103 si geometrie senzor \u00eentrep\u0103truns\u0103 (ISG); functioneaza numai in mod adresabil<\/p>\n","protected":false},"excerpt":{"rendered":"<p>Detector de mi\u015fcare QUAD Paradox DM60; detec\u0163ie digital\u0103 dual opus\u0103 si geometrie senzor \u00eentrep\u0103truns\u0103 (ISG); functioneaza numai in mod adresabil<\/p>\n","protected":false},"featured_media":11201,"comment_status":"open","ping_status":"closed","template":"","meta":[],"product_cat":[371],"product_tag":[],"_links":{"self":[{"href":"https:\/\/hqstore.ro\/index.php\/wp-json\/wp\/v2\/product\/11200"}],"collection":[{"href":"https:\/\/hqstore.ro\/index.php\/wp-json\/wp\/v2\/product"}],"about":[{"href":"https:\/\/hqstore.ro\/index.php\/wp-json\/wp\/v2\/types\/product"}],"replies":[{"embeddable":true,"href":"https:\/\/hqstore.ro\/index.php\/wp-json\/wp\/v2\/comments?post=11200"}],"wp:featuredmedia":[{"embeddable":true,"href":"https:\/\/hqstore.ro\/index.php\/wp-json\/wp\/v2\/media\/11201"}],"wp:attachment":[{"href":"https:\/\/hqstore.ro\/index.php\/wp-json\/wp\/v2\/media?parent=11200"}],"wp:term":[{"taxonomy":"product_cat","embeddable":true,"href":"https:\/\/hqstore.ro\/index.php\/wp-json\/wp\/v2\/product_cat?post=11200"},{"taxonomy":"product_tag","embeddable":true,"href":"https:\/\/hqstore.ro\/index.php\/wp-json\/wp\/v2\/product_tag?post=11200"}],"curies":[{"name":"wp","href":"https:\/\/api.w.org\/{rel}","templated":true}]}}