{"id":11190,"date":"2020-05-17T09:07:49","date_gmt":"2020-05-17T06:07:49","guid":{"rendered":"https:\/\/hqstore.ro\/index.php\/product\/detectori-detector-radio-de-miscare-dual-optic-paradox-pmd85sb85w-de-exterior-cu-pmd85sb85w\/"},"modified":"2023-05-24T22:52:59","modified_gmt":"2023-05-24T19:52:59","slug":"detectori-detector-radio-de-miscare-dual-optic-paradox-pmd85sb85w-de-exterior-cu-pmd85sb85w","status":"publish","type":"product","link":"https:\/\/hqstore.ro\/index.php\/product\/detectori-detector-radio-de-miscare-dual-optic-paradox-pmd85sb85w-de-exterior-cu-pmd85sb85w\/","title":{"rendered":"Detector radio de Miscare Dual-Optic Paradox PMD85+SB85W, de exterior, cu"},"content":{"rendered":"<p>Detector radio de Miscare Dual-Optic Paradox PMD85+SB85W, de exterior, cu imunitate la animale, 40 Kg; Sistem optic-dual de filtrare; carcas\u0103 rezistent\u0103 la intemperii; temperatura de operare: -35\u00b0C la +50\u00b0C; lentile cu protectie UV; scut de metal ce m\u0103re\u015fte protectia la EMI \u015fi RFI; distan\u0163a: 11x11m cu unghi de vedere de 90\u00b0; compensare automat\u0103 a temperaturii; 433\/868MHz; pre\u0163 PMD85 cu suportul de exterior SB85W<\/p>\n","protected":false},"excerpt":{"rendered":"<p>Detector radio de Miscare Dual-Optic Paradox PMD85+SB85W, de exterior, cu imunitate la animale, 40 Kg; Sistem optic-dual de filtrare; carcas\u0103 rezistent\u0103 la intemperii; temperatura de operare: -35\u00b0C la +50\u00b0C; lentile cu protectie UV; scut de metal ce m\u0103re\u015fte protectia la EMI \u015fi RFI; distan\u0163a: 11x11m cu unghi de vedere de 90\u00b0; compensare automat\u0103 a temperaturii;<span class=\"read-more-faq\"><a href=\"https:\/\/hqstore.ro\/index.php\/product\/detectori-detector-radio-de-miscare-dual-optic-paradox-pmd85sb85w-de-exterior-cu-pmd85sb85w\/\">Read More<\/a><\/span><\/p>\n","protected":false},"featured_media":11191,"comment_status":"open","ping_status":"closed","template":"","meta":[],"product_cat":[371],"product_tag":[],"_links":{"self":[{"href":"https:\/\/hqstore.ro\/index.php\/wp-json\/wp\/v2\/product\/11190"}],"collection":[{"href":"https:\/\/hqstore.ro\/index.php\/wp-json\/wp\/v2\/product"}],"about":[{"href":"https:\/\/hqstore.ro\/index.php\/wp-json\/wp\/v2\/types\/product"}],"replies":[{"embeddable":true,"href":"https:\/\/hqstore.ro\/index.php\/wp-json\/wp\/v2\/comments?post=11190"}],"wp:featuredmedia":[{"embeddable":true,"href":"https:\/\/hqstore.ro\/index.php\/wp-json\/wp\/v2\/media\/11191"}],"wp:attachment":[{"href":"https:\/\/hqstore.ro\/index.php\/wp-json\/wp\/v2\/media?parent=11190"}],"wp:term":[{"taxonomy":"product_cat","embeddable":true,"href":"https:\/\/hqstore.ro\/index.php\/wp-json\/wp\/v2\/product_cat?post=11190"},{"taxonomy":"product_tag","embeddable":true,"href":"https:\/\/hqstore.ro\/index.php\/wp-json\/wp\/v2\/product_tag?post=11190"}],"curies":[{"name":"wp","href":"https:\/\/api.w.org\/{rel}","templated":true}]}}