{"id":10911,"date":"2020-05-17T08:38:58","date_gmt":"2020-05-17T05:38:58","guid":{"rendered":"https:\/\/hqstore.ro\/index.php\/product\/centrale-si-tastaturi-centrala-magellan-cu-emitator-receptor-radio-32-zone-stay-d-si-aplicatia-mg5000k35rem15\/"},"modified":"2023-01-30T21:10:10","modified_gmt":"2023-01-30T18:10:10","slug":"centrale-si-tastaturi-centrala-magellan-cu-emitator-receptor-radio-32-zone-stay-d-si-aplicatia-mg5000k35rem15","status":"publish","type":"product","link":"https:\/\/hqstore.ro\/index.php\/product\/centrale-si-tastaturi-centrala-magellan-cu-emitator-receptor-radio-32-zone-stay-d-si-aplicatia-mg5000k35rem15\/","title":{"rendered":"Central\u0103 Magellan cu emi\u0163\u0103tor-receptor radio-32 zone, Stay D si aplicatia"},"content":{"rendered":"<p>Central\u0103 Magellan cu emi\u0163\u0103tor-receptor radio-32 zone, Stay D si aplicatia iParadox, 32 zone (oricare dintre acestea poate fi radio), 32 utilizatori si 32 telecomenzi, 2 partitii, 2 intrari de zona pe placa, 2 iesiri PGM pe placa, bus 4 fire (conecteaza pana la 15 tastaturi), suporta REM3; suporta: 8 tastaturi radio K32RF\/K37, 2 repetoare radio RPT1; suporta: seria PCS, modul internet IP150 si apelatorul vocal VDMP3; 16 PGM (oricare poate fi radio); actualizare firmware local; numere de telefon pentru raportare evenimente (3 &#8211; monitorizare statie, 5 &#8211; personale, 1 &#8211; raportare pager); metoda noua de armare pe perioada somnului; supervizare la interferente RF; 9.6k baud comunicatie cu BabyWare; zone cu clopotel; memorie 256 evenimente; 433\/868 MHz; suporta cheie de memorie portabila (PMC5); Include tastatura K35-1buc si telecomanda REM15-1buc<\/p>\n","protected":false},"excerpt":{"rendered":"<p>Central\u0103 Magellan cu emi\u0163\u0103tor-receptor radio-32 zone, Stay D si aplicatia iParadox, 32 zone (oricare dintre acestea poate fi radio), 32 utilizatori si 32 telecomenzi, 2 partitii, 2 intrari de zona pe placa, 2 iesiri PGM pe placa, bus 4 fire (conecteaza pana la 15 tastaturi), suporta REM3; suporta: 8 tastaturi radio K32RF\/K37, 2 repetoare radio<span class=\"read-more-faq\"><a href=\"https:\/\/hqstore.ro\/index.php\/product\/centrale-si-tastaturi-centrala-magellan-cu-emitator-receptor-radio-32-zone-stay-d-si-aplicatia-mg5000k35rem15\/\">Read More<\/a><\/span><\/p>\n","protected":false},"featured_media":10912,"comment_status":"open","ping_status":"closed","template":"","meta":[],"product_cat":[370],"product_tag":[],"_links":{"self":[{"href":"https:\/\/hqstore.ro\/index.php\/wp-json\/wp\/v2\/product\/10911"}],"collection":[{"href":"https:\/\/hqstore.ro\/index.php\/wp-json\/wp\/v2\/product"}],"about":[{"href":"https:\/\/hqstore.ro\/index.php\/wp-json\/wp\/v2\/types\/product"}],"replies":[{"embeddable":true,"href":"https:\/\/hqstore.ro\/index.php\/wp-json\/wp\/v2\/comments?post=10911"}],"wp:featuredmedia":[{"embeddable":true,"href":"https:\/\/hqstore.ro\/index.php\/wp-json\/wp\/v2\/media\/10912"}],"wp:attachment":[{"href":"https:\/\/hqstore.ro\/index.php\/wp-json\/wp\/v2\/media?parent=10911"}],"wp:term":[{"taxonomy":"product_cat","embeddable":true,"href":"https:\/\/hqstore.ro\/index.php\/wp-json\/wp\/v2\/product_cat?post=10911"},{"taxonomy":"product_tag","embeddable":true,"href":"https:\/\/hqstore.ro\/index.php\/wp-json\/wp\/v2\/product_tag?post=10911"}],"curies":[{"name":"wp","href":"https:\/\/api.w.org\/{rel}","templated":true}]}}