{"id":10891,"date":"2020-05-17T08:38:29","date_gmt":"2020-05-17T05:38:29","guid":{"rendered":"https:\/\/hqstore.ro\/index.php\/product\/centrale-si-tastaturi-tastatura-paradox-led-k32-32-zone-pe-fir-compatibilitate-sp-k32\/"},"modified":"2023-05-30T00:45:14","modified_gmt":"2023-05-29T21:45:14","slug":"centrale-si-tastaturi-tastatura-paradox-led-k32-32-zone-pe-fir-compatibilitate-sp-k32","status":"publish","type":"product","link":"https:\/\/hqstore.ro\/index.php\/product\/centrale-si-tastaturi-tastatura-paradox-led-k32-32-zone-pe-fir-compatibilitate-sp-k32\/","title":{"rendered":"Tastatura Paradox LED K32+ -32 zone, pe fir; compatibilitate: SP,"},"content":{"rendered":"<p>Tastatura Paradox LED K32+ -32 zone, pe fir; compatibilitate: SP, MG Stay D; LED -uri indicatoare separate de stare pentru 2 parti\u0163ii: armare total\u0103\/somn\/par\u0163ial\u0103\/dezarmare; 1intrare de zon\u0103; zone tip clopo\u0163el setabile independent; 7 butoane ac\u0163iune tip &#8220;one-touch&#8221;; 3 alarme panic\u0103 activabile de la tastatur\u0103; lumin\u0103 de fundal ajustabil\u0103; se conecteaz\u0103 la magistrala de comunica\u0163ie pe 4 fire; actualizare firmware local, cu 307USB \u015fi BabyWare<\/p>\n","protected":false},"excerpt":{"rendered":"<p>Tastatura Paradox LED K32+ -32 zone, pe fir; compatibilitate: SP, MG Stay D; LED -uri indicatoare separate de stare pentru 2 parti\u0163ii: armare total\u0103\/somn\/par\u0163ial\u0103\/dezarmare; 1intrare de zon\u0103; zone tip clopo\u0163el setabile independent; 7 butoane ac\u0163iune tip &#8220;one-touch&#8221;; 3 alarme panic\u0103 activabile de la tastatur\u0103; lumin\u0103 de fundal ajustabil\u0103; se conecteaz\u0103 la magistrala de comunica\u0163ie pe<span class=\"read-more-faq\"><a href=\"https:\/\/hqstore.ro\/index.php\/product\/centrale-si-tastaturi-tastatura-paradox-led-k32-32-zone-pe-fir-compatibilitate-sp-k32\/\">Read More<\/a><\/span><\/p>\n","protected":false},"featured_media":10892,"comment_status":"open","ping_status":"closed","template":"","meta":[],"product_cat":[370],"product_tag":[],"_links":{"self":[{"href":"https:\/\/hqstore.ro\/index.php\/wp-json\/wp\/v2\/product\/10891"}],"collection":[{"href":"https:\/\/hqstore.ro\/index.php\/wp-json\/wp\/v2\/product"}],"about":[{"href":"https:\/\/hqstore.ro\/index.php\/wp-json\/wp\/v2\/types\/product"}],"replies":[{"embeddable":true,"href":"https:\/\/hqstore.ro\/index.php\/wp-json\/wp\/v2\/comments?post=10891"}],"wp:featuredmedia":[{"embeddable":true,"href":"https:\/\/hqstore.ro\/index.php\/wp-json\/wp\/v2\/media\/10892"}],"wp:attachment":[{"href":"https:\/\/hqstore.ro\/index.php\/wp-json\/wp\/v2\/media?parent=10891"}],"wp:term":[{"taxonomy":"product_cat","embeddable":true,"href":"https:\/\/hqstore.ro\/index.php\/wp-json\/wp\/v2\/product_cat?post=10891"},{"taxonomy":"product_tag","embeddable":true,"href":"https:\/\/hqstore.ro\/index.php\/wp-json\/wp\/v2\/product_tag?post=10891"}],"curies":[{"name":"wp","href":"https:\/\/api.w.org\/{rel}","templated":true}]}}