{"id":10889,"date":"2020-05-17T08:38:25","date_gmt":"2020-05-17T05:38:25","guid":{"rendered":"https:\/\/hqstore.ro\/index.php\/product\/centrale-si-tastaturi-tastatura-paradox-k37-lcd-cu-pictograme-icoane-radio-compatibilitate-sp-k37\/"},"modified":"2023-01-31T01:43:41","modified_gmt":"2023-01-30T22:43:41","slug":"centrale-si-tastaturi-tastatura-paradox-k37-lcd-cu-pictograme-icoane-radio-compatibilitate-sp-k37","status":"publish","type":"product","link":"https:\/\/hqstore.ro\/index.php\/product\/centrale-si-tastaturi-tastatura-paradox-k37-lcd-cu-pictograme-icoane-radio-compatibilitate-sp-k37\/","title":{"rendered":"Tastatur\u0103 Paradox K37 LCD cu pictograme( icoane)- radio; compatibilitate: SP"},"content":{"rendered":"<p>Tastatur\u0103 Paradox K37 LCD cu pictograme( icoane)- radio; compatibilitate: SP &#8211; necesita RTX3, MG Stay D; emi\u0163\u0103tor-receptor \u00eencorporat (433Mhz); afi\u015feaz\u0103 starea a 32 zone \u015fi 2 parti\u0163ii; posibilitate upgrade via 307USB si BabyWare; zon\u0103 radio de actiune in spatiu rezidential: 40m; 8 butoane de ac\u0163iune tip one-touch; 3 alarme de panic\u0103 activabile de la tastatur\u0103; lumin\u0103 de fundal ajustabil\u0103; adaptorul PA6 nu este necesar dar poate fi folosit ca sursa alternativa de alimentare<\/p>\n","protected":false},"excerpt":{"rendered":"<p>Tastatur\u0103 Paradox K37 LCD cu pictograme( icoane)- radio; compatibilitate: SP &#8211; necesita RTX3, MG Stay D; emi\u0163\u0103tor-receptor \u00eencorporat (433Mhz); afi\u015feaz\u0103 starea a 32 zone \u015fi 2 parti\u0163ii; posibilitate upgrade via 307USB si BabyWare; zon\u0103 radio de actiune in spatiu rezidential: 40m; 8 butoane de ac\u0163iune tip one-touch; 3 alarme de panic\u0103 activabile de la tastatur\u0103;<span class=\"read-more-faq\"><a href=\"https:\/\/hqstore.ro\/index.php\/product\/centrale-si-tastaturi-tastatura-paradox-k37-lcd-cu-pictograme-icoane-radio-compatibilitate-sp-k37\/\">Read More<\/a><\/span><\/p>\n","protected":false},"featured_media":10890,"comment_status":"open","ping_status":"closed","template":"","meta":[],"product_cat":[370],"product_tag":[],"_links":{"self":[{"href":"https:\/\/hqstore.ro\/index.php\/wp-json\/wp\/v2\/product\/10889"}],"collection":[{"href":"https:\/\/hqstore.ro\/index.php\/wp-json\/wp\/v2\/product"}],"about":[{"href":"https:\/\/hqstore.ro\/index.php\/wp-json\/wp\/v2\/types\/product"}],"replies":[{"embeddable":true,"href":"https:\/\/hqstore.ro\/index.php\/wp-json\/wp\/v2\/comments?post=10889"}],"wp:featuredmedia":[{"embeddable":true,"href":"https:\/\/hqstore.ro\/index.php\/wp-json\/wp\/v2\/media\/10890"}],"wp:attachment":[{"href":"https:\/\/hqstore.ro\/index.php\/wp-json\/wp\/v2\/media?parent=10889"}],"wp:term":[{"taxonomy":"product_cat","embeddable":true,"href":"https:\/\/hqstore.ro\/index.php\/wp-json\/wp\/v2\/product_cat?post=10889"},{"taxonomy":"product_tag","embeddable":true,"href":"https:\/\/hqstore.ro\/index.php\/wp-json\/wp\/v2\/product_tag?post=10889"}],"curies":[{"name":"wp","href":"https:\/\/api.w.org\/{rel}","templated":true}]}}