{"id":10861,"date":"2020-05-17T08:37:44","date_gmt":"2020-05-17T05:37:44","guid":{"rendered":"https:\/\/hqstore.ro\/index.php\/product\/centrale-si-tastaturi-centrala-paradox-sp6000-8-intrari-de-zona-sau-16-cu-sp6000cutiek10\/"},"modified":"2023-05-23T22:58:36","modified_gmt":"2023-05-23T19:58:36","slug":"centrale-si-tastaturi-centrala-paradox-sp6000-8-intrari-de-zona-sau-16-cu-sp6000cutiek10","status":"publish","type":"product","link":"https:\/\/hqstore.ro\/index.php\/product\/centrale-si-tastaturi-centrala-paradox-sp6000-8-intrari-de-zona-sau-16-cu-sp6000cutiek10\/","title":{"rendered":"Centrala Paradox SP6000; 8 intr\u0103ri de zon\u0103 sau 16 cu"},"content":{"rendered":"<p>Centrala Paradox SP6000; 8 intr\u0103ri de zon\u0103 sau 16 cu ATZ, extensibila la 32 zone; extensibil\u0103 la 16 ie\u015firi PGM \u2013&gt; (2 pe plac\u0103); trigger PGM +\/; intrare pentru detectori de fum, pe 2 fire; surs\u0103 alimentare \u00een comuta\u0163ie: 1.5A; consum iesire Aux:  Nominal  600mA &#8211; Maxim 700mA (protectie electronica); Include tastatura K10-1buc si cutie cu traf &#8211; 1buc<\/p>\n","protected":false},"excerpt":{"rendered":"<p>Centrala Paradox SP6000; 8 intr\u0103ri de zon\u0103 sau 16 cu ATZ, extensibila la 32 zone; extensibil\u0103 la 16 ie\u015firi PGM \u2013&gt; (2 pe plac\u0103); trigger PGM +\/; intrare pentru detectori de fum, pe 2 fire; surs\u0103 alimentare \u00een comuta\u0163ie: 1.5A; consum iesire Aux: Nominal 600mA &#8211; Maxim 700mA (protectie electronica); Include tastatura K10-1buc si cutie<span class=\"read-more-faq\"><a href=\"https:\/\/hqstore.ro\/index.php\/product\/centrale-si-tastaturi-centrala-paradox-sp6000-8-intrari-de-zona-sau-16-cu-sp6000cutiek10\/\">Read More<\/a><\/span><\/p>\n","protected":false},"featured_media":10862,"comment_status":"open","ping_status":"closed","template":"","meta":[],"product_cat":[370],"product_tag":[],"_links":{"self":[{"href":"https:\/\/hqstore.ro\/index.php\/wp-json\/wp\/v2\/product\/10861"}],"collection":[{"href":"https:\/\/hqstore.ro\/index.php\/wp-json\/wp\/v2\/product"}],"about":[{"href":"https:\/\/hqstore.ro\/index.php\/wp-json\/wp\/v2\/types\/product"}],"replies":[{"embeddable":true,"href":"https:\/\/hqstore.ro\/index.php\/wp-json\/wp\/v2\/comments?post=10861"}],"wp:featuredmedia":[{"embeddable":true,"href":"https:\/\/hqstore.ro\/index.php\/wp-json\/wp\/v2\/media\/10862"}],"wp:attachment":[{"href":"https:\/\/hqstore.ro\/index.php\/wp-json\/wp\/v2\/media?parent=10861"}],"wp:term":[{"taxonomy":"product_cat","embeddable":true,"href":"https:\/\/hqstore.ro\/index.php\/wp-json\/wp\/v2\/product_cat?post=10861"},{"taxonomy":"product_tag","embeddable":true,"href":"https:\/\/hqstore.ro\/index.php\/wp-json\/wp\/v2\/product_tag?post=10861"}],"curies":[{"name":"wp","href":"https:\/\/api.w.org\/{rel}","templated":true}]}}