{"id":10833,"date":"2020-05-17T08:37:04","date_gmt":"2020-05-17T05:37:04","guid":{"rendered":"https:\/\/hqstore.ro\/index.php\/product\/centrale-si-tastaturi-centrala-paradox-evohd-8-intrari-de-zona-pe-placa-16-evohdk656cutie\/"},"modified":"2023-05-23T22:58:22","modified_gmt":"2023-05-23T19:58:22","slug":"centrale-si-tastaturi-centrala-paradox-evohd-8-intrari-de-zona-pe-placa-16-evohdk656cutie","status":"publish","type":"product","link":"https:\/\/hqstore.ro\/index.php\/product\/centrale-si-tastaturi-centrala-paradox-evohd-8-intrari-de-zona-pe-placa-16-evohdk656cutie\/","title":{"rendered":"Centrala Paradox EVOHD; 8 intr\u0103ri de zon\u0103 pe plac\u0103 (16"},"content":{"rendered":"<p>Centrala Paradox EVOHD; 8 intr\u0103ri de zon\u0103 pe plac\u0103 (16 cu dublare de zona &#8211; ATZ), extensibila la 192 zone via BUS cu 4 fire; alimentare constant\u0103, supervizare, comunica\u0163ie bidirec\u0163ional\u0103 \u00eentre central\u0103 \u015fi module; administrare a max. 8 x detectoare HD77; 5 PGM-uri (3 relee tip solid state); acumulator pentru backup; intrare 16 Vac; 12Vdc pe plac\u0103 \u015fi pe bus-ul Digiplex; conexiune pentru linia telefonic\u0103 terestr\u0103; port serial: utilizat pentru conectarea 307USB, IP150 sau PCS250\/G; intrare dedicat\u0103 pentru raportare sabotaj; ie\u015fire de siren\u0103 supervizat\u0103 cu capabilit\u0103\u0163i de curent de 1A si oprire automat\u0103 la 3A; sistem alimentare optimizat; consum iesire Aux: Nominal 800mA &#8211; Maxim 2.0A \u2013 Oprire Automata la 2.5A (protectie electronica); op\u0163ional \u2013 apelator telefonic vocal VDMP3; (Obs: pentru administrarea a 8 xHD77 este necesara sursa suplimentara PS817); Include tastatura K656 &#8211; 1buc si cutie cu traf &#8211; 1buc<\/p>\n","protected":false},"excerpt":{"rendered":"<p>Centrala Paradox EVOHD; 8 intr\u0103ri de zon\u0103 pe plac\u0103 (16 cu dublare de zona &#8211; ATZ), extensibila la 192 zone via BUS cu 4 fire; alimentare constant\u0103, supervizare, comunica\u0163ie bidirec\u0163ional\u0103 \u00eentre central\u0103 \u015fi module; administrare a max. 8 x detectoare HD77; 5 PGM-uri (3 relee tip solid state); acumulator pentru backup; intrare 16 Vac; 12Vdc<span class=\"read-more-faq\"><a href=\"https:\/\/hqstore.ro\/index.php\/product\/centrale-si-tastaturi-centrala-paradox-evohd-8-intrari-de-zona-pe-placa-16-evohdk656cutie\/\">Read More<\/a><\/span><\/p>\n","protected":false},"featured_media":10834,"comment_status":"open","ping_status":"closed","template":"","meta":[],"product_cat":[370],"product_tag":[],"_links":{"self":[{"href":"https:\/\/hqstore.ro\/index.php\/wp-json\/wp\/v2\/product\/10833"}],"collection":[{"href":"https:\/\/hqstore.ro\/index.php\/wp-json\/wp\/v2\/product"}],"about":[{"href":"https:\/\/hqstore.ro\/index.php\/wp-json\/wp\/v2\/types\/product"}],"replies":[{"embeddable":true,"href":"https:\/\/hqstore.ro\/index.php\/wp-json\/wp\/v2\/comments?post=10833"}],"wp:featuredmedia":[{"embeddable":true,"href":"https:\/\/hqstore.ro\/index.php\/wp-json\/wp\/v2\/media\/10834"}],"wp:attachment":[{"href":"https:\/\/hqstore.ro\/index.php\/wp-json\/wp\/v2\/media?parent=10833"}],"wp:term":[{"taxonomy":"product_cat","embeddable":true,"href":"https:\/\/hqstore.ro\/index.php\/wp-json\/wp\/v2\/product_cat?post=10833"},{"taxonomy":"product_tag","embeddable":true,"href":"https:\/\/hqstore.ro\/index.php\/wp-json\/wp\/v2\/product_tag?post=10833"}],"curies":[{"name":"wp","href":"https:\/\/api.w.org\/{rel}","templated":true}]}}